{"id":14351,"date":"2022-02-17T10:48:11","date_gmt":"2022-02-17T10:48:11","guid":{"rendered":"https:\/\/www.talogy.com\/?page_id=14351"},"modified":"2025-12-08T16:26:37","modified_gmt":"2025-12-08T16:26:37","slug":"evenemang","status":"publish","type":"page","link":"https:\/\/talogy.com\/sv\/om-talogy\/evenemang\/","title":{"rendered":"Evenemang"},"content":{"rendered":"\n<section class=\"wp-block-group alignfull hero-variation-four has-background has-global-padding is-layout-constrained wp-container-core-group-is-layout-b8cc06b1 wp-block-group-is-layout-constrained\" style=\"background:linear-gradient(135deg,rgb(255,255,255) 0%,rgb(186,249,244) 13%,rgb(232,195,255) 59%);padding-top:var(--wp--preset--spacing--50);padding-right:var(--wp--preset--spacing--20);padding-bottom:var(--wp--preset--spacing--50);padding-left:var(--wp--preset--spacing--20)\">\n<div class=\"wp-block-columns are-vertically-aligned-top is-layout-flex wp-container-core-columns-is-layout-28f84493 wp-block-columns-is-layout-flex\">\n<div class=\"wp-block-column is-vertically-aligned-top is-layout-flow wp-block-column-is-layout-flow\">\n<div class=\"wp-block-group has-global-padding is-layout-constrained wp-container-core-group-is-layout-6a165bb8 wp-block-group-is-layout-constrained\" style=\"margin-top:0;margin-bottom:0;padding-top:0;padding-right:0;padding-bottom:0;padding-left:0\"><div class=\"yoast-breadcrumbs\"><span><span><a href=\"https:\/\/talogy.com\/sv\/\">Hemsida<\/a><\/span> \/ <span><a href=\"https:\/\/talogy.com\/sv\/om-talogy\/\">V\u00e5r historia<\/a><\/span> \/ <span class=\"breadcrumb_last\" aria-current=\"page\"><strong>Talogys utbildningar och evenemang inom talent management och rekrytering<\/strong><\/span><\/span><\/div>\n\n\n<h1 class=\"wp-block-heading has-secondary-900-color has-text-color has-link-color has-xxxl-font-size wp-elements-7d892ea6d745d1740765709991322baf\" style=\"font-style:normal;font-weight:800\">Talogys utbildningar och evenemang inom talent management och rekrytering<\/h1>\n\n\n\n<p class=\"has-secondary-900-color has-text-color has-link-color has-s-font-size wp-elements-a617eb70afbacb89f0a8a6fd8fad5e17\" style=\"line-height:1.5\">Utforska nya omr\u00e5den inom talent management, bredda dina kunskaper, stimulera nyt\u00e4nkande och f\u00e5 st\u00f6rre genomslag i din organisation. Uppt\u00e4ck evenemang och utbildningar inom talent management fr\u00e5n Talogy.<\/p>\n\n\n\n<div class=\"wp-block-buttons is-layout-flex wp-block-buttons-is-layout-flex\">\n<div class=\"wp-block-button\"><a class=\"wp-block-button__link wp-element-button\" href=\"#form\">F\u00e5 r\u00e5dgivning av v\u00e5ra specialistkonsulter<\/a><\/div>\n<\/div>\n\n\n\n<div class=\"wp-block-group novashare-pattern has-global-padding is-layout-constrained wp-block-group-is-layout-constrained\"><style>.ns-block-d9a7149c-3e51-4587-b693-fa9e0858fe1f .ns-button{--ns-btn-color:#A335FF}.ns-block-d9a7149c-3e51-4587-b693-fa9e0858fe1f .ns-button:hover{--ns-btn-color:#fff}body .ns-block-d9a7149c-3e51-4587-b693-fa9e0858fe1f a.ns-button:hover .ns-button-wrapper>span{box-shadow:none !important;filter:brightness(1) !important}.ns-block-d9a7149c-3e51-4587-b693-fa9e0858fe1f .ns-button-icon *,.ns-block-d9a7149c-3e51-4587-b693-fa9e0858fe1f .ns-button-label span{color:#fff}.ns-block-d9a7149c-3e51-4587-b693-fa9e0858fe1f .ns-button:hover .ns-button-icon *,.ns-block-d9a7149c-3e51-4587-b693-fa9e0858fe1f .ns-button:hover .ns-button-label span{color:#A335FF}<\/style><div class='ns-buttons ns-block-d9a7149c-3e51-4587-b693-fa9e0858fe1f ns-no-print'><div class='ns-buttons-wrapper'><a href='' aria-label='Share on LinkedIn' target='_blank' class='ns-button linkedin' rel='nofollow'><span class='ns-button-wrapper ns-button-block'><span class='ns-button-icon ns-button-block'><svg xmlns=\"http:\/\/www.w3.org\/2000\/svg\" viewBox=\"-32 0 512 512\"><path fill=\"currentColor\" d=\"M100.28 448H7.4V148.9h92.88zM53.79 108.1C24.09 108.1 0 83.5 0 53.8a53.79 53.79 0 0 1 107.58 0c0 29.7-24.1 54.3-53.79 54.3M447.9 448h-92.68V302.4c0-34.7-.7-79.2-48.29-79.2-48.29 0-55.69 37.7-55.69 76.7V448h-92.78V148.9h89.08v40.8h1.3c12.4-23.5 42.69-48.3 87.88-48.3 94 0 111.28 61.9 111.28 142.3V448z\"\/><\/svg><\/span><span class='ns-button-label ns-button-block ns-hide'><span class='ns-button-label-wrapper'>LinkedIn<\/span><\/span><\/span><\/a><a href='' aria-label='Share on X' target='_blank' class='ns-button twitter' rel='nofollow'><span class='ns-button-wrapper ns-button-block'><span class='ns-button-icon ns-button-block'><svg xmlns=\"http:\/\/www.w3.org\/2000\/svg\" viewBox=\"0 0 512 512\"><path fill=\"currentColor\" d=\"M389.2 48h70.6L305.6 224.2 487 464H345L233.7 318.6 106.5 464H35.8l164.9-188.5L26.8 48h145.6l100.5 132.9zm-24.8 373.8h39.1L151.1 88h-42z\"\/><\/svg><\/span><span class='ns-button-label ns-button-block ns-hide'><span class='ns-button-label-wrapper'>X<\/span><\/span><\/span><\/a><a href='' aria-label='Share on Facebook' target='_blank' class='ns-button facebook' rel='nofollow'><span class='ns-button-wrapper ns-button-block'><span class='ns-button-icon ns-button-block'><svg xmlns=\"http:\/\/www.w3.org\/2000\/svg\" viewBox=\"-96 0 512 512\"><path fill=\"currentColor\" d=\"m279.14 288 14.22-92.66h-88.91v-60.13c0-25.35 12.42-50.06 52.24-50.06h40.42V6.26S260.43 0 225.36 0c-73.22 0-121.08 44.38-121.08 124.72v70.62H22.89V288h81.39v224h100.17V288z\"\/><\/svg><\/span><span class='ns-button-label ns-button-block ns-hide'><span class='ns-button-label-wrapper'>Facebook<\/span><\/span><\/span><\/a><a href='' aria-label='Share on WhatsApp' target='_blank' class='ns-button whatsapp' rel='nofollow'><span class='ns-button-wrapper ns-button-block'><span class='ns-button-icon ns-button-block'><svg xmlns=\"http:\/\/www.w3.org\/2000\/svg\" viewBox=\"-32 0 512 512\"><path fill=\"currentColor\" d=\"M380.9 97.1C339 55.1 283.2 32 223.9 32c-122.4 0-222 99.6-222 222 0 39.1 10.2 77.3 29.6 111L0 480l117.7-30.9c32.4 17.7 68.9 27 106.1 27h.1c122.3 0 224.1-99.6 224.1-222 0-59.3-25.2-115-67.1-157m-157 341.6c-33.2 0-65.7-8.9-94-25.7l-6.7-4-69.8 18.3L72 359.2l-4.4-7c-18.5-29.4-28.2-63.3-28.2-98.2 0-101.7 82.8-184.5 184.6-184.5 49.3 0 95.6 19.2 130.4 54.1s56.2 81.2 56.1 130.5c0 101.8-84.9 184.6-186.6 184.6m101.2-138.2c-5.5-2.8-32.8-16.2-37.9-18-5.1-1.9-8.8-2.8-12.5 2.8s-14.3 18-17.6 21.8c-3.2 3.7-6.5 4.2-12 1.4-32.6-16.3-54-29.1-75.5-66-5.7-9.8 5.7-9.1 16.3-30.3 1.8-3.7.9-6.9-.5-9.7s-12.5-30.1-17.1-41.2c-4.5-10.8-9.1-9.3-12.5-9.5-3.2-.2-6.9-.2-10.6-.2s-9.7 1.4-14.8 6.9c-5.1 5.6-19.4 19-19.4 46.3s19.9 53.7 22.6 57.4c2.8 3.7 39.1 59.7 94.8 83.8 35.2 15.2 49 16.5 66.6 13.9 10.7-1.6 32.8-13.4 37.4-26.4s4.6-24.1 3.2-26.4c-1.3-2.5-5-3.9-10.5-6.6\"\/><\/svg><\/span><span class='ns-button-label ns-button-block ns-hide'><span class='ns-button-label-wrapper'>WhatsApp<\/span><\/span><\/span><\/a><a href='' aria-label='Share via Email' target='_self' class='ns-button email' rel='nofollow'><span class='ns-button-wrapper ns-button-block'><span class='ns-button-icon ns-button-block'><svg xmlns=\"http:\/\/www.w3.org\/2000\/svg\" viewBox=\"0 0 512 512\"><path fill=\"currentColor\" d=\"M502.3 190.8c3.9-3.1 9.7-.2 9.7 4.7V400c0 26.5-21.5 48-48 48H48c-26.5 0-48-21.5-48-48V195.6c0-5 5.7-7.8 9.7-4.7 22.4 17.4 52.1 39.5 154.1 113.6 21.1 15.4 56.7 47.8 92.2 47.6 35.7.3 72-32.8 92.3-47.6 102-74.1 131.6-96.3 154-113.7M256 320c23.2.4 56.6-29.2 73.4-41.4 132.7-96.3 142.8-104.7 173.4-128.7 5.8-4.5 9.2-11.5 9.2-18.9v-19c0-26.5-21.5-48-48-48H48C21.5 64 0 85.5 0 112v19c0 7.4 3.4 14.3 9.2 18.9 30.6 23.9 40.7 32.4 173.4 128.7 16.8 12.2 50.2 41.8 73.4 41.4\"\/><\/svg><\/span><span class='ns-button-label ns-button-block ns-hide'><span class='ns-button-label-wrapper'>Email<\/span><\/span><\/span><\/a><a href='' aria-label='Share on more networks' target='_blank' class='ns-button share' rel='nofollow' onClick='event.preventDefault();'><span class='ns-button-wrapper ns-button-block'><span class='ns-button-icon ns-button-block'><svg xmlns=\"http:\/\/www.w3.org\/2000\/svg\" viewBox=\"-32 0 512 512\"><path fill=\"currentColor\" d=\"M352 320c-22.608 0-43.387 7.819-59.79 20.895l-102.486-64.054a96.55 96.55 0 0 0 0-41.683l102.486-64.054C308.613 184.181 329.392 192 352 192c53.019 0 96-42.981 96-96S405.019 0 352 0s-96 42.981-96 96c0 7.158.79 14.13 2.276 20.841L155.79 180.895C139.387 167.819 118.608 160 96 160c-53.019 0-96 42.981-96 96s42.981 96 96 96c22.608 0 43.387-7.819 59.79-20.895l102.486 64.054A96.3 96.3 0 0 0 256 416c0 53.019 42.981 96 96 96s96-42.981 96-96-42.981-96-96-96\"\/><\/svg><\/span><span class='ns-button-label ns-button-block ns-hide'><span class='ns-button-label-wrapper'>Share<\/span><\/span><\/span><\/a><\/div><\/div><\/div>\n<\/div>\n<\/div>\n\n\n\n<div class=\"wp-block-column is-vertically-aligned-top is-layout-flow wp-block-column-is-layout-flow\">\n<figure class=\"wp-block-image aligncenter size-full has-custom-border\"><img decoding=\"async\" width=\"770\" height=\"578\" src=\"https:\/\/talogy.com\/wp-content\/uploads\/2025\/04\/iStock-984008166_770x578_purple.jpg\" alt=\"\" class=\"wp-image-108905\" style=\"border-radius:10px;box-shadow:var(--wp--preset--shadow--elevation-300)\" srcset=\"https:\/\/talogy.com\/wp-content\/uploads\/2025\/04\/iStock-984008166_770x578_purple.jpg 770w, https:\/\/talogy.com\/wp-content\/uploads\/2025\/04\/iStock-984008166_770x578_purple-300x225.jpg 300w, https:\/\/talogy.com\/wp-content\/uploads\/2025\/04\/iStock-984008166_770x578_purple-768x576.jpg 768w\" sizes=\"(max-width: 770px) 100vw, 770px\" \/><\/figure>\n<\/div>\n<\/div>\n<\/section>\n\n\n\n<div class=\"wp-block-group alignfull events-wrapper has-black-background-color has-background has-global-padding is-layout-constrained wp-container-core-group-is-layout-af5d891d wp-block-group-is-layout-constrained\" style=\"padding-top:var(--wp--preset--spacing--70);padding-right:var(--wp--preset--spacing--20);padding-bottom:var(--wp--preset--spacing--70);padding-left:var(--wp--preset--spacing--20)\"><div class=\"wp-block-template-part\">\n<div class=\"wp-block-group facets-container has-global-padding is-layout-constrained wp-block-group-is-layout-constrained\">\n\t<div class=\"wp-block-buttons is-content-justification-right is-layout-flex wp-container-core-buttons-is-layout-d445cf74 wp-block-buttons-is-layout-flex\">\n\t\t<div class=\"wp-block-button\" style=\"font-style:normal;font-weight:700\"><a class=\"wp-block-button__link wp-element-button\">Filters<\/a><\/div>\n\t\t\n\t<\/div>\n\t\n\n\t\n\t<div class=\"wp-block-group facets-row is-content-justification-space-between is-layout-flex wp-container-core-group-is-layout-4152fef3 wp-block-group-is-layout-flex\">\n<div class=\"wp-block-group has-global-padding is-layout-constrained wp-container-core-group-is-layout-19e250f3 wp-block-group-is-layout-constrained\">\n<p class=\"has-secondary-300-color has-text-color has-link-color has-xxs-font-size wp-elements-6c57a3cd8e173cf111a47ae626d75bb4\" style=\"margin-bottom:0.5rem\">Nyckelord<\/p>\n\n\n<div class=\"facetwp-facet facetwp-facet-events_search facetwp-type-search\" data-name=\"events_search\" data-type=\"search\"><\/div>\n<\/div>\n\n\n\t\t<div class=\"facetwp-facet facetwp-facet-events_language facetwp-type-fselect\" data-name=\"events_language\" data-type=\"fselect\"><\/div>\n\n\n\t\t<div class=\"facetwp-facet facetwp-facet-events_type facetwp-type-fselect\" data-name=\"events_type\" data-type=\"fselect\"><\/div>\n\n\t<\/div>\n\t\n<\/div>\n\n\n<\/div>\n\n\n<div class=\"wp-block-query alignwide events-cards is-layout-flow wp-block-query-is-layout-flow\"><ul class=\"events-wrapper facetwp-template wp-block-post-template is-layout-flow wp-container-core-post-template-is-layout-a062ab24 wp-block-post-template-is-layout-flow\"><li class=\"facetwp-no-results\">\n\n<p><\/p>\n\n<\/li><\/ul>\n\n<div class=\"facetwp-facet facetwp-facet-pagination facetwp-type-pager\" data-name=\"pagination\" data-type=\"pager\"><\/div>\n\n\n<\/div>\n<\/div>\n\n\n\n<div class=\"wp-block-group alignwide has-black-background-color has-background has-global-padding is-layout-constrained wp-block-group-is-layout-constrained\" style=\"margin-top:var(--wp--preset--spacing--40);margin-bottom:var(--wp--preset--spacing--40);padding-top:0;padding-bottom:0\">\n<div class=\"wp-block-columns alignwide is-layout-flex wp-container-core-columns-is-layout-85518bf0 wp-block-columns-is-layout-flex\" style=\"margin-top:0;margin-bottom:0;padding-top:var(--wp--preset--spacing--60);padding-bottom:var(--wp--preset--spacing--60)\">\n<div class=\"wp-block-column is-layout-flow wp-block-column-is-layout-flow\">\n<h2 class=\"wp-block-heading has-primary-500-color has-text-color has-link-color has-xxl-font-size wp-elements-8ebe6b44d10455ee764dc00c9a0a9872\" id=\"form\">Uppt\u00e4ck kraften i TalogyTech<\/h2>\n\n\n\n<p>F\u00e5 b\u00e4ttre insikter om talang \u2013 snabbt. Med stor kandidaterfarenhet, \u00f6verl\u00e4gsen integrering, och bepr\u00f6vad s\u00e4kerhet.<\/p>\n<\/div>\n\n\n\n<div class=\"wp-block-column is-vertically-aligned-top has-border-color has-white-background-color has-background is-layout-flow wp-block-column-is-layout-flow\" style=\"border-color:#A335FF;border-width:2px;border-radius:15px;padding-top:var(--wp--preset--spacing--10);padding-right:var(--wp--preset--spacing--10);padding-bottom:var(--wp--preset--spacing--10);padding-left:var(--wp--preset--spacing--10)\">\n<div class=\"wp-block-group has-white-background-color has-background has-global-padding is-layout-constrained wp-container-core-group-is-layout-b807a22d wp-block-group-is-layout-constrained\" style=\"margin-top:0;margin-bottom:0;padding-top:var(--wp--preset--spacing--40);padding-right:var(--wp--preset--spacing--40);padding-bottom:var(--wp--preset--spacing--40);padding-left:var(--wp--preset--spacing--40)\">\n<script data-ot-ignore type=\"text\/javascript\" src=\"https:\/\/js-eu1.hsforms.net\/forms\/v2.js\"><\/script>\n\n<script data-ot-ignore>\n(function() {\n    function createHubSpotForm() {\n        if (window.hbspt && window.hbspt.forms) {\n            hbspt.forms.create({\n                region: \"eu1\",\n                portalId: \"24974645\",\n                formId: \"811dcb14-c88d-4d83-9574-67c7df9f281b\"\n            });\n        } else {\n            setTimeout(createHubSpotForm, 100);\n        }\n    }\n    createHubSpotForm();\n})();\n<\/script>\n<\/div>\n<\/div>\n<\/div>\n<\/div>\n","protected":false},"excerpt":{"rendered":"<p>Talogys utbildningar och evenemang inom talent management och rekrytering Utforska nya omr\u00e5den inom talent management, bredda dina kunskaper, stimulera nyt\u00e4nkande och f\u00e5 st\u00f6rre genomslag i din organisation. Uppt\u00e4ck evenemang och utbildningar inom talent management fr\u00e5n Talogy. Uppt\u00e4ck kraften i TalogyTech F\u00e5 b\u00e4ttre insikter om talang \u2013 snabbt. Med stor kandidaterfarenhet, \u00f6verl\u00e4gsen integrering, och bepr\u00f6vad s\u00e4kerhet.<\/p>\n","protected":false},"author":9,"featured_media":0,"parent":22713,"menu_order":0,"comment_status":"closed","ping_status":"closed","template":"general-template","meta":{"footnotes":""},"class_list":["post-14351","page","type-page","status-publish","hentry"],"yoast_head":"<!-- This site is optimized with the Yoast SEO plugin v27.2 - https:\/\/yoast.com\/product\/yoast-seo-wordpress\/ -->\n<title>Talogys utbildningar och evenemang inom talent management och rekrytering<\/title>\n<meta name=\"description\" content=\"Kolla in v\u00e5rt urval av utbildningar f\u00f6r att utforska nya perspektiv p\u00e5 talent management, bredda dina kunskaper, stimulera nyt\u00e4nkande och f\u00e5 st\u00f6rre effekt i er organisation.\" \/>\n<meta name=\"robots\" content=\"index, follow, max-snippet:-1, max-image-preview:large, max-video-preview:-1\" \/>\n<link rel=\"canonical\" href=\"https:\/\/talogy.com\/sv\/om-talogy\/evenemang\/\" \/>\n<meta property=\"og:locale\" content=\"sv_SE\" \/>\n<meta property=\"og:type\" content=\"article\" \/>\n<meta property=\"og:title\" content=\"Talogys utbildningar och evenemang inom talent management och rekrytering\" \/>\n<meta property=\"og:description\" content=\"Kolla in v\u00e5rt urval av utbildningar f\u00f6r att utforska nya perspektiv p\u00e5 talent management, bredda dina kunskaper, stimulera nyt\u00e4nkande och f\u00e5 st\u00f6rre effekt i er organisation.\" \/>\n<meta property=\"og:url\" content=\"https:\/\/talogy.com\/sv\/om-talogy\/evenemang\/\" \/>\n<meta property=\"og:site_name\" content=\"Talogy\" \/>\n<meta property=\"article:modified_time\" content=\"2025-12-08T16:26:37+00:00\" \/>\n<meta property=\"og:image\" content=\"https:\/\/talogy.com\/wp-content\/uploads\/2025\/04\/iStock-984008166_770x578_purple.jpg\" \/>\n<meta name=\"twitter:card\" content=\"summary_large_image\" \/>\n<!-- \/ Yoast SEO plugin. -->","yoast_head_json":{"title":"Talogys utbildningar och evenemang inom talent management och rekrytering","description":"Kolla in v\u00e5rt urval av utbildningar f\u00f6r att utforska nya perspektiv p\u00e5 talent management, bredda dina kunskaper, stimulera nyt\u00e4nkande och f\u00e5 st\u00f6rre effekt i er organisation.","robots":{"index":"index","follow":"follow","max-snippet":"max-snippet:-1","max-image-preview":"max-image-preview:large","max-video-preview":"max-video-preview:-1"},"canonical":"https:\/\/talogy.com\/sv\/om-talogy\/evenemang\/","og_locale":"sv_SE","og_type":"article","og_title":"Talogys utbildningar och evenemang inom talent management och rekrytering","og_description":"Kolla in v\u00e5rt urval av utbildningar f\u00f6r att utforska nya perspektiv p\u00e5 talent management, bredda dina kunskaper, stimulera nyt\u00e4nkande och f\u00e5 st\u00f6rre effekt i er organisation.","og_url":"https:\/\/talogy.com\/sv\/om-talogy\/evenemang\/","og_site_name":"Talogy","article_modified_time":"2025-12-08T16:26:37+00:00","og_image":[{"url":"https:\/\/talogy.com\/wp-content\/uploads\/2025\/04\/iStock-984008166_770x578_purple.jpg","type":"","width":"","height":""}],"twitter_card":"summary_large_image","schema":{"@context":"https:\/\/schema.org","@graph":[{"@type":"WebPage","@id":"https:\/\/talogy.com\/sv\/om-talogy\/evenemang\/","url":"https:\/\/talogy.com\/sv\/om-talogy\/evenemang\/","name":"Talogys utbildningar och evenemang inom talent management och rekrytering","isPartOf":{"@id":"https:\/\/talogy.com\/sv\/#website"},"primaryImageOfPage":{"@id":"https:\/\/talogy.com\/sv\/om-talogy\/evenemang\/#primaryimage"},"image":{"@id":"https:\/\/talogy.com\/sv\/om-talogy\/evenemang\/#primaryimage"},"thumbnailUrl":"https:\/\/talogy.com\/wp-content\/uploads\/2025\/04\/iStock-984008166_770x578_purple.jpg","datePublished":"2022-02-17T10:48:11+00:00","dateModified":"2025-12-08T16:26:37+00:00","description":"Kolla in v\u00e5rt urval av utbildningar f\u00f6r att utforska nya perspektiv p\u00e5 talent management, bredda dina kunskaper, stimulera nyt\u00e4nkande och f\u00e5 st\u00f6rre effekt i er organisation.","breadcrumb":{"@id":"https:\/\/talogy.com\/sv\/om-talogy\/evenemang\/#breadcrumb"},"inLanguage":"sv-SE","potentialAction":[{"@type":"ReadAction","target":["https:\/\/talogy.com\/sv\/om-talogy\/evenemang\/"]}]},{"@type":"ImageObject","inLanguage":"sv-SE","@id":"https:\/\/talogy.com\/sv\/om-talogy\/evenemang\/#primaryimage","url":"https:\/\/talogy.com\/wp-content\/uploads\/2025\/04\/iStock-984008166_770x578_purple.jpg","contentUrl":"https:\/\/talogy.com\/wp-content\/uploads\/2025\/04\/iStock-984008166_770x578_purple.jpg"},{"@type":"BreadcrumbList","@id":"https:\/\/talogy.com\/sv\/om-talogy\/evenemang\/#breadcrumb","itemListElement":[{"@type":"ListItem","position":1,"name":"Hemsida","item":"https:\/\/talogy.com\/sv\/"},{"@type":"ListItem","position":2,"name":"V\u00e5r historia","item":"https:\/\/talogy.com\/sv\/om-talogy\/"},{"@type":"ListItem","position":3,"name":"Talogys utbildningar och evenemang inom talent management och rekrytering"}]},{"@type":"WebSite","@id":"https:\/\/talogy.com\/sv\/#website","url":"https:\/\/talogy.com\/sv\/","name":"Talogy","description":"Talogy Website","publisher":{"@id":"https:\/\/talogy.com\/sv\/#organization"},"potentialAction":[{"@type":"SearchAction","target":{"@type":"EntryPoint","urlTemplate":"https:\/\/talogy.com\/sv\/?s={search_term_string}"},"query-input":{"@type":"PropertyValueSpecification","valueRequired":true,"valueName":"search_term_string"}}],"inLanguage":"sv-SE"},{"@type":"Organization","@id":"https:\/\/talogy.com\/sv\/#organization","name":"Talogy","url":"https:\/\/talogy.com\/sv\/","logo":{"@type":"ImageObject","inLanguage":"sv-SE","@id":"https:\/\/talogy.com\/sv\/#\/schema\/logo\/image\/","url":"https:\/\/talogy.com\/wp-content\/uploads\/2022\/02\/logo-welcome.png","contentUrl":"https:\/\/talogy.com\/wp-content\/uploads\/2022\/02\/logo-welcome.png","width":336,"height":103,"caption":"Talogy"},"image":{"@id":"https:\/\/talogy.com\/sv\/#\/schema\/logo\/image\/"},"sameAs":["https:\/\/www.linkedin.com\/company\/talogy\/"]}]}},"_links":{"self":[{"href":"https:\/\/talogy.com\/sv\/wp-json\/wp\/v2\/pages\/14351","targetHints":{"allow":["GET"]}}],"collection":[{"href":"https:\/\/talogy.com\/sv\/wp-json\/wp\/v2\/pages"}],"about":[{"href":"https:\/\/talogy.com\/sv\/wp-json\/wp\/v2\/types\/page"}],"author":[{"embeddable":true,"href":"https:\/\/talogy.com\/sv\/wp-json\/wp\/v2\/users\/9"}],"replies":[{"embeddable":true,"href":"https:\/\/talogy.com\/sv\/wp-json\/wp\/v2\/comments?post=14351"}],"version-history":[{"count":4,"href":"https:\/\/talogy.com\/sv\/wp-json\/wp\/v2\/pages\/14351\/revisions"}],"predecessor-version":[{"id":138451,"href":"https:\/\/talogy.com\/sv\/wp-json\/wp\/v2\/pages\/14351\/revisions\/138451"}],"up":[{"embeddable":true,"href":"https:\/\/talogy.com\/sv\/wp-json\/wp\/v2\/pages\/22713"}],"wp:attachment":[{"href":"https:\/\/talogy.com\/sv\/wp-json\/wp\/v2\/media?parent=14351"}],"curies":[{"name":"wp","href":"https:\/\/api.w.org\/{rel}","templated":true}]}}