{"id":14196,"date":"2022-02-15T13:10:22","date_gmt":"2022-02-15T13:10:22","guid":{"rendered":"https:\/\/www.talogy.com\/?page_id=14196"},"modified":"2025-10-29T19:22:44","modified_gmt":"2025-10-29T19:22:44","slug":"branschspecialiseringar","status":"publish","type":"page","link":"https:\/\/talogy.com\/sv\/losningar\/branschspecialiseringar\/","title":{"rendered":"Branschspecialiseringar"},"content":{"rendered":"\n<section class=\"wp-block-group alignfull hero-variation-four has-background has-global-padding is-layout-constrained wp-container-core-group-is-layout-b8cc06b1 wp-block-group-is-layout-constrained\" style=\"background:linear-gradient(135deg,rgb(255,255,255) 0%,rgb(245,235,255) 30%,rgb(232,195,255) 100%);padding-top:var(--wp--preset--spacing--50);padding-right:var(--wp--preset--spacing--20);padding-bottom:var(--wp--preset--spacing--50);padding-left:var(--wp--preset--spacing--20)\">\n<div class=\"wp-block-columns are-vertically-aligned-top is-layout-flex wp-container-core-columns-is-layout-28f84493 wp-block-columns-is-layout-flex\">\n<div class=\"wp-block-column is-vertically-aligned-top is-layout-flow wp-block-column-is-layout-flow\">\n<div class=\"wp-block-group has-global-padding is-layout-constrained wp-container-core-group-is-layout-6a165bb8 wp-block-group-is-layout-constrained\" style=\"margin-top:0;margin-bottom:0;padding-top:0;padding-right:0;padding-bottom:0;padding-left:0\"><div class=\"yoast-breadcrumbs\"><span><span><a href=\"https:\/\/talogy.com\/sv\/\">Hemsida<\/a><\/span> \/ <span><a href=\"https:\/\/talogy.com\/sv\/losningar\/\">Talent Management-l\u00f6sningar<\/a><\/span> \/ <span class=\"breadcrumb_last\" aria-current=\"page\"><strong>Branschexpertis inom talanghantering<\/strong><\/span><\/span><\/div>\n\n\n<h1 class=\"wp-block-heading has-secondary-900-color has-text-color has-link-color has-xxxl-font-size wp-elements-c14dd5efdeb03fe684a47e74acbbc0af\" style=\"font-style:normal;font-weight:800\">Branschexpertis inom talanghantering<\/h1>\n\n\n\n<p class=\"has-secondary-900-color has-text-color has-link-color has-s-font-size wp-elements-4ff8e6d4969080c2233e0267bd4e23c4\" style=\"line-height:1.5\">Tack vare omfattande branschexpertis inom talanghantering har vi alla l\u00f6sningar du beh\u00f6ver f\u00f6r att rekrytera smart, utveckla potential och skapa en h\u00f6gpresterande arbetsstyrka.<\/p>\n\n\n\n<div class=\"wp-block-buttons is-layout-flex wp-block-buttons-is-layout-flex\">\n<div class=\"wp-block-button\"><a class=\"wp-block-button__link wp-element-button\" href=\"#form\">F\u00e5 r\u00e5dgivning av v\u00e5ra specialistkonsulter<\/a><\/div>\n<\/div>\n<\/div>\n<\/div>\n\n\n\n<div class=\"wp-block-column is-vertically-aligned-top is-layout-flow wp-block-column-is-layout-flow\">\n<figure class=\"wp-block-image aligncenter size-full has-custom-border\"><img decoding=\"async\" width=\"770\" height=\"578\" src=\"https:\/\/talogy.com\/wp-content\/uploads\/2025\/04\/hero-v4-lime-background-man-orange-button-down.jpg\" alt=\"man wearing orange button down shirt\" class=\"wp-image-104409\" style=\"border-radius:10px;box-shadow:var(--wp--preset--shadow--elevation-300)\" srcset=\"https:\/\/talogy.com\/wp-content\/uploads\/2025\/04\/hero-v4-lime-background-man-orange-button-down.jpg 770w, https:\/\/talogy.com\/wp-content\/uploads\/2025\/04\/hero-v4-lime-background-man-orange-button-down-300x225.jpg 300w, https:\/\/talogy.com\/wp-content\/uploads\/2025\/04\/hero-v4-lime-background-man-orange-button-down-768x576.jpg 768w\" sizes=\"(max-width: 770px) 100vw, 770px\" \/><\/figure>\n<\/div>\n<\/div>\n<\/section>\n\n\n\n<div class=\"wp-block-group alignwide has-global-padding is-layout-constrained wp-block-group-is-layout-constrained\">\n<div class=\"wp-block-group alignwide has-global-padding is-layout-constrained wp-block-group-is-layout-constrained\" style=\"padding-top:var(--wp--preset--spacing--50);padding-bottom:var(--wp--preset--spacing--50)\">\n<h2 class=\"wp-block-heading has-text-align-center has-primary-500-color has-text-color has-link-color wp-elements-927f263c0724a55c963ac0312c1db9a9\">Vi f\u00f6rst\u00e5r din bransch<\/h2>\n\n\n\n<p class=\"has-text-align-center\">Oavsett utmaning f\u00f6rlitar sig v\u00e4rldens fr\u00e4msta f\u00f6retag p\u00e5 Talogys breda upps\u00e4ttning av helt\u00e4ckande l\u00f6sningar f\u00f6r talangscreening, -urval och -utveckling f\u00f6r att l\u00f6sa talangproblem nu och i framtiden.<\/p>\n\n\n\n<p class=\"has-text-align-center\">Vi har en djup f\u00f6rst\u00e5else f\u00f6r din bransch tack vare att v\u00e5ra konsulter har varit r\u00e5dgivare till f\u00f6retag som ditt i \u00e5rtionden.\u202fVi talar ditt spr\u00e5k och har designat v\u00e5ra l\u00f6sningar och resurser f\u00f6r organisationer runt om i v\u00e4rlden.<\/p>\n\n\n\n<div class=\"wp-block-query is-layout-flow wp-block-query-is-layout-flow\"><ul class=\"columns-3 wp-block-post-template is-layout-grid wp-container-core-post-template-is-layout-6d3fbd8f wp-block-post-template-is-layout-grid\"><li class=\"wp-block-post post-26849 industry_verticals type-industry_verticals status-publish hentry tax_industry-tillverkning-sv\">\n<h3 class=\"has-link-color wp-elements-4af0793c81d687e3f86da2bbc620c7bd wp-block-post-title has-text-color has-primary-500-color\">Talangl\u00f6sningar inom detaljhandel<\/h3>\n\n<div class=\"has-link-color wp-elements-c7369f23a341ea2181b2028a5c955a7f wp-block-post-excerpt has-text-color has-white-color\"><p class=\"wp-block-post-excerpt__excerpt\">Talangl\u00f6sningar inom detaljhandel De som representerar ert varum\u00e4rke gentemot era kunder g\u00f6r stor skillnad f\u00f6r&hellip;<\/p><p class=\"wp-block-post-excerpt__more-text\"><a class=\"wp-block-post-excerpt__more-link\" href=\"https:\/\/talogy.com\/sv\/losningar\/branschspecialiseringar\/talanglosningar-inom-detaljhandel\/\">L\u00e4s mer<\/a><\/p><\/div>\n<\/li><li class=\"wp-block-post post-26836 industry_verticals type-industry_verticals status-publish hentry tax_industry-energi-allmannytta\">\n<h3 class=\"has-link-color wp-elements-4af0793c81d687e3f86da2bbc620c7bd wp-block-post-title has-text-color has-primary-500-color\">Talangl\u00f6sningar inom energi och allm\u00e4nnyttiga tj\u00e4nster<\/h3>\n\n<div class=\"has-link-color wp-elements-c7369f23a341ea2181b2028a5c955a7f wp-block-post-excerpt has-text-color has-white-color\"><p class=\"wp-block-post-excerpt__excerpt\">Talangl\u00f6sningar inom energi och allm\u00e4nnyttiga tj\u00e4nster Hitta medarbetare som har f\u00f6rm\u00e5gan att l\u00e4ra sig avancerade&hellip;<\/p><p class=\"wp-block-post-excerpt__more-text\"><a class=\"wp-block-post-excerpt__more-link\" href=\"https:\/\/talogy.com\/sv\/losningar\/branschspecialiseringar\/talanglosningar-inom-energi-och-allmannyttiga-tjanster\/\">L\u00e4s mer<\/a><\/p><\/div>\n<\/li><li class=\"wp-block-post post-26841 industry_verticals type-industry_verticals status-publish hentry tax_industry-finans-forsakring\">\n<h3 class=\"has-link-color wp-elements-4af0793c81d687e3f86da2bbc620c7bd wp-block-post-title has-text-color has-primary-500-color\">Talangl\u00f6sningar inom finans- och f\u00f6rs\u00e4kringsbranschen<\/h3>\n\n<div class=\"has-link-color wp-elements-c7369f23a341ea2181b2028a5c955a7f wp-block-post-excerpt has-text-color has-white-color\"><p class=\"wp-block-post-excerpt__excerpt\">Talangl\u00f6sningar inomfinans- och f\u00f6rs\u00e4kringsbranschen Att hitta och beh\u00e5lla r\u00e4tt talang har en direkt inverkan p\u00e5&hellip;<\/p><p class=\"wp-block-post-excerpt__more-text\"><a class=\"wp-block-post-excerpt__more-link\" href=\"https:\/\/talogy.com\/sv\/losningar\/branschspecialiseringar\/talanglosningar-inom-finans-och-forsakringsbranschen\/\">L\u00e4s mer<\/a><\/p><\/div>\n<\/li><li class=\"wp-block-post post-26837 industry_verticals type-industry_verticals status-publish hentry tax_industry-fordon\">\n<h3 class=\"has-link-color wp-elements-4af0793c81d687e3f86da2bbc620c7bd wp-block-post-title has-text-color has-primary-500-color\">Talangl\u00f6sningar inom fordonsbranschen<\/h3>\n\n<div class=\"has-link-color wp-elements-c7369f23a341ea2181b2028a5c955a7f wp-block-post-excerpt has-text-color has-white-color\"><p class=\"wp-block-post-excerpt__excerpt\">Talangl\u00f6sningar inom fordonsbranschen Det kr\u00e4vs mer \u00e4n intuition f\u00f6r att v\u00e4lja ut och v\u00e5rda talang.&hellip;<\/p><p class=\"wp-block-post-excerpt__more-text\"><a class=\"wp-block-post-excerpt__more-link\" href=\"https:\/\/talogy.com\/sv\/losningar\/branschspecialiseringar\/talanglosningar-inom-fordonsbranschen\/\">L\u00e4s mer<\/a><\/p><\/div>\n<\/li><li class=\"wp-block-post post-26854 industry_verticals type-industry_verticals status-publish has-post-thumbnail hentry tax_industry-offentlig-sektor-sv\">\n<h3 class=\"has-link-color wp-elements-4af0793c81d687e3f86da2bbc620c7bd wp-block-post-title has-text-color has-primary-500-color\">Talangl\u00f6sningar inom offentlig sektor<\/h3>\n\n<div class=\"has-link-color wp-elements-c7369f23a341ea2181b2028a5c955a7f wp-block-post-excerpt has-text-color has-white-color\"><p class=\"wp-block-post-excerpt__excerpt\">Talangl\u00f6sningar inomoffentlig sektor Genom att implementera ett talent managementprogram kan ni g\u00f6ra er rekryterings- och&hellip;<\/p><p class=\"wp-block-post-excerpt__more-text\"><a class=\"wp-block-post-excerpt__more-link\" href=\"https:\/\/talogy.com\/sv\/losningar\/branschspecialiseringar\/talanglosningar-inom-offentlig-sektor\/\">L\u00e4s mer<\/a><\/p><\/div>\n<\/li><li class=\"wp-block-post post-26851 industry_verticals type-industry_verticals status-publish hentry tax_industry-professional-services-sv\">\n<h3 class=\"has-link-color wp-elements-4af0793c81d687e3f86da2bbc620c7bd wp-block-post-title has-text-color has-primary-500-color\">Talangl\u00f6sningar inom professionella tj\u00e4nster<\/h3>\n\n<div class=\"has-link-color wp-elements-c7369f23a341ea2181b2028a5c955a7f wp-block-post-excerpt has-text-color has-white-color\"><p class=\"wp-block-post-excerpt__excerpt\">Talangl\u00f6sningar inom professionella tj\u00e4nster Hur kan ni hitta, identifiera och beh\u00e5lla konsulter som kommer att&hellip;<\/p><p class=\"wp-block-post-excerpt__more-text\"><a class=\"wp-block-post-excerpt__more-link\" href=\"https:\/\/talogy.com\/sv\/losningar\/branschspecialiseringar\/talanglosningar-inom-professionella-tjanster\/\">L\u00e4s mer<\/a><\/p><\/div>\n<\/li><li class=\"wp-block-post post-26834 industry_verticals type-industry_verticals status-publish has-post-thumbnail hentry tax_industry-tillverkning\">\n<h3 class=\"has-link-color wp-elements-4af0793c81d687e3f86da2bbc620c7bd wp-block-post-title has-text-color has-primary-500-color\">Talangl\u00f6sningar inom tillverkningsindustrin<\/h3>\n\n<div class=\"has-link-color wp-elements-c7369f23a341ea2181b2028a5c955a7f wp-block-post-excerpt has-text-color has-white-color\"><p class=\"wp-block-post-excerpt__excerpt\">Talangl\u00f6sningar inom tillverkningsindustrin F\u00f6r att kunna uppfylla de h\u00f6ga kraven i dagens moderna tillverkningsv\u00e4rld \u00e4r&hellip;<\/p><p class=\"wp-block-post-excerpt__more-text\"><a class=\"wp-block-post-excerpt__more-link\" href=\"https:\/\/talogy.com\/sv\/losningar\/branschspecialiseringar\/talanglosningar-inom-tillverkningsindustrin\/\">L\u00e4s mer<\/a><\/p><\/div>\n<\/li><\/ul>\n\n\n\n<\/div>\n<\/div>\n<\/div>\n\n\n\n<div class=\"wp-block-group alignwide has-black-background-color has-background has-global-padding is-layout-constrained wp-block-group-is-layout-constrained\" style=\"margin-top:var(--wp--preset--spacing--40);margin-bottom:var(--wp--preset--spacing--40);padding-top:0;padding-bottom:0\">\n<div class=\"wp-block-columns alignwide is-layout-flex wp-container-core-columns-is-layout-85518bf0 wp-block-columns-is-layout-flex\" style=\"margin-top:0;margin-bottom:0;padding-top:var(--wp--preset--spacing--60);padding-bottom:var(--wp--preset--spacing--60)\">\n<div class=\"wp-block-column is-layout-flow wp-block-column-is-layout-flow\">\n<h2 class=\"wp-block-heading has-primary-500-color has-text-color has-link-color has-xxl-font-size wp-elements-eb37811d6d85572a97370fa86c4f4287\" id=\"form\">Kontakta oss f\u00f6r att f\u00e5 en skr\u00e4ddarsydd l\u00f6sning f\u00f6r dina branschspecifika behov.<\/h2>\n<\/div>\n\n\n\n<div class=\"wp-block-column is-vertically-aligned-top has-border-color has-white-background-color has-background is-layout-flow wp-block-column-is-layout-flow\" style=\"border-color:#A335FF;border-width:2px;border-radius:15px;padding-top:var(--wp--preset--spacing--10);padding-right:var(--wp--preset--spacing--10);padding-bottom:var(--wp--preset--spacing--10);padding-left:var(--wp--preset--spacing--10)\">\n<div class=\"wp-block-group has-white-background-color has-background has-global-padding is-layout-constrained wp-container-core-group-is-layout-b807a22d wp-block-group-is-layout-constrained\" style=\"margin-top:0;margin-bottom:0;padding-top:var(--wp--preset--spacing--40);padding-right:var(--wp--preset--spacing--40);padding-bottom:var(--wp--preset--spacing--40);padding-left:var(--wp--preset--spacing--40)\">\n<script data-ot-ignore type=\"text\/javascript\" src=\"https:\/\/js-eu1.hsforms.net\/forms\/v2.js\"><\/script>\n\n<script data-ot-ignore>\n(function() {\n    function createHubSpotForm() {\n        if (window.hbspt && window.hbspt.forms) {\n            hbspt.forms.create({\n                region: \"eu1\",\n                portalId: \"24974645\",\n                formId: \"811dcb14-c88d-4d83-9574-67c7df9f281b\"\n            });\n        } else {\n            setTimeout(createHubSpotForm, 100);\n        }\n    }\n    createHubSpotForm();\n})();\n<\/script>\n<\/div>\n<\/div>\n<\/div>\n<\/div>\n","protected":false},"excerpt":{"rendered":"<p>Branschexpertis inom talanghantering Tack vare omfattande branschexpertis inom talanghantering har vi alla l\u00f6sningar du beh\u00f6ver f\u00f6r att rekrytera smart, utveckla potential och skapa en h\u00f6gpresterande arbetsstyrka. Vi f\u00f6rst\u00e5r din bransch Oavsett utmaning f\u00f6rlitar sig v\u00e4rldens fr\u00e4msta f\u00f6retag p\u00e5 Talogys breda upps\u00e4ttning av helt\u00e4ckande l\u00f6sningar f\u00f6r talangscreening, -urval och -utveckling f\u00f6r att l\u00f6sa talangproblem nu och [&hellip;]<\/p>\n","protected":false},"author":9,"featured_media":0,"parent":18161,"menu_order":0,"comment_status":"closed","ping_status":"closed","template":"general-template","meta":{"footnotes":""},"class_list":["post-14196","page","type-page","status-publish","hentry"],"yoast_head":"<!-- This site is optimized with the Yoast SEO plugin v27.2 - https:\/\/yoast.com\/product\/yoast-seo-wordpress\/ -->\n<title>\u202fBranschexpertis inom talanghantering<\/title>\n<meta name=\"description\" content=\"Tack vare omfattande branschexpertis inom talanghantering har vi alla l\u00f6sningar du beh\u00f6ver f\u00f6r att rekrytera smart, utveckla potential och skapa en h\u00f6gpresterande arbetsstyrka.\" \/>\n<meta name=\"robots\" content=\"index, follow, max-snippet:-1, max-image-preview:large, max-video-preview:-1\" \/>\n<link rel=\"canonical\" href=\"https:\/\/talogy.com\/sv\/losningar\/branschspecialiseringar\/\" \/>\n<meta property=\"og:locale\" content=\"sv_SE\" \/>\n<meta property=\"og:type\" content=\"article\" \/>\n<meta property=\"og:title\" content=\"\u202fBranschexpertis inom talanghantering\" \/>\n<meta property=\"og:description\" content=\"Tack vare omfattande branschexpertis inom talanghantering har vi alla l\u00f6sningar du beh\u00f6ver f\u00f6r att rekrytera smart, utveckla potential och skapa en h\u00f6gpresterande arbetsstyrka.\" \/>\n<meta property=\"og:url\" content=\"https:\/\/talogy.com\/sv\/losningar\/branschspecialiseringar\/\" \/>\n<meta property=\"og:site_name\" content=\"Talogy\" \/>\n<meta property=\"article:modified_time\" content=\"2025-10-29T19:22:44+00:00\" \/>\n<meta property=\"og:image\" content=\"https:\/\/talogy.com\/wp-content\/uploads\/2025\/04\/hero-v4-lime-background-man-orange-button-down.jpg\" \/>\n<meta name=\"twitter:card\" content=\"summary_large_image\" \/>\n<!-- \/ Yoast SEO plugin. -->","yoast_head_json":{"title":"\u202fBranschexpertis inom talanghantering","description":"Tack vare omfattande branschexpertis inom talanghantering har vi alla l\u00f6sningar du beh\u00f6ver f\u00f6r att rekrytera smart, utveckla potential och skapa en h\u00f6gpresterande arbetsstyrka.","robots":{"index":"index","follow":"follow","max-snippet":"max-snippet:-1","max-image-preview":"max-image-preview:large","max-video-preview":"max-video-preview:-1"},"canonical":"https:\/\/talogy.com\/sv\/losningar\/branschspecialiseringar\/","og_locale":"sv_SE","og_type":"article","og_title":"\u202fBranschexpertis inom talanghantering","og_description":"Tack vare omfattande branschexpertis inom talanghantering har vi alla l\u00f6sningar du beh\u00f6ver f\u00f6r att rekrytera smart, utveckla potential och skapa en h\u00f6gpresterande arbetsstyrka.","og_url":"https:\/\/talogy.com\/sv\/losningar\/branschspecialiseringar\/","og_site_name":"Talogy","article_modified_time":"2025-10-29T19:22:44+00:00","og_image":[{"url":"https:\/\/talogy.com\/wp-content\/uploads\/2025\/04\/hero-v4-lime-background-man-orange-button-down.jpg","type":"","width":"","height":""}],"twitter_card":"summary_large_image","schema":{"@context":"https:\/\/schema.org","@graph":[{"@type":"WebPage","@id":"https:\/\/talogy.com\/sv\/losningar\/branschspecialiseringar\/","url":"https:\/\/talogy.com\/sv\/losningar\/branschspecialiseringar\/","name":"\u202fBranschexpertis inom talanghantering","isPartOf":{"@id":"https:\/\/talogy.com\/sv\/#website"},"primaryImageOfPage":{"@id":"https:\/\/talogy.com\/sv\/losningar\/branschspecialiseringar\/#primaryimage"},"image":{"@id":"https:\/\/talogy.com\/sv\/losningar\/branschspecialiseringar\/#primaryimage"},"thumbnailUrl":"https:\/\/talogy.com\/wp-content\/uploads\/2025\/04\/hero-v4-lime-background-man-orange-button-down.jpg","datePublished":"2022-02-15T13:10:22+00:00","dateModified":"2025-10-29T19:22:44+00:00","description":"Tack vare omfattande branschexpertis inom talanghantering har vi alla l\u00f6sningar du beh\u00f6ver f\u00f6r att rekrytera smart, utveckla potential och skapa en h\u00f6gpresterande arbetsstyrka.","breadcrumb":{"@id":"https:\/\/talogy.com\/sv\/losningar\/branschspecialiseringar\/#breadcrumb"},"inLanguage":"sv-SE","potentialAction":[{"@type":"ReadAction","target":["https:\/\/talogy.com\/sv\/losningar\/branschspecialiseringar\/"]}]},{"@type":"ImageObject","inLanguage":"sv-SE","@id":"https:\/\/talogy.com\/sv\/losningar\/branschspecialiseringar\/#primaryimage","url":"https:\/\/talogy.com\/wp-content\/uploads\/2025\/04\/hero-v4-lime-background-man-orange-button-down.jpg","contentUrl":"https:\/\/talogy.com\/wp-content\/uploads\/2025\/04\/hero-v4-lime-background-man-orange-button-down.jpg"},{"@type":"BreadcrumbList","@id":"https:\/\/talogy.com\/sv\/losningar\/branschspecialiseringar\/#breadcrumb","itemListElement":[{"@type":"ListItem","position":1,"name":"Hemsida","item":"https:\/\/talogy.com\/sv\/"},{"@type":"ListItem","position":2,"name":"Talent Management-l\u00f6sningar","item":"https:\/\/talogy.com\/sv\/losningar\/"},{"@type":"ListItem","position":3,"name":"Branschexpertis inom talanghantering"}]},{"@type":"WebSite","@id":"https:\/\/talogy.com\/sv\/#website","url":"https:\/\/talogy.com\/sv\/","name":"Talogy","description":"Talogy Website","publisher":{"@id":"https:\/\/talogy.com\/sv\/#organization"},"potentialAction":[{"@type":"SearchAction","target":{"@type":"EntryPoint","urlTemplate":"https:\/\/talogy.com\/sv\/?s={search_term_string}"},"query-input":{"@type":"PropertyValueSpecification","valueRequired":true,"valueName":"search_term_string"}}],"inLanguage":"sv-SE"},{"@type":"Organization","@id":"https:\/\/talogy.com\/sv\/#organization","name":"Talogy","url":"https:\/\/talogy.com\/sv\/","logo":{"@type":"ImageObject","inLanguage":"sv-SE","@id":"https:\/\/talogy.com\/sv\/#\/schema\/logo\/image\/","url":"https:\/\/talogy.com\/wp-content\/uploads\/2022\/02\/logo-welcome.png","contentUrl":"https:\/\/talogy.com\/wp-content\/uploads\/2022\/02\/logo-welcome.png","width":336,"height":103,"caption":"Talogy"},"image":{"@id":"https:\/\/talogy.com\/sv\/#\/schema\/logo\/image\/"},"sameAs":["https:\/\/www.linkedin.com\/company\/talogy\/"]}]}},"_links":{"self":[{"href":"https:\/\/talogy.com\/sv\/wp-json\/wp\/v2\/pages\/14196","targetHints":{"allow":["GET"]}}],"collection":[{"href":"https:\/\/talogy.com\/sv\/wp-json\/wp\/v2\/pages"}],"about":[{"href":"https:\/\/talogy.com\/sv\/wp-json\/wp\/v2\/types\/page"}],"author":[{"embeddable":true,"href":"https:\/\/talogy.com\/sv\/wp-json\/wp\/v2\/users\/9"}],"replies":[{"embeddable":true,"href":"https:\/\/talogy.com\/sv\/wp-json\/wp\/v2\/comments?post=14196"}],"version-history":[{"count":4,"href":"https:\/\/talogy.com\/sv\/wp-json\/wp\/v2\/pages\/14196\/revisions"}],"predecessor-version":[{"id":132081,"href":"https:\/\/talogy.com\/sv\/wp-json\/wp\/v2\/pages\/14196\/revisions\/132081"}],"up":[{"embeddable":true,"href":"https:\/\/talogy.com\/sv\/wp-json\/wp\/v2\/pages\/18161"}],"wp:attachment":[{"href":"https:\/\/talogy.com\/sv\/wp-json\/wp\/v2\/media?parent=14196"}],"curies":[{"name":"wp","href":"https:\/\/api.w.org\/{rel}","templated":true}]}}