{"id":18140,"date":"2022-02-23T11:11:28","date_gmt":"2022-02-23T11:11:28","guid":{"rendered":"https:\/\/www.talogy.com\/?page_id=18140"},"modified":"2025-11-12T14:09:21","modified_gmt":"2025-11-12T14:09:21","slug":"contactez-nous","status":"publish","type":"page","link":"https:\/\/talogy.com\/fr\/contactez-nous\/","title":{"rendered":"Contactez-nous"},"content":{"rendered":"\n<section class=\"wp-block-group alignfull hero-variation-four has-background has-global-padding is-layout-constrained wp-container-core-group-is-layout-b8cc06b1 wp-block-group-is-layout-constrained\" style=\"background:linear-gradient(135deg,rgb(255,255,255) 0%,rgb(153,246,235) 22%,rgb(232,195,255) 73%);padding-top:var(--wp--preset--spacing--50);padding-right:var(--wp--preset--spacing--20);padding-bottom:var(--wp--preset--spacing--50);padding-left:var(--wp--preset--spacing--20)\">\n<div class=\"wp-block-columns are-vertically-aligned-top is-layout-flex wp-container-core-columns-is-layout-28f84493 wp-block-columns-is-layout-flex\">\n<div class=\"wp-block-column is-vertically-aligned-top is-layout-flow wp-block-column-is-layout-flow\">\n<div class=\"wp-block-group has-global-padding is-layout-constrained wp-container-core-group-is-layout-6a165bb8 wp-block-group-is-layout-constrained\" style=\"margin-top:0;margin-bottom:0;padding-top:0;padding-right:0;padding-bottom:0;padding-left:0\"><div class=\"yoast-breadcrumbs\"><span><span><a href=\"https:\/\/talogy.com\/fr\/\">Page d\u2019accueil<\/a><\/span> \/ <span class=\"breadcrumb_last\" aria-current=\"page\"><strong>Contactez-nous<\/strong><\/span><\/span><\/div>\n\n\n<h1 class=\"wp-block-heading has-secondary-900-color has-text-color has-link-color has-xxxl-font-size wp-elements-775a08a53a1b682f32b80dbced96c9c6\" style=\"font-style:normal;font-weight:800\">Contactez-nous<\/h1>\n\n\n\n<div class=\"wp-block-buttons is-layout-flex wp-block-buttons-is-layout-flex\">\n<div class=\"wp-block-button\"><a class=\"wp-block-button__link wp-element-button\" href=\"https:\/\/talogy.com\/fr\/a-propos-de-talogy\/nos-bureaux\/\">Voir nos bureaux partout dans le monde<\/a><\/div>\n<\/div>\n<\/div>\n<\/div>\n<\/div>\n<\/section>\n\n\n\n<div class=\"wp-block-group alignwide has-global-padding is-layout-constrained wp-block-group-is-layout-constrained\" style=\"padding-top:var(--wp--preset--spacing--40);padding-bottom:var(--wp--preset--spacing--40)\">\n<h2 class=\"wp-block-heading has-text-align-center has-primary-500-color has-text-color has-link-color wp-elements-6c53f3502c9aca4e345f419335a86526\">Comment pouvons-nous vous aider&nbsp;?<\/h2>\n\n\n\n<div class=\"wp-block-columns alignwide is-layout-flex wp-container-core-columns-is-layout-ec2e7a44 wp-block-columns-is-layout-flex\" style=\"padding-top:0;padding-bottom:0\">\n<div class=\"wp-block-column has-border-color has-white-background-color has-background is-layout-flow wp-block-column-is-layout-flow\" style=\"border-color:#A335FF;border-width:2px;border-radius:15px;padding-top:var(--wp--preset--spacing--40);padding-right:var(--wp--preset--spacing--40);padding-bottom:var(--wp--preset--spacing--40);padding-left:var(--wp--preset--spacing--40)\">\n<h3 class=\"wp-block-heading has-text-align-center has-primary-500-color has-text-color has-link-color wp-elements-08553b31fdff6523db7a8888ced5d6bf\">En savoir plus ou demander une d\u00e9mo<\/h3>\n\n\n\n<script data-ot-ignore type=\"text\/javascript\" src=\"https:\/\/js-eu1.hsforms.net\/forms\/v2.js\"><\/script>\n\n<script data-ot-ignore>\n(function() {\n    function createHubSpotForm() {\n        if (window.hbspt && window.hbspt.forms) {\n            hbspt.forms.create({\n                region: \"eu1\",\n                portalId: \"24974645\",\n                formId: \"77d31f76-3088-4d81-b1a6-83a00afbd652\"\n            });\n        } else {\n            setTimeout(createHubSpotForm, 100);\n        }\n    }\n    createHubSpotForm();\n})();\n<\/script>\n<\/div>\n\n\n\n<div class=\"wp-block-column has-border-color has-white-background-color has-background is-layout-flow wp-block-column-is-layout-flow\" style=\"border-color:#A335FF;border-width:2px;border-radius:15px;padding-top:var(--wp--preset--spacing--40);padding-right:var(--wp--preset--spacing--40);padding-bottom:var(--wp--preset--spacing--40);padding-left:var(--wp--preset--spacing--40)\">\n<h3 class=\"wp-block-heading has-text-align-center has-primary-500-color has-text-color has-link-color wp-elements-26ae32de452e9997fbf6384383926117\">Support Client<\/h3>\n\n\n\n<script data-ot-ignore type=\"text\/javascript\" src=\"https:\/\/js-eu1.hsforms.net\/forms\/v2.js\"><\/script>\n\n<script data-ot-ignore>\n(function() {\n    function createHubSpotForm() {\n        if (window.hbspt && window.hbspt.forms) {\n            hbspt.forms.create({\n                region: \"eu1\",\n                portalId: \"24974645\",\n                formId: \"e2a4fb70-1a56-4e0d-9cf3-8a329aa80091\"\n            });\n        } else {\n            setTimeout(createHubSpotForm, 100);\n        }\n    }\n    createHubSpotForm();\n})();\n<\/script>\n<\/div>\n<\/div>\n<\/div>\n\n\n\n<div class=\"wp-block-group alignwide has-border-color has-global-padding is-layout-constrained wp-container-core-group-is-layout-68ac6e64 wp-block-group-is-layout-constrained\" style=\"border-color:#A335FF;border-width:2px;border-radius:15px;margin-top:var(--wp--preset--spacing--40);margin-bottom:var(--wp--preset--spacing--40);padding-top:var(--wp--preset--spacing--20);padding-bottom:var(--wp--preset--spacing--20)\">\n<div class=\"wp-block-columns is-layout-flex wp-container-core-columns-is-layout-a4c9e5e1 wp-block-columns-is-layout-flex\" style=\"border-radius:0px;margin-top:0;margin-bottom:0;padding-top:0;padding-bottom:0\">\n<div class=\"wp-block-column is-layout-flow wp-block-column-is-layout-flow\" style=\"padding-right:var(--wp--preset--spacing--50);padding-left:var(--wp--preset--spacing--50)\">\n<p class=\"has-text-align-center\"><a href=\"https:\/\/talogy.com\/en\/legal\/terms-conditions\/\">Terms and Conditions<\/a><\/p>\n<\/div>\n\n\n\n<div class=\"wp-block-column is-layout-flow wp-block-column-is-layout-flow\">\n<p class=\"has-text-align-center\"><a href=\"https:\/\/talogy.com\/en\/legal\/terms-of-use\/\">End user terms of use<\/a><\/p>\n<\/div>\n\n\n\n<div class=\"wp-block-column is-layout-flow wp-block-column-is-layout-flow\">\n<p class=\"has-text-align-center\"><a href=\"https:\/\/talogy.com\/en\/legal\/cookies-policy\/\">Cookies policy<\/a><\/p>\n<\/div>\n\n\n\n<div class=\"wp-block-column is-layout-flow wp-container-core-column-is-layout-e5ebdcd0 wp-block-column-is-layout-flow\" style=\"border-style:none;border-width:0px;padding-top:0;padding-right:var(--wp--preset--spacing--10);padding-bottom:0;padding-left:var(--wp--preset--spacing--10)\">\n<p class=\"has-text-align-center\"><a href=\"https:\/\/talogy.com\/en\/legal\/privacy-policy\/\">Privacy notice<\/a><\/p>\n<\/div>\n<\/div>\n<\/div>\n","protected":false},"excerpt":{"rendered":"<p>Contactez-nous Comment pouvons-nous vous aider&nbsp;? En savoir plus ou demander une d\u00e9mo Support Client Terms and Conditions End user terms of use Cookies policy Privacy notice<\/p>\n","protected":false},"author":9,"featured_media":0,"parent":0,"menu_order":0,"comment_status":"closed","ping_status":"closed","template":"general-template","meta":{"footnotes":""},"class_list":["post-18140","page","type-page","status-publish","hentry"],"yoast_head":"<!-- This site is optimized with the Yoast SEO plugin v27.2 - https:\/\/yoast.com\/product\/yoast-seo-wordpress\/ -->\n<title>Contactez Talogy pour toute demande de renseignements<\/title>\n<meta name=\"description\" content=\"Contactez Talogy pour toute demande de renseignements. Les \u00e9quipes de Talogy sont disponibles pour aborder toutes vos probl\u00e9matiques de Talent Acquisition, de s\u00e9lection et de d\u00e9veloppement des talents.\" \/>\n<meta name=\"robots\" content=\"index, follow, max-snippet:-1, max-image-preview:large, max-video-preview:-1\" \/>\n<link rel=\"canonical\" href=\"https:\/\/talogy.com\/fr\/contactez-nous\/\" \/>\n<meta property=\"og:locale\" content=\"fr_FR\" \/>\n<meta property=\"og:type\" content=\"article\" \/>\n<meta property=\"og:title\" content=\"Contactez Talogy pour toute demande de renseignements\" \/>\n<meta property=\"og:description\" content=\"Contactez Talogy pour toute demande de renseignements. Les \u00e9quipes de Talogy sont disponibles pour aborder toutes vos probl\u00e9matiques de Talent Acquisition, de s\u00e9lection et de d\u00e9veloppement des talents.\" \/>\n<meta property=\"og:url\" content=\"https:\/\/talogy.com\/fr\/contactez-nous\/\" \/>\n<meta property=\"og:site_name\" content=\"Talogy\" \/>\n<meta property=\"article:modified_time\" content=\"2025-11-12T14:09:21+00:00\" \/>\n<meta name=\"twitter:card\" content=\"summary_large_image\" \/>\n<!-- \/ Yoast SEO plugin. -->","yoast_head_json":{"title":"Contactez Talogy pour toute demande de renseignements","description":"Contactez Talogy pour toute demande de renseignements. Les \u00e9quipes de Talogy sont disponibles pour aborder toutes vos probl\u00e9matiques de Talent Acquisition, de s\u00e9lection et de d\u00e9veloppement des talents.","robots":{"index":"index","follow":"follow","max-snippet":"max-snippet:-1","max-image-preview":"max-image-preview:large","max-video-preview":"max-video-preview:-1"},"canonical":"https:\/\/talogy.com\/fr\/contactez-nous\/","og_locale":"fr_FR","og_type":"article","og_title":"Contactez Talogy pour toute demande de renseignements","og_description":"Contactez Talogy pour toute demande de renseignements. Les \u00e9quipes de Talogy sont disponibles pour aborder toutes vos probl\u00e9matiques de Talent Acquisition, de s\u00e9lection et de d\u00e9veloppement des talents.","og_url":"https:\/\/talogy.com\/fr\/contactez-nous\/","og_site_name":"Talogy","article_modified_time":"2025-11-12T14:09:21+00:00","twitter_card":"summary_large_image","schema":{"@context":"https:\/\/schema.org","@graph":[{"@type":"WebPage","@id":"https:\/\/talogy.com\/fr\/contactez-nous\/","url":"https:\/\/talogy.com\/fr\/contactez-nous\/","name":"Contactez Talogy pour toute demande de renseignements","isPartOf":{"@id":"https:\/\/talogy.com\/fr\/#website"},"datePublished":"2022-02-23T11:11:28+00:00","dateModified":"2025-11-12T14:09:21+00:00","description":"Contactez Talogy pour toute demande de renseignements. Les \u00e9quipes de Talogy sont disponibles pour aborder toutes vos probl\u00e9matiques de Talent Acquisition, de s\u00e9lection et de d\u00e9veloppement des talents.","breadcrumb":{"@id":"https:\/\/talogy.com\/fr\/contactez-nous\/#breadcrumb"},"inLanguage":"fr-FR","potentialAction":[{"@type":"ReadAction","target":["https:\/\/talogy.com\/fr\/contactez-nous\/"]}]},{"@type":"BreadcrumbList","@id":"https:\/\/talogy.com\/fr\/contactez-nous\/#breadcrumb","itemListElement":[{"@type":"ListItem","position":1,"name":"Page d\u2019accueil","item":"https:\/\/talogy.com\/fr\/"},{"@type":"ListItem","position":2,"name":"Contactez-nous"}]},{"@type":"WebSite","@id":"https:\/\/talogy.com\/fr\/#website","url":"https:\/\/talogy.com\/fr\/","name":"Talogy","description":"Talogy Website","publisher":{"@id":"https:\/\/talogy.com\/fr\/#organization"},"potentialAction":[{"@type":"SearchAction","target":{"@type":"EntryPoint","urlTemplate":"https:\/\/talogy.com\/fr\/?s={search_term_string}"},"query-input":{"@type":"PropertyValueSpecification","valueRequired":true,"valueName":"search_term_string"}}],"inLanguage":"fr-FR"},{"@type":"Organization","@id":"https:\/\/talogy.com\/fr\/#organization","name":"Talogy","url":"https:\/\/talogy.com\/fr\/","logo":{"@type":"ImageObject","inLanguage":"fr-FR","@id":"https:\/\/talogy.com\/fr\/#\/schema\/logo\/image\/","url":"https:\/\/talogy.com\/wp-content\/uploads\/2022\/02\/logo-welcome.png","contentUrl":"https:\/\/talogy.com\/wp-content\/uploads\/2022\/02\/logo-welcome.png","width":336,"height":103,"caption":"Talogy"},"image":{"@id":"https:\/\/talogy.com\/fr\/#\/schema\/logo\/image\/"},"sameAs":["https:\/\/www.linkedin.com\/company\/talogy\/"]}]}},"_links":{"self":[{"href":"https:\/\/talogy.com\/fr\/wp-json\/wp\/v2\/pages\/18140","targetHints":{"allow":["GET"]}}],"collection":[{"href":"https:\/\/talogy.com\/fr\/wp-json\/wp\/v2\/pages"}],"about":[{"href":"https:\/\/talogy.com\/fr\/wp-json\/wp\/v2\/types\/page"}],"author":[{"embeddable":true,"href":"https:\/\/talogy.com\/fr\/wp-json\/wp\/v2\/users\/9"}],"replies":[{"embeddable":true,"href":"https:\/\/talogy.com\/fr\/wp-json\/wp\/v2\/comments?post=18140"}],"version-history":[{"count":7,"href":"https:\/\/talogy.com\/fr\/wp-json\/wp\/v2\/pages\/18140\/revisions"}],"predecessor-version":[{"id":134636,"href":"https:\/\/talogy.com\/fr\/wp-json\/wp\/v2\/pages\/18140\/revisions\/134636"}],"wp:attachment":[{"href":"https:\/\/talogy.com\/fr\/wp-json\/wp\/v2\/media?parent=18140"}],"curies":[{"name":"wp","href":"https:\/\/api.w.org\/{rel}","templated":true}]}}