{"id":18138,"date":"2022-02-23T11:11:26","date_gmt":"2022-02-23T11:11:26","guid":{"rendered":"https:\/\/www.talogy.com\/?page_id=18138"},"modified":"2026-04-07T08:10:58","modified_gmt":"2026-04-07T08:10:58","slug":"evenements","status":"publish","type":"page","link":"https:\/\/talogy.com\/fr\/a-propos-de-talogy\/evenements\/","title":{"rendered":"\u00c9v\u00e9nements"},"content":{"rendered":"\n<section class=\"wp-block-group alignfull hero-variation-four has-background has-global-padding is-layout-constrained wp-container-core-group-is-layout-b8cc06b1 wp-block-group-is-layout-constrained\" style=\"background:linear-gradient(135deg,rgb(255,255,255) 0%,rgb(186,249,244) 13%,rgb(232,195,255) 59%);padding-top:var(--wp--preset--spacing--50);padding-right:var(--wp--preset--spacing--20);padding-bottom:var(--wp--preset--spacing--50);padding-left:var(--wp--preset--spacing--20)\">\n<div class=\"wp-block-columns are-vertically-aligned-top is-layout-flex wp-container-core-columns-is-layout-28f84493 wp-block-columns-is-layout-flex\">\n<div class=\"wp-block-column is-vertically-aligned-top is-layout-flow wp-block-column-is-layout-flow\">\n<div class=\"wp-block-group has-global-padding is-layout-constrained wp-container-core-group-is-layout-6a165bb8 wp-block-group-is-layout-constrained\" style=\"margin-top:0;margin-bottom:0;padding-top:0;padding-right:0;padding-bottom:0;padding-left:0\"><div class=\"yoast-breadcrumbs\"><span><span><a href=\"https:\/\/talogy.com\/fr\/\">Page d\u2019accueil<\/a><\/span> \/ <span><a href=\"https:\/\/talogy.com\/fr\/a-propos-de-talogy\/\">Notre histoire<\/a><\/span> \/ <span class=\"breadcrumb_last\" aria-current=\"page\"><strong>Formations et \u00e9v\u00e9nements en Talent Management<\/strong><\/span><\/span><\/div>\n\n\n<h1 class=\"wp-block-heading has-secondary-900-color has-text-color has-link-color has-xxxl-font-size wp-elements-509099eba77dadf45e7d06b47261865d\" style=\"font-style:normal;font-weight:800\">Formations et \u00e9v\u00e9nements en Talent Management<\/h1>\n\n\n\n<p class=\"has-secondary-900-color has-text-color has-link-color has-s-font-size wp-elements-664bfcc592fc3a92ffd1d8e6cac538f2\" style=\"line-height:1.5\">Explorez les th\u00e9matiques de Talent Management, approfondissez vos connaissances, \u00e9largissez votre vision et augmentez votre impact au sein de votre entreprise. D\u00e9couvrez nos \u00e9v\u00e9nements et nos formations.<\/p>\n\n\n\n<div class=\"wp-block-buttons is-layout-flex wp-block-buttons-is-layout-flex\">\n<div class=\"wp-block-button\"><a class=\"wp-block-button__link wp-element-button\" href=\"#form\">Prenez contact avec un de nos consultants expert<\/a><\/div>\n<\/div>\n\n\n\n<div class=\"wp-block-group novashare-pattern has-global-padding is-layout-constrained wp-block-group-is-layout-constrained\"><style>.ns-block-ef2ae95f-71ca-4c9c-8c3e-001fc8cbeed9 .ns-button{--ns-btn-color:#A335FF}.ns-block-ef2ae95f-71ca-4c9c-8c3e-001fc8cbeed9 .ns-button:hover{--ns-btn-color:#fff}body .ns-block-ef2ae95f-71ca-4c9c-8c3e-001fc8cbeed9 a.ns-button:hover .ns-button-wrapper>span{box-shadow:none !important;filter:brightness(1) !important}.ns-block-ef2ae95f-71ca-4c9c-8c3e-001fc8cbeed9 .ns-button-icon *,.ns-block-ef2ae95f-71ca-4c9c-8c3e-001fc8cbeed9 .ns-button-label span{color:#fff}.ns-block-ef2ae95f-71ca-4c9c-8c3e-001fc8cbeed9 .ns-button:hover .ns-button-icon *,.ns-block-ef2ae95f-71ca-4c9c-8c3e-001fc8cbeed9 .ns-button:hover .ns-button-label span{color:#A335FF}<\/style><div class='ns-buttons ns-block-ef2ae95f-71ca-4c9c-8c3e-001fc8cbeed9 ns-no-print'><div class='ns-buttons-wrapper'><a href='' aria-label='Share on LinkedIn' target='_blank' class='ns-button linkedin' rel='nofollow'><span class='ns-button-wrapper ns-button-block'><span class='ns-button-icon ns-button-block'><svg xmlns=\"http:\/\/www.w3.org\/2000\/svg\" viewBox=\"-32 0 512 512\"><path fill=\"currentColor\" d=\"M100.28 448H7.4V148.9h92.88zM53.79 108.1C24.09 108.1 0 83.5 0 53.8a53.79 53.79 0 0 1 107.58 0c0 29.7-24.1 54.3-53.79 54.3M447.9 448h-92.68V302.4c0-34.7-.7-79.2-48.29-79.2-48.29 0-55.69 37.7-55.69 76.7V448h-92.78V148.9h89.08v40.8h1.3c12.4-23.5 42.69-48.3 87.88-48.3 94 0 111.28 61.9 111.28 142.3V448z\"\/><\/svg><\/span><span class='ns-button-label ns-button-block ns-hide'><span class='ns-button-label-wrapper'>LinkedIn<\/span><\/span><\/span><\/a><a href='' aria-label='Share on X' target='_blank' class='ns-button twitter' rel='nofollow'><span class='ns-button-wrapper ns-button-block'><span class='ns-button-icon ns-button-block'><svg xmlns=\"http:\/\/www.w3.org\/2000\/svg\" viewBox=\"0 0 512 512\"><path fill=\"currentColor\" d=\"M389.2 48h70.6L305.6 224.2 487 464H345L233.7 318.6 106.5 464H35.8l164.9-188.5L26.8 48h145.6l100.5 132.9zm-24.8 373.8h39.1L151.1 88h-42z\"\/><\/svg><\/span><span class='ns-button-label ns-button-block ns-hide'><span class='ns-button-label-wrapper'>X<\/span><\/span><\/span><\/a><a href='' aria-label='Share on Facebook' target='_blank' class='ns-button facebook' rel='nofollow'><span class='ns-button-wrapper ns-button-block'><span class='ns-button-icon ns-button-block'><svg xmlns=\"http:\/\/www.w3.org\/2000\/svg\" viewBox=\"-96 0 512 512\"><path fill=\"currentColor\" d=\"m279.14 288 14.22-92.66h-88.91v-60.13c0-25.35 12.42-50.06 52.24-50.06h40.42V6.26S260.43 0 225.36 0c-73.22 0-121.08 44.38-121.08 124.72v70.62H22.89V288h81.39v224h100.17V288z\"\/><\/svg><\/span><span class='ns-button-label ns-button-block ns-hide'><span class='ns-button-label-wrapper'>Facebook<\/span><\/span><\/span><\/a><a href='' aria-label='Share on WhatsApp' target='_blank' class='ns-button whatsapp' rel='nofollow'><span class='ns-button-wrapper ns-button-block'><span class='ns-button-icon ns-button-block'><svg xmlns=\"http:\/\/www.w3.org\/2000\/svg\" viewBox=\"-32 0 512 512\"><path fill=\"currentColor\" d=\"M380.9 97.1C339 55.1 283.2 32 223.9 32c-122.4 0-222 99.6-222 222 0 39.1 10.2 77.3 29.6 111L0 480l117.7-30.9c32.4 17.7 68.9 27 106.1 27h.1c122.3 0 224.1-99.6 224.1-222 0-59.3-25.2-115-67.1-157m-157 341.6c-33.2 0-65.7-8.9-94-25.7l-6.7-4-69.8 18.3L72 359.2l-4.4-7c-18.5-29.4-28.2-63.3-28.2-98.2 0-101.7 82.8-184.5 184.6-184.5 49.3 0 95.6 19.2 130.4 54.1s56.2 81.2 56.1 130.5c0 101.8-84.9 184.6-186.6 184.6m101.2-138.2c-5.5-2.8-32.8-16.2-37.9-18-5.1-1.9-8.8-2.8-12.5 2.8s-14.3 18-17.6 21.8c-3.2 3.7-6.5 4.2-12 1.4-32.6-16.3-54-29.1-75.5-66-5.7-9.8 5.7-9.1 16.3-30.3 1.8-3.7.9-6.9-.5-9.7s-12.5-30.1-17.1-41.2c-4.5-10.8-9.1-9.3-12.5-9.5-3.2-.2-6.9-.2-10.6-.2s-9.7 1.4-14.8 6.9c-5.1 5.6-19.4 19-19.4 46.3s19.9 53.7 22.6 57.4c2.8 3.7 39.1 59.7 94.8 83.8 35.2 15.2 49 16.5 66.6 13.9 10.7-1.6 32.8-13.4 37.4-26.4s4.6-24.1 3.2-26.4c-1.3-2.5-5-3.9-10.5-6.6\"\/><\/svg><\/span><span class='ns-button-label ns-button-block ns-hide'><span class='ns-button-label-wrapper'>WhatsApp<\/span><\/span><\/span><\/a><a href='' aria-label='Share via Email' target='_self' class='ns-button email' rel='nofollow'><span class='ns-button-wrapper ns-button-block'><span class='ns-button-icon ns-button-block'><svg xmlns=\"http:\/\/www.w3.org\/2000\/svg\" viewBox=\"0 0 512 512\"><path fill=\"currentColor\" d=\"M502.3 190.8c3.9-3.1 9.7-.2 9.7 4.7V400c0 26.5-21.5 48-48 48H48c-26.5 0-48-21.5-48-48V195.6c0-5 5.7-7.8 9.7-4.7 22.4 17.4 52.1 39.5 154.1 113.6 21.1 15.4 56.7 47.8 92.2 47.6 35.7.3 72-32.8 92.3-47.6 102-74.1 131.6-96.3 154-113.7M256 320c23.2.4 56.6-29.2 73.4-41.4 132.7-96.3 142.8-104.7 173.4-128.7 5.8-4.5 9.2-11.5 9.2-18.9v-19c0-26.5-21.5-48-48-48H48C21.5 64 0 85.5 0 112v19c0 7.4 3.4 14.3 9.2 18.9 30.6 23.9 40.7 32.4 173.4 128.7 16.8 12.2 50.2 41.8 73.4 41.4\"\/><\/svg><\/span><span class='ns-button-label ns-button-block ns-hide'><span class='ns-button-label-wrapper'>Email<\/span><\/span><\/span><\/a><a href='' aria-label='Share on more networks' target='_blank' class='ns-button share' rel='nofollow' onClick='event.preventDefault();'><span class='ns-button-wrapper ns-button-block'><span class='ns-button-icon ns-button-block'><svg xmlns=\"http:\/\/www.w3.org\/2000\/svg\" viewBox=\"-32 0 512 512\"><path fill=\"currentColor\" d=\"M352 320c-22.608 0-43.387 7.819-59.79 20.895l-102.486-64.054a96.55 96.55 0 0 0 0-41.683l102.486-64.054C308.613 184.181 329.392 192 352 192c53.019 0 96-42.981 96-96S405.019 0 352 0s-96 42.981-96 96c0 7.158.79 14.13 2.276 20.841L155.79 180.895C139.387 167.819 118.608 160 96 160c-53.019 0-96 42.981-96 96s42.981 96 96 96c22.608 0 43.387-7.819 59.79-20.895l102.486 64.054A96.3 96.3 0 0 0 256 416c0 53.019 42.981 96 96 96s96-42.981 96-96-42.981-96-96-96\"\/><\/svg><\/span><span class='ns-button-label ns-button-block ns-hide'><span class='ns-button-label-wrapper'>Share<\/span><\/span><\/span><\/a><\/div><\/div><\/div>\n<\/div>\n<\/div>\n\n\n\n<div class=\"wp-block-column is-vertically-aligned-top is-layout-flow wp-block-column-is-layout-flow\">\n<figure class=\"wp-block-image aligncenter size-full has-custom-border\"><img decoding=\"async\" width=\"770\" height=\"578\" src=\"https:\/\/talogy.com\/wp-content\/uploads\/2025\/04\/iStock-984008166_770x578_purple.jpg\" alt=\"\" class=\"wp-image-108905\" style=\"border-radius:10px;box-shadow:var(--wp--preset--shadow--elevation-300)\" srcset=\"https:\/\/talogy.com\/wp-content\/uploads\/2025\/04\/iStock-984008166_770x578_purple.jpg 770w, https:\/\/talogy.com\/wp-content\/uploads\/2025\/04\/iStock-984008166_770x578_purple-300x225.jpg 300w, https:\/\/talogy.com\/wp-content\/uploads\/2025\/04\/iStock-984008166_770x578_purple-768x576.jpg 768w\" sizes=\"(max-width: 770px) 100vw, 770px\" \/><\/figure>\n<\/div>\n<\/div>\n<\/section>\n\n\n\n<div class=\"wp-block-group alignfull events-wrapper has-black-background-color has-background has-global-padding is-layout-constrained wp-container-core-group-is-layout-af5d891d wp-block-group-is-layout-constrained\" style=\"padding-top:var(--wp--preset--spacing--70);padding-right:var(--wp--preset--spacing--20);padding-bottom:var(--wp--preset--spacing--70);padding-left:var(--wp--preset--spacing--20)\"><div class=\"wp-block-template-part\">\n<div class=\"wp-block-group facets-container has-global-padding is-layout-constrained wp-block-group-is-layout-constrained\">\n\t<div class=\"wp-block-buttons is-content-justification-right is-layout-flex wp-container-core-buttons-is-layout-d445cf74 wp-block-buttons-is-layout-flex\">\n\t\t<div class=\"wp-block-button\" style=\"font-style:normal;font-weight:700\"><a class=\"wp-block-button__link wp-element-button\">Filters<\/a><\/div>\n\t\t\n\t<\/div>\n\t\n\n\t\n\t<div class=\"wp-block-group facets-row is-content-justification-space-between is-layout-flex wp-container-core-group-is-layout-4152fef3 wp-block-group-is-layout-flex\">\n<div class=\"wp-block-group has-global-padding is-layout-constrained wp-container-core-group-is-layout-19e250f3 wp-block-group-is-layout-constrained\">\n<p class=\"has-secondary-300-color has-text-color has-link-color has-xxs-font-size wp-elements-b5e007ff67ef1b5a9c5605d36d0cb18e\" style=\"margin-bottom:0.5rem\">Mot-cl\u00e9<\/p>\n\n\n<div class=\"facetwp-facet facetwp-facet-events_search facetwp-type-search\" data-name=\"events_search\" data-type=\"search\"><\/div>\n<\/div>\n\n\n\t\t<div class=\"facetwp-facet facetwp-facet-events_language facetwp-type-fselect\" data-name=\"events_language\" data-type=\"fselect\"><\/div>\n\n\n\t\t<div class=\"facetwp-facet facetwp-facet-events_type facetwp-type-fselect\" data-name=\"events_type\" data-type=\"fselect\"><\/div>\n\n\t<\/div>\n\t\n<\/div>\n\n\n<\/div>\n\n\n<div class=\"wp-block-query alignwide events-cards is-layout-flow wp-block-query-is-layout-flow\"><ul class=\"events-wrapper facetwp-template wp-block-post-template is-layout-flow wp-container-core-post-template-is-layout-a062ab24 wp-block-post-template-is-layout-flow\"><li class=\"wp-block-post post-142655 events type-events status-publish hentry accreditation_language-francais events_type-evenement-en-ligne\">\n<div style=\"text-transform:none;border-width:1px\" class=\"taxonomy-events_type has-link-color pill wp-elements-9f05f3dff6ca47a32b1be45250565a47 wp-block-post-terms has-text-color has-white-color has-background has-primary-600-background-color has-border-color has-primary-500-border-color\"><a href=\"https:\/\/talogy.com\/fr\/events_type\/evenement-en-ligne\/\" rel=\"tag\">Ev\u00e9nement en ligne<\/a><\/div>\n\n<h2 style=\"margin-top:16px;\" class=\"has-link-color wp-elements-90d1073911e96e316df6d60f0db1c2ae wp-block-post-title has-text-color has-white-color\">Haut Potentiel : rep\u00e9rez\u2011les, r\u00e9v\u00e9lez\u2011les, gardez\u2011les !<\/h2>\n\n<p class=\"has-tertiary-500-color has-text-color has-link-color wp-elements-4547f7ff20a28d8fa5dc0b3f44b4a8f5\" style=\"margin-top:0;margin-right:0;margin-bottom:0;margin-left:0;font-style:normal;font-weight:700\">21\/05\/2026<\/p>\n\n<p class=\"has-tertiary-500-color has-text-color has-link-color wp-elements-73886e4b4dd9e3de317687e224020076\" style=\"margin-top:0;margin-right:0;margin-bottom:16px;margin-left:0\"><\/p>\n\n<p class=\"has-tertiary-500-color has-text-color has-link-color has-xs-font-size wp-elements-cb86e9ce6303caced4ea7cff0b11420e\" style=\"margin-top:0;margin-bottom:16px\">Dans un contexte \u00e9conomique instable et hautement concurrentiel, identifier et d\u00e9velopper les talents \u00e0 haut potentiel (HiPo) n\u2019est plus seulement une initiative RH\u202f\u2014\u202fc\u2019est un v\u00e9ritable levier de performance business. Maggie Gailhard, Directrice du d\u00e9veloppement, et Audrey Philocles, Directrice consulting Talogy France, partageront les derni\u00e8res tendances sur la mani\u00e8re dont les organisations repensent leurs programmes HiPo pour pr\u00e9parer le futur et retenir leurs meilleurs \u00e9l\u00e9ments. Au programme : comment d\u00e9finir le haut potentiel aujourd\u2019hui, les meilleures pratiques pour identifier les talents HiPo, d\u00e9velopper et fid\u00e9liser vos collaborateurs \u00e0 fort potentiel, mesurer l\u2019impact et l\u2019efficacit\u00e9 de vos programmes HiPo. Que vous soyez en phase de cr\u00e9ation d\u2019un programme HiPo ou en train d\u2019optimiser un dispositif existant, ce webinar vous apportera des rep\u00e8res concrets et des actions imm\u00e9diatement transposables.<\/p>\n\n\n<div class=\"wp-block-buttons is-layout-flex wp-block-buttons-is-layout-flex\">\n<div class=\"wp-block-button\"><a class=\"wp-block-button__link wp-element-button\" href=\"https:\/\/webikeo.fr\/webinar\/haut-potentiel-reperez-les-revelez-les-gardez-les\/share?campaign=Website\" target=\"_blank\" rel=\"noreferrer noopener\">S&rsquo;inscrire<\/a><\/div>\n<\/div>\n\n<\/li><\/ul>\n\n<div class=\"facetwp-facet facetwp-facet-pagination facetwp-type-pager\" data-name=\"pagination\" data-type=\"pager\"><\/div>\n\n\n<\/div>\n<\/div>\n\n\n\n<div class=\"wp-block-group alignwide has-black-background-color has-background has-global-padding is-layout-constrained wp-block-group-is-layout-constrained\" style=\"margin-top:var(--wp--preset--spacing--40);margin-bottom:var(--wp--preset--spacing--40);padding-top:0;padding-bottom:0\">\n<div class=\"wp-block-columns alignwide is-layout-flex wp-container-core-columns-is-layout-85518bf0 wp-block-columns-is-layout-flex\" style=\"margin-top:0;margin-bottom:0;padding-top:var(--wp--preset--spacing--60);padding-bottom:var(--wp--preset--spacing--60)\">\n<div class=\"wp-block-column is-layout-flow wp-block-column-is-layout-flow\">\n<h2 class=\"wp-block-heading has-primary-500-color has-text-color has-link-color has-xxl-font-size wp-elements-c007b385772fd04307ebc76dcfe3d2c8\" id=\"form\">D\u00e9couvrez la puissance de TalogyTech<\/h2>\n\n\n\n<p>Mieux conna\u00eetre vos talents &#8211; rapidement. Ajoutez-y une exp\u00e9rience candidat exceptionnelle, une personnalisation des solutions incomparable et une garantie de s\u00e9curisation de vos donn\u00e9es.<\/p>\n<\/div>\n\n\n\n<div class=\"wp-block-column is-vertically-aligned-top has-border-color has-white-background-color has-background is-layout-flow wp-block-column-is-layout-flow\" style=\"border-color:#A335FF;border-width:2px;border-radius:15px;padding-top:var(--wp--preset--spacing--10);padding-right:var(--wp--preset--spacing--10);padding-bottom:var(--wp--preset--spacing--10);padding-left:var(--wp--preset--spacing--10)\">\n<div class=\"wp-block-group has-white-background-color has-background has-global-padding is-layout-constrained wp-container-core-group-is-layout-b807a22d wp-block-group-is-layout-constrained\" style=\"margin-top:0;margin-bottom:0;padding-top:var(--wp--preset--spacing--40);padding-right:var(--wp--preset--spacing--40);padding-bottom:var(--wp--preset--spacing--40);padding-left:var(--wp--preset--spacing--40)\">\n<script data-ot-ignore type=\"text\/javascript\" src=\"https:\/\/js-eu1.hsforms.net\/forms\/v2.js\"><\/script>\n\n<script data-ot-ignore>\n(function() {\n    function createHubSpotForm() {\n        if (window.hbspt && window.hbspt.forms) {\n            hbspt.forms.create({\n                region: \"eu1\",\n                portalId: \"24974645\",\n                formId: \"77d31f76-3088-4d81-b1a6-83a00afbd652\"\n            });\n        } else {\n            setTimeout(createHubSpotForm, 100);\n        }\n    }\n    createHubSpotForm();\n})();\n<\/script>\n<\/div>\n<\/div>\n<\/div>\n<\/div>\n","protected":false},"excerpt":{"rendered":"<p>Formations et \u00e9v\u00e9nements en Talent Management Explorez les th\u00e9matiques de Talent Management, approfondissez vos connaissances, \u00e9largissez votre vision et augmentez votre impact au sein de votre entreprise. D\u00e9couvrez nos \u00e9v\u00e9nements et nos formations. D\u00e9couvrez la puissance de TalogyTech Mieux conna\u00eetre vos talents &#8211; rapidement. Ajoutez-y une exp\u00e9rience candidat exceptionnelle, une personnalisation des solutions incomparable et [&hellip;]<\/p>\n","protected":false},"author":9,"featured_media":0,"parent":18350,"menu_order":0,"comment_status":"closed","ping_status":"closed","template":"general-template","meta":{"footnotes":""},"class_list":["post-18138","page","type-page","status-publish","hentry"],"yoast_head":"<!-- This site is optimized with the Yoast SEO plugin v27.2 - https:\/\/yoast.com\/product\/yoast-seo-wordpress\/ -->\n<title>Formations et \u00e9v\u00e9nements Talogy\u00a0\/ \u00c9v\u00e9nements et formations en Talent Management<\/title>\n<meta name=\"description\" content=\"D\u00e9couvrez nos \u00e9v\u00e9nements pour explorer les th\u00e9matiques li\u00e9es au Talent Management, approfondir vos connaissances, \u00e9largir votre vision et augmenter votre impact au sein de votre entreprise.\" \/>\n<meta name=\"robots\" content=\"index, follow, max-snippet:-1, max-image-preview:large, max-video-preview:-1\" \/>\n<link rel=\"canonical\" href=\"https:\/\/talogy.com\/fr\/a-propos-de-talogy\/evenements\/\" \/>\n<meta property=\"og:locale\" content=\"fr_FR\" \/>\n<meta property=\"og:type\" content=\"article\" \/>\n<meta property=\"og:title\" content=\"Formations et \u00e9v\u00e9nements Talogy\u00a0\/ \u00c9v\u00e9nements et formations en Talent Management\" \/>\n<meta property=\"og:description\" content=\"D\u00e9couvrez nos \u00e9v\u00e9nements pour explorer les th\u00e9matiques li\u00e9es au Talent Management, approfondir vos connaissances, \u00e9largir votre vision et augmenter votre impact au sein de votre entreprise.\" \/>\n<meta property=\"og:url\" content=\"https:\/\/talogy.com\/fr\/a-propos-de-talogy\/evenements\/\" \/>\n<meta property=\"og:site_name\" content=\"Talogy\" \/>\n<meta property=\"article:modified_time\" content=\"2026-04-07T08:10:58+00:00\" \/>\n<meta property=\"og:image\" content=\"https:\/\/talogy.com\/wp-content\/uploads\/2025\/04\/iStock-984008166_770x578_purple.jpg\" \/>\n<meta name=\"twitter:card\" content=\"summary_large_image\" \/>\n<!-- \/ Yoast SEO plugin. -->","yoast_head_json":{"title":"Formations et \u00e9v\u00e9nements Talogy\u00a0\/ \u00c9v\u00e9nements et formations en Talent Management","description":"D\u00e9couvrez nos \u00e9v\u00e9nements pour explorer les th\u00e9matiques li\u00e9es au Talent Management, approfondir vos connaissances, \u00e9largir votre vision et augmenter votre impact au sein de votre entreprise.","robots":{"index":"index","follow":"follow","max-snippet":"max-snippet:-1","max-image-preview":"max-image-preview:large","max-video-preview":"max-video-preview:-1"},"canonical":"https:\/\/talogy.com\/fr\/a-propos-de-talogy\/evenements\/","og_locale":"fr_FR","og_type":"article","og_title":"Formations et \u00e9v\u00e9nements Talogy\u00a0\/ \u00c9v\u00e9nements et formations en Talent Management","og_description":"D\u00e9couvrez nos \u00e9v\u00e9nements pour explorer les th\u00e9matiques li\u00e9es au Talent Management, approfondir vos connaissances, \u00e9largir votre vision et augmenter votre impact au sein de votre entreprise.","og_url":"https:\/\/talogy.com\/fr\/a-propos-de-talogy\/evenements\/","og_site_name":"Talogy","article_modified_time":"2026-04-07T08:10:58+00:00","og_image":[{"url":"https:\/\/talogy.com\/wp-content\/uploads\/2025\/04\/iStock-984008166_770x578_purple.jpg","type":"","width":"","height":""}],"twitter_card":"summary_large_image","schema":{"@context":"https:\/\/schema.org","@graph":[{"@type":"WebPage","@id":"https:\/\/talogy.com\/fr\/a-propos-de-talogy\/evenements\/","url":"https:\/\/talogy.com\/fr\/a-propos-de-talogy\/evenements\/","name":"Formations et \u00e9v\u00e9nements Talogy\u00a0\/ \u00c9v\u00e9nements et formations en Talent Management","isPartOf":{"@id":"https:\/\/talogy.com\/fr\/#website"},"primaryImageOfPage":{"@id":"https:\/\/talogy.com\/fr\/a-propos-de-talogy\/evenements\/#primaryimage"},"image":{"@id":"https:\/\/talogy.com\/fr\/a-propos-de-talogy\/evenements\/#primaryimage"},"thumbnailUrl":"https:\/\/talogy.com\/wp-content\/uploads\/2025\/04\/iStock-984008166_770x578_purple.jpg","datePublished":"2022-02-23T11:11:26+00:00","dateModified":"2026-04-07T08:10:58+00:00","description":"D\u00e9couvrez nos \u00e9v\u00e9nements pour explorer les th\u00e9matiques li\u00e9es au Talent Management, approfondir vos connaissances, \u00e9largir votre vision et augmenter votre impact au sein de votre entreprise.","breadcrumb":{"@id":"https:\/\/talogy.com\/fr\/a-propos-de-talogy\/evenements\/#breadcrumb"},"inLanguage":"fr-FR","potentialAction":[{"@type":"ReadAction","target":["https:\/\/talogy.com\/fr\/a-propos-de-talogy\/evenements\/"]}]},{"@type":"ImageObject","inLanguage":"fr-FR","@id":"https:\/\/talogy.com\/fr\/a-propos-de-talogy\/evenements\/#primaryimage","url":"https:\/\/talogy.com\/wp-content\/uploads\/2025\/04\/iStock-984008166_770x578_purple.jpg","contentUrl":"https:\/\/talogy.com\/wp-content\/uploads\/2025\/04\/iStock-984008166_770x578_purple.jpg"},{"@type":"BreadcrumbList","@id":"https:\/\/talogy.com\/fr\/a-propos-de-talogy\/evenements\/#breadcrumb","itemListElement":[{"@type":"ListItem","position":1,"name":"Page d\u2019accueil","item":"https:\/\/talogy.com\/fr\/"},{"@type":"ListItem","position":2,"name":"Notre histoire","item":"https:\/\/talogy.com\/fr\/a-propos-de-talogy\/"},{"@type":"ListItem","position":3,"name":"Formations et \u00e9v\u00e9nements en Talent Management"}]},{"@type":"WebSite","@id":"https:\/\/talogy.com\/fr\/#website","url":"https:\/\/talogy.com\/fr\/","name":"Talogy","description":"Talogy Website","publisher":{"@id":"https:\/\/talogy.com\/fr\/#organization"},"potentialAction":[{"@type":"SearchAction","target":{"@type":"EntryPoint","urlTemplate":"https:\/\/talogy.com\/fr\/?s={search_term_string}"},"query-input":{"@type":"PropertyValueSpecification","valueRequired":true,"valueName":"search_term_string"}}],"inLanguage":"fr-FR"},{"@type":"Organization","@id":"https:\/\/talogy.com\/fr\/#organization","name":"Talogy","url":"https:\/\/talogy.com\/fr\/","logo":{"@type":"ImageObject","inLanguage":"fr-FR","@id":"https:\/\/talogy.com\/fr\/#\/schema\/logo\/image\/","url":"https:\/\/talogy.com\/wp-content\/uploads\/2022\/02\/logo-welcome.png","contentUrl":"https:\/\/talogy.com\/wp-content\/uploads\/2022\/02\/logo-welcome.png","width":336,"height":103,"caption":"Talogy"},"image":{"@id":"https:\/\/talogy.com\/fr\/#\/schema\/logo\/image\/"},"sameAs":["https:\/\/www.linkedin.com\/company\/talogy\/"]}]}},"_links":{"self":[{"href":"https:\/\/talogy.com\/fr\/wp-json\/wp\/v2\/pages\/18138","targetHints":{"allow":["GET"]}}],"collection":[{"href":"https:\/\/talogy.com\/fr\/wp-json\/wp\/v2\/pages"}],"about":[{"href":"https:\/\/talogy.com\/fr\/wp-json\/wp\/v2\/types\/page"}],"author":[{"embeddable":true,"href":"https:\/\/talogy.com\/fr\/wp-json\/wp\/v2\/users\/9"}],"replies":[{"embeddable":true,"href":"https:\/\/talogy.com\/fr\/wp-json\/wp\/v2\/comments?post=18138"}],"version-history":[{"count":4,"href":"https:\/\/talogy.com\/fr\/wp-json\/wp\/v2\/pages\/18138\/revisions"}],"predecessor-version":[{"id":142819,"href":"https:\/\/talogy.com\/fr\/wp-json\/wp\/v2\/pages\/18138\/revisions\/142819"}],"up":[{"embeddable":true,"href":"https:\/\/talogy.com\/fr\/wp-json\/wp\/v2\/pages\/18350"}],"wp:attachment":[{"href":"https:\/\/talogy.com\/fr\/wp-json\/wp\/v2\/media?parent=18138"}],"curies":[{"name":"wp","href":"https:\/\/api.w.org\/{rel}","templated":true}]}}