{"id":14182,"date":"2022-02-17T18:49:16","date_gmt":"2022-02-17T18:49:16","guid":{"rendered":"https:\/\/www.talogy.com\/?page_id=14182"},"modified":"2025-10-29T19:19:51","modified_gmt":"2025-10-29T19:19:51","slug":"secteurs-d-activite","status":"publish","type":"page","link":"https:\/\/talogy.com\/fr\/solutions\/secteurs-d-activite\/","title":{"rendered":"Secteurs verticaux du secteur"},"content":{"rendered":"\n<section class=\"wp-block-group alignfull hero-variation-four has-background has-global-padding is-layout-constrained wp-container-core-group-is-layout-b8cc06b1 wp-block-group-is-layout-constrained\" style=\"background:linear-gradient(135deg,rgb(255,255,255) 0%,rgb(245,235,255) 30%,rgb(232,195,255) 100%);padding-top:var(--wp--preset--spacing--50);padding-right:var(--wp--preset--spacing--20);padding-bottom:var(--wp--preset--spacing--50);padding-left:var(--wp--preset--spacing--20)\">\n<div class=\"wp-block-columns are-vertically-aligned-top is-layout-flex wp-container-core-columns-is-layout-28f84493 wp-block-columns-is-layout-flex\">\n<div class=\"wp-block-column is-vertically-aligned-top is-layout-flow wp-block-column-is-layout-flow\">\n<div class=\"wp-block-group has-global-padding is-layout-constrained wp-container-core-group-is-layout-6a165bb8 wp-block-group-is-layout-constrained\" style=\"margin-top:0;margin-bottom:0;padding-top:0;padding-right:0;padding-bottom:0;padding-left:0\"><div class=\"yoast-breadcrumbs\"><span><span><a href=\"https:\/\/talogy.com\/fr\/\">Page d\u2019accueil<\/a><\/span> \/ <span><a href=\"https:\/\/talogy.com\/fr\/solutions\/\">Solutions de Talent Management<\/a><\/span> \/ <span class=\"breadcrumb_last\" aria-current=\"page\"><strong>Expertise sectorielle en Talent Management<\/strong><\/span><\/span><\/div>\n\n\n<h1 class=\"wp-block-heading has-secondary-900-color has-text-color has-link-color has-xxxl-font-size wp-elements-281e512e4822566021cf79a344204b05\" style=\"font-style:normal;font-weight:800\">Expertise sectorielle en Talent Management<\/h1>\n\n\n\n<p class=\"has-secondary-900-color has-text-color has-link-color has-s-font-size wp-elements-9f34e77811a849de4e1e20b732754b89\" style=\"line-height:1.5\">En nous appuyant sur notre expertise sectorielle en Talent Management, nous vous proposons des solutions adapt\u00e9es pour effectuer de bons recrutements, d\u00e9velopper le potentiel de vos collaborateurs et constituer des \u00e9quipes performantes.<\/p>\n\n\n\n<div class=\"wp-block-buttons is-layout-flex wp-block-buttons-is-layout-flex\">\n<div class=\"wp-block-button\"><a class=\"wp-block-button__link wp-element-button\" href=\"#form\">Prenez contact avec un de nos consultants expert<\/a><\/div>\n<\/div>\n<\/div>\n<\/div>\n\n\n\n<div class=\"wp-block-column is-vertically-aligned-top is-layout-flow wp-block-column-is-layout-flow\">\n<figure class=\"wp-block-image aligncenter size-full has-custom-border\"><img decoding=\"async\" width=\"770\" height=\"578\" src=\"https:\/\/talogy.com\/wp-content\/uploads\/2025\/04\/hero-v4-lime-background-man-orange-button-down.jpg\" alt=\"man wearing orange button down shirt\" class=\"wp-image-104409\" style=\"border-radius:10px;box-shadow:var(--wp--preset--shadow--elevation-300)\" srcset=\"https:\/\/talogy.com\/wp-content\/uploads\/2025\/04\/hero-v4-lime-background-man-orange-button-down.jpg 770w, https:\/\/talogy.com\/wp-content\/uploads\/2025\/04\/hero-v4-lime-background-man-orange-button-down-300x225.jpg 300w, https:\/\/talogy.com\/wp-content\/uploads\/2025\/04\/hero-v4-lime-background-man-orange-button-down-768x576.jpg 768w\" sizes=\"(max-width: 770px) 100vw, 770px\" \/><\/figure>\n<\/div>\n<\/div>\n<\/section>\n\n\n\n<div class=\"wp-block-group alignwide has-global-padding is-layout-constrained wp-block-group-is-layout-constrained\">\n<div class=\"wp-block-group alignwide has-global-padding is-layout-constrained wp-block-group-is-layout-constrained\" style=\"padding-top:var(--wp--preset--spacing--50);padding-bottom:var(--wp--preset--spacing--50)\">\n<h2 class=\"wp-block-heading has-text-align-center has-primary-500-color has-text-color has-link-color wp-elements-09621d169665eb8780b3f736d6f8516e\">Nous comprenons les enjeux de votre secteur d\u2019activit\u00e9<\/h2>\n\n\n\n<p class=\"has-text-align-center\">Quels que soient vos d\u00e9fis, sachez que les plus grandes entreprises dans le monde nous font confiance pour s\u00e9lectionner, recruter et d\u00e9velopper les talents, afin de les aider \u00e0 r\u00e9soudre leurs probl\u00e9matiques actuelles, mais aussi de pr\u00e9parer l\u2019avenir.<\/p>\n\n\n\n<p class=\"has-text-align-center\">Nous avons une connaissance approfondie de votre secteur, car nos consultants conseillent des entreprises comme la v\u00f4tre depuis des d\u00e9cennies.\u202fNous parlons votre langue et nous avons con\u00e7u nos solutions et ressources pour les entreprises partout dans le monde.<\/p>\n\n\n\n<div class=\"wp-block-query is-layout-flow wp-block-query-is-layout-flow\"><ul class=\"columns-3 wp-block-post-template is-layout-grid wp-container-core-post-template-is-layout-6d3fbd8f wp-block-post-template-is-layout-grid\"><li class=\"wp-block-post post-26839 industry_verticals type-industry_verticals status-publish hentry tax_industry-services-entreprises\">\n<h3 class=\"has-link-color wp-elements-4af0793c81d687e3f86da2bbc620c7bd wp-block-post-title has-text-color has-primary-500-color\">Conseil et services aux entreprises<\/h3>\n\n<div class=\"has-link-color wp-elements-5343992af3c6f96d816b3a95202e1cd7 wp-block-post-excerpt has-text-color has-white-color\"><p class=\"wp-block-post-excerpt__excerpt\">Solutions pour le secteur du conseil et des services aux entreprises Comment pouvez-vous trouver, identifier\u2026<\/p><p class=\"wp-block-post-excerpt__more-text\"><a class=\"wp-block-post-excerpt__more-link\" href=\"https:\/\/talogy.com\/fr\/solutions\/secteurs-d-activite\/conseil-et-services-aux-entreprises\/\">En savoir plus<\/a><\/p><\/div>\n<\/li><li class=\"wp-block-post post-26846 industry_verticals type-industry_verticals status-publish hentry tax_industry-commerce\">\n<h3 class=\"has-link-color wp-elements-4af0793c81d687e3f86da2bbc620c7bd wp-block-post-title has-text-color has-primary-500-color\">Distribution<\/h3>\n\n<div class=\"has-link-color wp-elements-5343992af3c6f96d816b3a95202e1cd7 wp-block-post-excerpt has-text-color has-white-color\"><p class=\"wp-block-post-excerpt__excerpt\">Solutions pour le secteur de la distribution Les personnes qui repr\u00e9sentent votre marque aupr\u00e8s de\u2026<\/p><p class=\"wp-block-post-excerpt__more-text\"><a class=\"wp-block-post-excerpt__more-link\" href=\"https:\/\/talogy.com\/fr\/solutions\/secteurs-d-activite\/distribution\/\">En savoir plus<\/a><\/p><\/div>\n<\/li><li class=\"wp-block-post post-26847 industry_verticals type-industry_verticals status-publish hentry tax_industry-energie\">\n<h3 class=\"has-link-color wp-elements-4af0793c81d687e3f86da2bbc620c7bd wp-block-post-title has-text-color has-primary-500-color\">\u00c9nergie<\/h3>\n\n<div class=\"has-link-color wp-elements-5343992af3c6f96d816b3a95202e1cd7 wp-block-post-excerpt has-text-color has-white-color\"><p class=\"wp-block-post-excerpt__excerpt\">Solutions pour le secteur de l\u2019\u00e9nergie Identifiez les candidats capables d\u2019acqu\u00e9rir des comp\u00e9tences \u00e0 forte\u2026<\/p><p class=\"wp-block-post-excerpt__more-text\"><a class=\"wp-block-post-excerpt__more-link\" href=\"https:\/\/talogy.com\/fr\/solutions\/secteurs-d-activite\/energie\/\">En savoir plus<\/a><\/p><\/div>\n<\/li><li class=\"wp-block-post post-26835 industry_verticals type-industry_verticals status-publish has-post-thumbnail hentry tax_industry-industrie-fr\">\n<h3 class=\"has-link-color wp-elements-4af0793c81d687e3f86da2bbc620c7bd wp-block-post-title has-text-color has-primary-500-color\">Industrie<\/h3>\n\n<div class=\"has-link-color wp-elements-5343992af3c6f96d816b3a95202e1cd7 wp-block-post-excerpt has-text-color has-white-color\"><p class=\"wp-block-post-excerpt__excerpt\">Solutions pour le secteur de l\u2019industrie Pour r\u00e9pondre aux exigences \u00e9lev\u00e9es du secteur de l\u2019industrie,\u2026<\/p><p class=\"wp-block-post-excerpt__more-text\"><a class=\"wp-block-post-excerpt__more-link\" href=\"https:\/\/talogy.com\/fr\/solutions\/secteurs-d-activite\/industrie\/\">En savoir plus<\/a><\/p><\/div>\n<\/li><li class=\"wp-block-post post-26852 industry_verticals type-industry_verticals status-publish hentry tax_industry-automobile\">\n<h3 class=\"has-link-color wp-elements-4af0793c81d687e3f86da2bbc620c7bd wp-block-post-title has-text-color has-primary-500-color\">Industrie automobile<\/h3>\n\n<div class=\"has-link-color wp-elements-5343992af3c6f96d816b3a95202e1cd7 wp-block-post-excerpt has-text-color has-white-color\"><p class=\"wp-block-post-excerpt__excerpt\">Solutions pour l\u2019industrie automobile La s\u00e9lection et le d\u00e9veloppement des talents n\u00e9cessitent plus qu\u2019une simple\u2026<\/p><p class=\"wp-block-post-excerpt__more-text\"><a class=\"wp-block-post-excerpt__more-link\" href=\"https:\/\/talogy.com\/fr\/solutions\/secteurs-d-activite\/industrie-automobile\/\">En savoir plus<\/a><\/p><\/div>\n<\/li><li class=\"wp-block-post post-26848 industry_verticals type-industry_verticals status-publish hentry tax_industry-banque-assurance\">\n<h3 class=\"has-link-color wp-elements-4af0793c81d687e3f86da2bbc620c7bd wp-block-post-title has-text-color has-primary-500-color\">Solutions de Talent Management pour la Banque, Finance et Assurance<\/h3>\n\n<div class=\"has-link-color wp-elements-5343992af3c6f96d816b3a95202e1cd7 wp-block-post-excerpt has-text-color has-white-color\"><p class=\"wp-block-post-excerpt__excerpt\">Solutions de Talent Managementpour la Banque, Finance et Assurance Identifier et fid\u00e9liser les bons talents\u2026<\/p><p class=\"wp-block-post-excerpt__more-text\"><a class=\"wp-block-post-excerpt__more-link\" href=\"https:\/\/talogy.com\/fr\/solutions\/secteurs-d-activite\/banque-finance-et-assurance\/\">En savoir plus<\/a><\/p><\/div>\n<\/li><li class=\"wp-block-post post-26853 industry_verticals type-industry_verticals status-publish has-post-thumbnail hentry tax_industry-services-publics\">\n<h3 class=\"has-link-color wp-elements-4af0793c81d687e3f86da2bbc620c7bd wp-block-post-title has-text-color has-primary-500-color\">Solutions de Talent Management pour le secteur public<\/h3>\n\n<div class=\"has-link-color wp-elements-5343992af3c6f96d816b3a95202e1cd7 wp-block-post-excerpt has-text-color has-white-color\"><p class=\"wp-block-post-excerpt__excerpt\">Solutions de Talent Managementpour le secteur public La mise en \u0153uvre d\u2019un programme de Talent\u2026<\/p><p class=\"wp-block-post-excerpt__more-text\"><a class=\"wp-block-post-excerpt__more-link\" href=\"https:\/\/talogy.com\/fr\/solutions\/secteurs-d-activite\/secteur-public\/\">En savoir plus<\/a><\/p><\/div>\n<\/li><\/ul>\n\n\n\n<\/div>\n<\/div>\n<\/div>\n\n\n\n<div class=\"wp-block-group alignwide has-black-background-color has-background has-global-padding is-layout-constrained wp-block-group-is-layout-constrained\" style=\"margin-top:var(--wp--preset--spacing--40);margin-bottom:var(--wp--preset--spacing--40);padding-top:0;padding-bottom:0\">\n<div class=\"wp-block-columns alignwide is-layout-flex wp-container-core-columns-is-layout-85518bf0 wp-block-columns-is-layout-flex\" style=\"margin-top:0;margin-bottom:0;padding-top:var(--wp--preset--spacing--60);padding-bottom:var(--wp--preset--spacing--60)\">\n<div class=\"wp-block-column is-layout-flow wp-block-column-is-layout-flow\">\n<h2 class=\"wp-block-heading has-primary-500-color has-text-color has-link-color has-xxl-font-size wp-elements-2d5a9264b9b7191c8eb99c6b0044ddc7\" id=\"form\">Nous pouvons concevoir une solution personnalis\u00e9e et adapt\u00e9e aux besoins sp\u00e9cifiques \u00e0 votre secteur. Discutons-en.<\/h2>\n<\/div>\n\n\n\n<div class=\"wp-block-column is-vertically-aligned-top has-border-color has-white-background-color has-background is-layout-flow wp-block-column-is-layout-flow\" style=\"border-color:#A335FF;border-width:2px;border-radius:15px;padding-top:var(--wp--preset--spacing--10);padding-right:var(--wp--preset--spacing--10);padding-bottom:var(--wp--preset--spacing--10);padding-left:var(--wp--preset--spacing--10)\">\n<div class=\"wp-block-group has-white-background-color has-background has-global-padding is-layout-constrained wp-container-core-group-is-layout-b807a22d wp-block-group-is-layout-constrained\" style=\"margin-top:0;margin-bottom:0;padding-top:var(--wp--preset--spacing--40);padding-right:var(--wp--preset--spacing--40);padding-bottom:var(--wp--preset--spacing--40);padding-left:var(--wp--preset--spacing--40)\">\n<script data-ot-ignore type=\"text\/javascript\" src=\"https:\/\/js-eu1.hsforms.net\/forms\/v2.js\"><\/script>\n\n<script data-ot-ignore>\n(function() {\n    function createHubSpotForm() {\n        if (window.hbspt && window.hbspt.forms) {\n            hbspt.forms.create({\n                region: \"eu1\",\n                portalId: \"24974645\",\n                formId: \"77d31f76-3088-4d81-b1a6-83a00afbd652\"\n            });\n        } else {\n            setTimeout(createHubSpotForm, 100);\n        }\n    }\n    createHubSpotForm();\n})();\n<\/script>\n<\/div>\n<\/div>\n<\/div>\n<\/div>\n","protected":false},"excerpt":{"rendered":"<p>Expertise sectorielle en Talent Management En nous appuyant sur notre expertise sectorielle en Talent Management, nous vous proposons des solutions adapt\u00e9es pour effectuer de bons recrutements, d\u00e9velopper le potentiel de vos collaborateurs et constituer des \u00e9quipes performantes. Nous comprenons les enjeux de votre secteur d\u2019activit\u00e9 Quels que soient vos d\u00e9fis, sachez que les plus grandes [&hellip;]<\/p>\n","protected":false},"author":9,"featured_media":0,"parent":18167,"menu_order":0,"comment_status":"closed","ping_status":"closed","template":"general-template","meta":{"footnotes":""},"class_list":["post-14182","page","type-page","status-publish","hentry"],"yoast_head":"<!-- This site is optimized with the Yoast SEO plugin v27.3 - https:\/\/yoast.com\/product\/yoast-seo-wordpress\/ -->\n<title>\u202fExpertise du secteur de la gestion des talents<\/title>\n<meta name=\"description\" content=\"Gr\u00e2ce \u00e0 une expertise approfondie de l&#039;industrie en mati\u00e8re de gestion des talents, nous avons toutes les solutions dont vous avez besoin pour embaucher intelligemment, d\u00e9velopper le potentiel et cr\u00e9er une main-d&#039;\u0153uvre hautement performante.\" \/>\n<meta name=\"robots\" content=\"index, follow, max-snippet:-1, max-image-preview:large, max-video-preview:-1\" \/>\n<link rel=\"canonical\" href=\"https:\/\/talogy.com\/fr\/solutions\/secteurs-d-activite\/\" \/>\n<meta property=\"og:locale\" content=\"fr_FR\" \/>\n<meta property=\"og:type\" content=\"article\" \/>\n<meta property=\"og:title\" content=\"\u202fExpertise du secteur de la gestion des talents\" \/>\n<meta property=\"og:description\" content=\"Gr\u00e2ce \u00e0 une expertise approfondie de l&#039;industrie en mati\u00e8re de gestion des talents, nous avons toutes les solutions dont vous avez besoin pour embaucher intelligemment, d\u00e9velopper le potentiel et cr\u00e9er une main-d&#039;\u0153uvre hautement performante.\" \/>\n<meta property=\"og:url\" content=\"https:\/\/talogy.com\/fr\/solutions\/secteurs-d-activite\/\" \/>\n<meta property=\"og:site_name\" content=\"Talogy\" \/>\n<meta property=\"article:modified_time\" content=\"2025-10-29T19:19:51+00:00\" \/>\n<meta property=\"og:image\" content=\"https:\/\/talogy.com\/wp-content\/uploads\/2025\/04\/hero-v4-lime-background-man-orange-button-down.jpg\" \/>\n<meta name=\"twitter:card\" content=\"summary_large_image\" \/>\n<!-- \/ Yoast SEO plugin. -->","yoast_head_json":{"title":"\u202fExpertise du secteur de la gestion des talents","description":"Gr\u00e2ce \u00e0 une expertise approfondie de l'industrie en mati\u00e8re de gestion des talents, nous avons toutes les solutions dont vous avez besoin pour embaucher intelligemment, d\u00e9velopper le potentiel et cr\u00e9er une main-d'\u0153uvre hautement performante.","robots":{"index":"index","follow":"follow","max-snippet":"max-snippet:-1","max-image-preview":"max-image-preview:large","max-video-preview":"max-video-preview:-1"},"canonical":"https:\/\/talogy.com\/fr\/solutions\/secteurs-d-activite\/","og_locale":"fr_FR","og_type":"article","og_title":"\u202fExpertise du secteur de la gestion des talents","og_description":"Gr\u00e2ce \u00e0 une expertise approfondie de l'industrie en mati\u00e8re de gestion des talents, nous avons toutes les solutions dont vous avez besoin pour embaucher intelligemment, d\u00e9velopper le potentiel et cr\u00e9er une main-d'\u0153uvre hautement performante.","og_url":"https:\/\/talogy.com\/fr\/solutions\/secteurs-d-activite\/","og_site_name":"Talogy","article_modified_time":"2025-10-29T19:19:51+00:00","og_image":[{"url":"https:\/\/talogy.com\/wp-content\/uploads\/2025\/04\/hero-v4-lime-background-man-orange-button-down.jpg","type":"","width":"","height":""}],"twitter_card":"summary_large_image","schema":{"@context":"https:\/\/schema.org","@graph":[{"@type":"WebPage","@id":"https:\/\/talogy.com\/fr\/solutions\/secteurs-d-activite\/","url":"https:\/\/talogy.com\/fr\/solutions\/secteurs-d-activite\/","name":"\u202fExpertise du secteur de la gestion des talents","isPartOf":{"@id":"https:\/\/talogy.com\/fr\/#website"},"primaryImageOfPage":{"@id":"https:\/\/talogy.com\/fr\/solutions\/secteurs-d-activite\/#primaryimage"},"image":{"@id":"https:\/\/talogy.com\/fr\/solutions\/secteurs-d-activite\/#primaryimage"},"thumbnailUrl":"https:\/\/talogy.com\/wp-content\/uploads\/2025\/04\/hero-v4-lime-background-man-orange-button-down.jpg","datePublished":"2022-02-17T18:49:16+00:00","dateModified":"2025-10-29T19:19:51+00:00","description":"Gr\u00e2ce \u00e0 une expertise approfondie de l'industrie en mati\u00e8re de gestion des talents, nous avons toutes les solutions dont vous avez besoin pour embaucher intelligemment, d\u00e9velopper le potentiel et cr\u00e9er une main-d'\u0153uvre hautement performante.","breadcrumb":{"@id":"https:\/\/talogy.com\/fr\/solutions\/secteurs-d-activite\/#breadcrumb"},"inLanguage":"fr-FR","potentialAction":[{"@type":"ReadAction","target":["https:\/\/talogy.com\/fr\/solutions\/secteurs-d-activite\/"]}]},{"@type":"ImageObject","inLanguage":"fr-FR","@id":"https:\/\/talogy.com\/fr\/solutions\/secteurs-d-activite\/#primaryimage","url":"https:\/\/talogy.com\/wp-content\/uploads\/2025\/04\/hero-v4-lime-background-man-orange-button-down.jpg","contentUrl":"https:\/\/talogy.com\/wp-content\/uploads\/2025\/04\/hero-v4-lime-background-man-orange-button-down.jpg"},{"@type":"BreadcrumbList","@id":"https:\/\/talogy.com\/fr\/solutions\/secteurs-d-activite\/#breadcrumb","itemListElement":[{"@type":"ListItem","position":1,"name":"Page d\u2019accueil","item":"https:\/\/talogy.com\/fr\/"},{"@type":"ListItem","position":2,"name":"Solutions de Talent Management","item":"https:\/\/talogy.com\/fr\/solutions\/"},{"@type":"ListItem","position":3,"name":"Expertise sectorielle en Talent Management"}]},{"@type":"WebSite","@id":"https:\/\/talogy.com\/fr\/#website","url":"https:\/\/talogy.com\/fr\/","name":"Talogy","description":"Talogy Website","publisher":{"@id":"https:\/\/talogy.com\/fr\/#organization"},"potentialAction":[{"@type":"SearchAction","target":{"@type":"EntryPoint","urlTemplate":"https:\/\/talogy.com\/fr\/?s={search_term_string}"},"query-input":{"@type":"PropertyValueSpecification","valueRequired":true,"valueName":"search_term_string"}}],"inLanguage":"fr-FR"},{"@type":"Organization","@id":"https:\/\/talogy.com\/fr\/#organization","name":"Talogy","url":"https:\/\/talogy.com\/fr\/","logo":{"@type":"ImageObject","inLanguage":"fr-FR","@id":"https:\/\/talogy.com\/fr\/#\/schema\/logo\/image\/","url":"https:\/\/talogy.com\/wp-content\/uploads\/2022\/02\/logo-welcome.png","contentUrl":"https:\/\/talogy.com\/wp-content\/uploads\/2022\/02\/logo-welcome.png","width":336,"height":103,"caption":"Talogy"},"image":{"@id":"https:\/\/talogy.com\/fr\/#\/schema\/logo\/image\/"},"sameAs":["https:\/\/www.linkedin.com\/company\/talogy\/"]}]}},"_links":{"self":[{"href":"https:\/\/talogy.com\/fr\/wp-json\/wp\/v2\/pages\/14182","targetHints":{"allow":["GET"]}}],"collection":[{"href":"https:\/\/talogy.com\/fr\/wp-json\/wp\/v2\/pages"}],"about":[{"href":"https:\/\/talogy.com\/fr\/wp-json\/wp\/v2\/types\/page"}],"author":[{"embeddable":true,"href":"https:\/\/talogy.com\/fr\/wp-json\/wp\/v2\/users\/9"}],"replies":[{"embeddable":true,"href":"https:\/\/talogy.com\/fr\/wp-json\/wp\/v2\/comments?post=14182"}],"version-history":[{"count":8,"href":"https:\/\/talogy.com\/fr\/wp-json\/wp\/v2\/pages\/14182\/revisions"}],"predecessor-version":[{"id":132079,"href":"https:\/\/talogy.com\/fr\/wp-json\/wp\/v2\/pages\/14182\/revisions\/132079"}],"up":[{"embeddable":true,"href":"https:\/\/talogy.com\/fr\/wp-json\/wp\/v2\/pages\/18167"}],"wp:attachment":[{"href":"https:\/\/talogy.com\/fr\/wp-json\/wp\/v2\/media?parent=14182"}],"curies":[{"name":"wp","href":"https:\/\/api.w.org\/{rel}","templated":true}]}}