{"id":69853,"date":"2023-02-02T11:00:08","date_gmt":"2023-02-02T11:00:08","guid":{"rendered":"https:\/\/www.talogy.com\/?page_id=69853"},"modified":"2025-12-01T20:54:36","modified_gmt":"2025-12-01T20:54:36","slug":"valitse-talogy","status":"publish","type":"page","link":"https:\/\/talogy.com\/fi\/tietoa-talogysta\/valitse-talogy\/","title":{"rendered":"Miksi Talogy"},"content":{"rendered":"\n<section class=\"wp-block-group alignfull hero-variation-four has-background has-global-padding is-layout-constrained wp-container-core-group-is-layout-b8cc06b1 wp-block-group-is-layout-constrained\" style=\"background:linear-gradient(135deg,rgb(255,255,255) 0%,rgb(255,242,178) 23%,rgb(232,195,255) 48%,rgb(186,249,244) 100%);padding-top:var(--wp--preset--spacing--50);padding-right:var(--wp--preset--spacing--20);padding-bottom:var(--wp--preset--spacing--50);padding-left:var(--wp--preset--spacing--20)\">\n<div class=\"wp-block-columns are-vertically-aligned-top is-layout-flex wp-container-core-columns-is-layout-28f84493 wp-block-columns-is-layout-flex\">\n<div class=\"wp-block-column is-vertically-aligned-top is-layout-flow wp-block-column-is-layout-flow\">\n<div class=\"wp-block-group has-global-padding is-layout-constrained wp-container-core-group-is-layout-6a165bb8 wp-block-group-is-layout-constrained\" style=\"margin-top:0;margin-bottom:0;padding-top:0;padding-right:0;padding-bottom:0;padding-left:0\"><div class=\"yoast-breadcrumbs\"><span><span><a href=\"https:\/\/talogy.com\/fi\/\">Kotisivu<\/a><\/span> \/ <span><a href=\"https:\/\/talogy.com\/fi\/tietoa-talogysta\/\">Tarinamme<\/a><\/span> \/ <span class=\"breadcrumb_last\" aria-current=\"page\"><strong>Miksi Talogy<\/strong><\/span><\/span><\/div>\n\n\n<h1 class=\"wp-block-heading has-secondary-900-color has-text-color has-link-color has-xxxl-font-size wp-elements-394ce9b91823b8bf9b250b494e8e8a7d\" style=\"font-style:normal;font-weight:800\">Miksi Talogy<\/h1>\n\n\n\n<p class=\"has-secondary-900-color has-text-color has-link-color has-s-font-size wp-elements-d0e03c2466fda6666db5ce260fa49de7\" style=\"line-height:1.5\">Talogy tarjoaa joustavia ja ihmisl\u00e4ht\u00f6isi\u00e4 ratkaisuja, jotka on optimoitu talent managementin tarpeisiin yli 75 vuoden kokemuksella ja asiantuntijuudella.<\/p>\n\n\n\n<div class=\"wp-block-buttons is-layout-flex wp-block-buttons-is-layout-flex\">\n<div class=\"wp-block-button\"><a class=\"wp-block-button__link wp-element-button\" href=\"#form\">Ota asiantuntijaan yhteytt\u00e4<\/a><\/div>\n<\/div>\n<\/div>\n<\/div>\n\n\n\n<div class=\"wp-block-column is-vertically-aligned-top is-layout-flow wp-block-column-is-layout-flow\">\n<figure class=\"wp-block-image aligncenter size-full has-custom-border\"><img decoding=\"async\" width=\"770\" height=\"578\" src=\"https:\/\/talogy.com\/wp-content\/uploads\/2025\/04\/iStock-1862958352_770x578_yellow.jpg\" alt=\"\" class=\"wp-image-108954\" style=\"border-radius:10px;box-shadow:var(--wp--preset--shadow--elevation-300)\" srcset=\"https:\/\/talogy.com\/wp-content\/uploads\/2025\/04\/iStock-1862958352_770x578_yellow.jpg 770w, https:\/\/talogy.com\/wp-content\/uploads\/2025\/04\/iStock-1862958352_770x578_yellow-300x225.jpg 300w, https:\/\/talogy.com\/wp-content\/uploads\/2025\/04\/iStock-1862958352_770x578_yellow-768x576.jpg 768w\" sizes=\"(max-width: 770px) 100vw, 770px\" \/><\/figure>\n<\/div>\n<\/div>\n<\/section>\n\n\n\n<div class=\"wp-block-columns alignwide two-keyline-columns is-layout-flex wp-container-core-columns-is-layout-eae17e81 wp-block-columns-is-layout-flex\" style=\"margin-top:var(--wp--preset--spacing--70);margin-bottom:var(--wp--preset--spacing--70)\">\n<div class=\"wp-block-column has-border-color has-primary-50-background-color has-background is-layout-flow wp-container-core-column-is-layout-ca22b8fc wp-block-column-is-layout-flow\" style=\"border-color:#822ACC;border-width:2px;border-radius:15px;padding-top:var(--wp--preset--spacing--30);padding-right:var(--wp--preset--spacing--20);padding-bottom:var(--wp--preset--spacing--30);padding-left:var(--wp--preset--spacing--20)\">\n<h2 class=\"wp-block-heading has-text-align-center has-primary-600-color has-text-color has-link-color wp-elements-3c9e99482208de10005dfff7d06ec40f\" style=\"letter-spacing:-0.36px\">Keskity olennaiseen<\/h2>\n\n\n\n<p class=\"has-text-align-center has-black-color has-text-color has-link-color wp-elements-6d98737be71ddef0cf01b341bf626073\">Yksinkertainen on kaunista. Keskitymme siihen, mik\u00e4 luo menestyst\u00e4 haasteiden sijaan. Yhdist\u00e4m\u00e4ll\u00e4 k\u00e4yt\u00e4nn\u00f6llisen l\u00e4hestymistavan joustavaan modulaariseen arviointiteknologiamme luomme ratkaisuja, jotka minimoivat tarvittavia resursseja, optimoivat ty\u00f6ntekij\u00f6iden sitoutumista ja tuottavat haluttuja tuloksia.<\/p>\n<\/div>\n\n\n\n<div class=\"wp-block-column has-border-color has-teal-50-background-color has-background is-layout-flow wp-container-core-column-is-layout-ca22b8fc wp-block-column-is-layout-flow\" style=\"border-color:#822ACC;border-width:2px;border-radius:15px;padding-top:var(--wp--preset--spacing--30);padding-right:var(--wp--preset--spacing--20);padding-bottom:var(--wp--preset--spacing--30);padding-left:var(--wp--preset--spacing--20)\">\n<h2 class=\"wp-block-heading has-text-align-center has-black-color has-text-color has-link-color wp-elements-4bc7060a1faefdd65ed182f20ab57212\" style=\"letter-spacing:-0.36px\">Talent-ratkaisuja, jotka on rakennettu kest\u00e4m\u00e4\u00e4n<\/h2>\n\n\n\n<p class=\"has-text-align-center has-black-color has-text-color has-link-color wp-elements-c69e21fef478696755c738a36444a914\">Maailma ja samalla my\u00f6s ty\u00f6el\u00e4m\u00e4 muuttuvat nopeasti. Varmistamme kanssanne, ett\u00e4 <a href=\"https:\/\/talogy.com\/fi\/ratkaisut\/\"><strong>talent-ratkaisunne<\/strong><\/a> kehittyv\u00e4t ja muuttuvat mukana. Asiantuntijamme tarkastelevat ja optimoivat k\u00e4yt\u00f6ss\u00e4nne olevia ratkaisuja yhteisty\u00f6ss\u00e4 teid\u00e4n kanssanne jatkuvan tehokkuuden takaamiseksi.<\/p>\n<\/div>\n\n\n\n<div class=\"wp-block-column has-border-color has-primary-50-background-color has-background is-layout-flow wp-container-core-column-is-layout-ca22b8fc wp-block-column-is-layout-flow\" style=\"border-color:#822ACC;border-width:2px;border-radius:15px;padding-top:var(--wp--preset--spacing--30);padding-right:var(--wp--preset--spacing--20);padding-bottom:var(--wp--preset--spacing--30);padding-left:var(--wp--preset--spacing--20)\">\n<h2 class=\"wp-block-heading has-text-align-center has-primary-600-color has-text-color has-link-color wp-elements-e5f84b6263013822ecf1b8d367c359c6\" style=\"letter-spacing:-0.36px\">Vaikutus organisaation tuloksiin<\/h2>\n\n\n\n<p class=\"has-text-align-center has-black-color has-text-color has-link-color wp-elements-6ad7a08c782feb01f98f742f4448e17a\">Oikeilla tiedoilla voi olla valtava vaikutus organisaation tehokkuuteen mutta vain, jos tiedolla saadaan tehokkaasti lis\u00e4tty\u00e4 ymm\u00e4rryst\u00e4 ja toimintaa. Olemme ylpeit\u00e4 k\u00e4yt\u00e4nn\u00f6nl\u00e4heisist\u00e4, toimintaan keskittyvist\u00e4 sis\u00e4ll\u00f6ist\u00e4, jotka ovat asiakkaidemme hy\u00f6dynnett\u00e4viss\u00e4 raporttien, dashboardien ja asiantuntijoidemme avulla.<\/p>\n<\/div>\n<\/div>\n\n\n\n<div class=\"wp-block-columns alignwide are-vertically-aligned-center has-border-color is-layout-flex wp-container-core-columns-is-layout-bbf6143c wp-block-columns-is-layout-flex\" style=\"border-color:#A335FF;border-width:2px;border-radius:15px;padding-top:var(--wp--preset--spacing--30);padding-right:var(--wp--preset--spacing--30);padding-bottom:var(--wp--preset--spacing--30);padding-left:var(--wp--preset--spacing--30)\">\n<div class=\"wp-block-column is-vertically-aligned-center is-layout-flow wp-block-column-is-layout-flow\" style=\"flex-basis:40%\">\n<script data-ot-ignore src=\"https:\/\/fast.wistia.com\/player.js\" async><\/script><script src=\"https:\/\/fast.wistia.com\/embed\/j9m04u9xex.js\" async type=\"module\"><\/script><style>wistia-player[media-id='j9m04u9xex']:not(:defined) { background: center \/ contain no-repeat url('https:\/\/fast.wistia.com\/embed\/medias\/j9m04u9xex\/swatch'); display: block; filter: blur(5px); padding-top:56.25%; }<\/style> <wistia-player media-id=\"j9m04u9xex\" aspect=\"1.7777777777777777\"><\/wistia-player>\n<\/div>\n\n\n\n<div class=\"wp-block-column is-vertically-aligned-center is-layout-flow wp-block-column-is-layout-flow\">\n<h2 class=\"wp-block-heading\">Suunnittele toimintaa dataa hy\u00f6dynt\u00e4en<\/h2>\n\n\n\n<ul class=\"wp-block-list\">\n<li>Yli 150 psykologia ja psykometriikan asiantuntijaa apunasi<\/li>\n\n\n\n<li>Raportit, dashboardit ja henkil\u00f6kohtaiset palautteet toiminnan suunnittelun pohjana<\/li>\n\n\n\n<li>Selke\u00e4t raportit tulosten sis\u00e4ist\u00e4miseen ja henkil\u00f6iden sitouttamiseen<\/li>\n\n\n\n<li>Laaja valikoima <a href=\"https:\/\/talogy.com\/fi\/ratkaisut\/talogyn-konsultointiratkaisut\/\">konsultointipalveluita <\/a>arvioinnissa tunnistettujen osaajien kehitt\u00e4miseen<\/li>\n<\/ul>\n\n\n\n<div class=\"wp-block-buttons is-layout-flex wp-block-buttons-is-layout-flex\">\n<div class=\"wp-block-button\"><a class=\"wp-block-button__link wp-element-button\" href=\"#form\">Keskustellaan<\/a><\/div>\n<\/div>\n<\/div>\n<\/div>\n\n\n<section class=\"wp-block-talogytheme-carousel\">\n\t<div class=\"carousel-content\">\n\t\t\n<div class=\"wp-block-group has-global-padding is-layout-constrained wp-container-core-group-is-layout-90d09d9c wp-block-group-is-layout-constrained\">\n<h2 class=\"wp-block-heading\">Miten erottaudumme muista<\/h2>\n<\/div>\n\n\n\n\n\n\n\n\n\n\n\n\n\n\n\n\n\n\t<\/div>\n\t<div class=\"swiper carousel\">\n\t\t<div class=\"swiper-wrapper\">\n\t\t\t\t\t\t\t<div class=\"swiper-slide\">\n\t\t\t\t\t<div class=\"wp-block-talogytheme-carousel-card\">\n\t\n\n<figure class=\"wp-block-image size-full is-resized\"><img decoding=\"async\" src=\"https:\/\/talogy.com\/wp-content\/uploads\/2023\/07\/icon-emotional-intelligence-purple-background.svg\" alt=\"emotional intelligence icon\" class=\"wp-image-78964\" style=\"width:81px;height:auto\"><\/figure>\n\n\n\n<h3 class=\"wp-block-heading has-xl-font-size\">Kumppanuuden perustan rakentaminen<\/h3>\n\n\n\n<p>L\u00e4ht\u00f6kohtanamme on aina ymm\u00e4rt\u00e4\u00e4 teid\u00e4n tarpeitanne. Arvostamme organisaationne asiantuntemusta ja uskomme, ett\u00e4 yhdist\u00e4m\u00e4ll\u00e4 sen omaan asiantuntemukseemme talent managementista voimme luoda henkil\u00f6st\u00f6nne kannalta oikeasti tehokkaita ratkaisuja.<\/p>\n\n<\/div>\t\t\t\t\t<div class=\"swiper-button-next\"><\/div>\n\t\t\t\t\t<div class=\"swiper-button-prev\"><\/div>\n\t\t\t\t<\/div>\n\t\t\t\t\t\t\t<div class=\"swiper-slide\">\n\t\t\t\t\t<div class=\"wp-block-talogytheme-carousel-card\">\n\t\n\n<figure class=\"wp-block-image size-full is-resized\"><img decoding=\"async\" src=\"https:\/\/talogy.com\/wp-content\/uploads\/2023\/06\/icon-leading-change-purple-background.svg\" alt=\"icon leading change\" class=\"wp-image-77521\" style=\"width:82px;height:auto\"><\/figure>\n\n\n\n<h3 class=\"wp-block-heading has-xl-font-size\">Joustava l\u00e4hestymistapa<\/h3>\n\n\n\n<p>Vaikka ratkaisumme pohjaavat vahvasti tieteeseen, ymm\u00e4rr\u00e4mme, ett\u00e4 mink\u00e4 tahansa ihmisiin keskittyv\u00e4n ratkaisun on huomioitava nyansseja, oltava joustava ja sovittava tarkoitettuun kontekstiin.<\/p>\n\n<\/div>\t\t\t\t\t<div class=\"swiper-button-next\"><\/div>\n\t\t\t\t\t<div class=\"swiper-button-prev\"><\/div>\n\t\t\t\t<\/div>\n\t\t\t\t\t\t\t<div class=\"swiper-slide\">\n\t\t\t\t\t<div class=\"wp-block-talogytheme-carousel-card\">\n\t\n\n<div class=\"wp-block-outermost-icon-block\"><div class=\"icon-container\" style=\"width:48px\"><\/div><\/div>\n\n\n\n<figure class=\"wp-block-image size-full is-resized\"><img decoding=\"async\" src=\"https:\/\/talogy.com\/wp-content\/uploads\/2022\/01\/icon-remote-manager-purple-background.svg\" alt=\"remote manager icon\" class=\"wp-image-12022\" style=\"width:79px;height:auto\"><\/figure>\n\n\n\n<h3 class=\"wp-block-heading has-xl-font-size\">Globaali ulottuvuus<\/h3>\n\n\n\n<p>Talogyn asiantuntijat ty\u00f6skentelev\u00e4t eri puolilla maailmaa tehden tiivist\u00e4 yhteisty\u00f6t\u00e4 sek\u00e4 toistensa ett\u00e4 asiakkaidemme kanssa. T\u00e4m\u00e4n ansiosta pystymme suunnittelemaan sek\u00e4 toteuttamaan helposti ja tehokkaasti ratkaisuja asiakkaillemme kaikkialla maailmassa.<\/p>\n\n<\/div>\t\t\t\t\t<div class=\"swiper-button-next\"><\/div>\n\t\t\t\t\t<div class=\"swiper-button-prev\"><\/div>\n\t\t\t\t<\/div>\n\t\t\t\t\t\t\t<div class=\"swiper-slide\">\n\t\t\t\t\t<div class=\"wp-block-talogytheme-carousel-card\">\n\t\n\n<div class=\"wp-block-outermost-icon-block\"><div class=\"icon-container\" style=\"width:48px\"><\/div><\/div>\n\n\n\n<figure class=\"wp-block-image size-full is-resized\"><img decoding=\"async\" src=\"https:\/\/talogy.com\/wp-content\/uploads\/2023\/06\/icon-growth-purple-background.svg\" alt=\"growth icon\" class=\"wp-image-77658\" style=\"width:86px;height:auto\"><\/figure>\n\n\n\n<h3 class=\"wp-block-heading has-xl-font-size\">Yli 75 vuoden kokemus ja asiantuntemus<\/h3>\n\n\n\n<p>Olemme vuodesta 1946 l\u00e4htien kerrytt\u00e4neet kokemusta talent managementista ja siihen liittyvist\u00e4 ratkaisuista. T\u00e4t\u00e4 laajaa kokoemusta hy\u00f6dynt\u00e4en asiantuntijamme ovat valmiina auttamaan teit\u00e4 sellaisten ratkaisujen l\u00f6yt\u00e4misess\u00e4, jotka vastaavat vaikeimpiinkin talent haasteisiinne<\/p>\n\n<\/div>\t\t\t\t\t<div class=\"swiper-button-next\"><\/div>\n\t\t\t\t\t<div class=\"swiper-button-prev\"><\/div>\n\t\t\t\t<\/div>\n\t\t\t\t\t\t\t<div class=\"swiper-slide\">\n\t\t\t\t\t<div class=\"wp-block-talogytheme-carousel-card\">\n\t\n\n<div class=\"wp-block-outermost-icon-block\"><div class=\"icon-container\" style=\"width:48px\"><\/div><\/div>\n\n\n\n<figure class=\"wp-block-image size-full is-resized\"><img decoding=\"async\" src=\"https:\/\/talogy.com\/wp-content\/uploads\/2023\/07\/icon-expert-purple-background.svg\" alt=\"expert icon\" class=\"wp-image-78978\" style=\"width:85px;height:auto\"><\/figure>\n\n\n\n<h3 class=\"wp-block-heading has-xl-font-size\">Ratkaisujen optimointi ja jatkuva p\u00e4ivitt\u00e4minen<\/h3>\n\n\n\n<p>Panostamme kumppanuuden rakentamiseen. Tiiviin yhteisty\u00f6n kautta varmistamme, ett\u00e4 valitsemanne ratkaisut ovat toimivia niin lyhyell\u00e4 kuin pitk\u00e4ll\u00e4kin aikav\u00e4lill\u00e4. T\u00e4st\u00e4 hyv\u00e4n\u00e4 osoituksena ovat asiakkaamme, jotka ovat ty\u00f6skennelleet kanssamme jo yli 20 vuoden ajan.<\/p>\n\n<\/div>\t\t\t\t\t<div class=\"swiper-button-next\"><\/div>\n\t\t\t\t\t<div class=\"swiper-button-prev\"><\/div>\n\t\t\t\t<\/div>\n\t\t\t\t\t<\/div>\n\t\t<div class=\"swiper-pagination\"><\/div>\n\t<\/div>\n<\/section>\n\n\n\n<hr class=\"wp-block-separator has-text-color has-primary-500-color has-alpha-channel-opacity has-primary-500-background-color has-background is-style-wide\"\/>\n\n\n\n<h2 class=\"wp-block-heading has-text-align-center has-primary-500-color has-text-color has-link-color wp-elements-b461dc114bdc630faa6b8d12cc7e4767\">Hy\u00f6ty asiakkaillemme<\/h2>\n\n\n\n<div class=\"wp-block-columns is-layout-flex wp-container-core-columns-is-layout-28f84493 wp-block-columns-is-layout-flex\">\n<div class=\"wp-block-column is-layout-flow wp-block-column-is-layout-flow\">\n<div class=\"wp-block-group numeric-stats has-black-background-color has-background has-global-padding is-layout-constrained wp-block-group-is-layout-constrained\">\n<p class=\"has-text-align-center o-count-delay-100ms has-primary-500-color has-text-color has-link-color wp-elements-77a4adac01dc85338b40c958e6293542\" style=\"font-size:clamp(42.068px, 2.629rem + ((1vw - 6px) * 6.322), 80px);font-style:normal;font-weight:700\">95%<\/p>\n\n\n\n<p class=\"has-white-color has-text-color has-link-color has-body-font-family has-l-font-size wp-elements-f80094a993e3faf7201f90acbf1dfff2\" style=\"font-style:normal;font-weight:bold\">asiakkaistamme on sit\u00e4 mielt\u00e4, ett\u00e4 olemme helpottaneet heid\u00e4n ty\u00f6t\u00e4\u00e4n<\/p>\n<\/div>\n<\/div>\n\n\n\n<div class=\"wp-block-column is-layout-flow wp-block-column-is-layout-flow\">\n<div class=\"wp-block-group numeric-stats has-black-background-color has-background has-global-padding is-layout-constrained wp-block-group-is-layout-constrained\">\n<p class=\"has-text-align-center o-count-delay-100ms has-primary-500-color has-text-color has-link-color wp-elements-7d27fc40e5560b385c8507a0e16533b7\" style=\"font-size:clamp(42.068px, 2.629rem + ((1vw - 6px) * 6.322), 80px);font-style:normal;font-weight:700\">97%<\/p>\n\n\n\n<p class=\"has-white-color has-text-color has-link-color has-body-font-family has-l-font-size wp-elements-e513849cee895b5532d073f422b9aae3\" style=\"font-style:normal;font-weight:bold\">kokee rekrytointien laadun parantuneen<\/p>\n<\/div>\n<\/div>\n\n\n\n<div class=\"wp-block-column is-layout-flow wp-block-column-is-layout-flow\">\n<div class=\"wp-block-group numeric-stats has-black-background-color has-background has-global-padding is-layout-constrained wp-block-group-is-layout-constrained\">\n<p class=\"has-text-align-center o-count-delay-100ms has-primary-500-color has-text-color has-link-color wp-elements-7d27fc40e5560b385c8507a0e16533b7\" style=\"font-size:clamp(42.068px, 2.629rem + ((1vw - 6px) * 6.322), 80px);font-style:normal;font-weight:700\">97%<\/p>\n\n\n\n<p class=\"has-white-color has-text-color has-link-color has-body-font-family has-l-font-size wp-elements-4f0f6d3ee5cff654f829a33e562040d2\" style=\"font-style:normal;font-weight:bold\">kertoo palveluidemme auttaneet heit\u00e4 kehitt\u00e4m\u00e4\u00e4n parempia johtajia<\/p>\n<\/div>\n<\/div>\n<\/div>\n\n\n\n<hr class=\"wp-block-separator has-text-color has-primary-500-color has-alpha-channel-opacity has-primary-500-background-color has-background is-style-wide\" style=\"margin-top:var(--wp--preset--spacing--70);margin-bottom:var(--wp--preset--spacing--40)\"\/>\n\n\n\n<div class=\"wp-block-group alignwide has-black-background-color has-background has-global-padding is-layout-constrained wp-block-group-is-layout-constrained\" style=\"margin-top:var(--wp--preset--spacing--40);margin-bottom:var(--wp--preset--spacing--40);padding-top:0;padding-bottom:0\">\n<div class=\"wp-block-columns alignwide is-layout-flex wp-container-core-columns-is-layout-85518bf0 wp-block-columns-is-layout-flex\" style=\"margin-top:0;margin-bottom:0;padding-top:var(--wp--preset--spacing--60);padding-bottom:var(--wp--preset--spacing--60)\">\n<div class=\"wp-block-column is-layout-flow wp-block-column-is-layout-flow\">\n<h2 class=\"wp-block-heading has-primary-500-color has-text-color has-link-color has-xxl-font-size wp-elements-abfc6a82298572d437377fa7d51d5b37\" id=\"form\">Oletko valmis keskustelemaan talent-haasteistanne?<\/h2>\n\n\n\n<p>Me kuuntelemme ja luomme teid\u00e4n tarpeisiinne sopivia ratkaisuja.<\/p>\n<\/div>\n\n\n\n<div class=\"wp-block-column is-vertically-aligned-top has-border-color has-white-background-color has-background is-layout-flow wp-block-column-is-layout-flow\" style=\"border-color:#A335FF;border-width:2px;border-radius:15px;padding-top:var(--wp--preset--spacing--10);padding-right:var(--wp--preset--spacing--10);padding-bottom:var(--wp--preset--spacing--10);padding-left:var(--wp--preset--spacing--10)\">\n<div class=\"wp-block-group has-white-background-color has-background has-global-padding is-layout-constrained wp-container-core-group-is-layout-b807a22d wp-block-group-is-layout-constrained\" style=\"margin-top:0;margin-bottom:0;padding-top:var(--wp--preset--spacing--40);padding-right:var(--wp--preset--spacing--40);padding-bottom:var(--wp--preset--spacing--40);padding-left:var(--wp--preset--spacing--40)\">\n<script data-ot-ignore type=\"text\/javascript\" src=\"https:\/\/js-eu1.hsforms.net\/forms\/v2.js\"><\/script>\n\n<script>\n(function() {\n    function createHubSpotForm() {\n        if (window.hbspt && window.hbspt.forms) {\n            hbspt.forms.create({\n                region: \"eu1\",\n                portalId: \"24974645\",\n                formId: \"ed3bf3d0-26ba-4bc2-ad80-e5b4cf17c68c\"\n            });\n        } else {\n            setTimeout(createHubSpotForm, 100);\n        }\n    }\n    createHubSpotForm();\n})();\n<\/script>\n<\/div>\n<\/div>\n<\/div>\n<\/div>\n","protected":false},"excerpt":{"rendered":"<p>Miksi Talogy Talogy tarjoaa joustavia ja ihmisl\u00e4ht\u00f6isi\u00e4 ratkaisuja, jotka on optimoitu talent managementin tarpeisiin yli 75 vuoden kokemuksella ja asiantuntijuudella. Keskity olennaiseen Yksinkertainen on kaunista. Keskitymme siihen, mik\u00e4 luo menestyst\u00e4 haasteiden sijaan. Yhdist\u00e4m\u00e4ll\u00e4 k\u00e4yt\u00e4nn\u00f6llisen l\u00e4hestymistavan joustavaan modulaariseen arviointiteknologiamme luomme ratkaisuja, jotka minimoivat tarvittavia resursseja, optimoivat ty\u00f6ntekij\u00f6iden sitoutumista ja tuottavat haluttuja tuloksia. Talent-ratkaisuja, jotka on rakennettu [&hellip;]<\/p>\n","protected":false},"author":9,"featured_media":0,"parent":69850,"menu_order":0,"comment_status":"closed","ping_status":"closed","template":"general-template","meta":{"footnotes":""},"class_list":["post-69853","page","type-page","status-publish","hentry"],"yoast_head":"<!-- This site is optimized with the Yoast SEO plugin v27.2 - https:\/\/yoast.com\/product\/yoast-seo-wordpress\/ -->\n<title>Miksi valita Talogy? | Talogy<\/title>\n<meta name=\"description\" content=\"Tutustu siihen, mik\u00e4 tekee Talogysta luotettavan talent management kumppanin. Katso, miten asiantuntijaratkaisumme sek\u00e4 innovatiivinen l\u00e4hestymistapamme edesauttavat organisaation menestyst\u00e4.\" \/>\n<meta name=\"robots\" content=\"index, follow, max-snippet:-1, max-image-preview:large, max-video-preview:-1\" \/>\n<link rel=\"canonical\" href=\"https:\/\/talogy.com\/fi\/tietoa-talogysta\/valitse-talogy\/\" \/>\n<meta property=\"og:locale\" content=\"fi_FI\" \/>\n<meta property=\"og:type\" content=\"article\" \/>\n<meta property=\"og:title\" content=\"Miksi valita Talogy? | Talogy\" \/>\n<meta property=\"og:description\" content=\"Tutustu siihen, mik\u00e4 tekee Talogysta luotettavan talent management kumppanin. Katso, miten asiantuntijaratkaisumme sek\u00e4 innovatiivinen l\u00e4hestymistapamme edesauttavat organisaation menestyst\u00e4.\" \/>\n<meta property=\"og:url\" content=\"https:\/\/talogy.com\/fi\/tietoa-talogysta\/valitse-talogy\/\" \/>\n<meta property=\"og:site_name\" content=\"Talogy\" \/>\n<meta property=\"article:modified_time\" content=\"2025-12-01T20:54:36+00:00\" \/>\n<meta property=\"og:image\" content=\"https:\/\/talogy.com\/wp-content\/uploads\/2025\/04\/iStock-1862958352_770x578_yellow.jpg\" \/>\n<meta name=\"twitter:card\" content=\"summary_large_image\" \/>\n<!-- \/ Yoast SEO plugin. -->","yoast_head_json":{"title":"Miksi valita Talogy? | Talogy","description":"Tutustu siihen, mik\u00e4 tekee Talogysta luotettavan talent management kumppanin. Katso, miten asiantuntijaratkaisumme sek\u00e4 innovatiivinen l\u00e4hestymistapamme edesauttavat organisaation menestyst\u00e4.","robots":{"index":"index","follow":"follow","max-snippet":"max-snippet:-1","max-image-preview":"max-image-preview:large","max-video-preview":"max-video-preview:-1"},"canonical":"https:\/\/talogy.com\/fi\/tietoa-talogysta\/valitse-talogy\/","og_locale":"fi_FI","og_type":"article","og_title":"Miksi valita Talogy? | Talogy","og_description":"Tutustu siihen, mik\u00e4 tekee Talogysta luotettavan talent management kumppanin. Katso, miten asiantuntijaratkaisumme sek\u00e4 innovatiivinen l\u00e4hestymistapamme edesauttavat organisaation menestyst\u00e4.","og_url":"https:\/\/talogy.com\/fi\/tietoa-talogysta\/valitse-talogy\/","og_site_name":"Talogy","article_modified_time":"2025-12-01T20:54:36+00:00","og_image":[{"url":"https:\/\/talogy.com\/wp-content\/uploads\/2025\/04\/iStock-1862958352_770x578_yellow.jpg","type":"","width":"","height":""}],"twitter_card":"summary_large_image","schema":{"@context":"https:\/\/schema.org","@graph":[{"@type":"WebPage","@id":"https:\/\/talogy.com\/fi\/tietoa-talogysta\/valitse-talogy\/","url":"https:\/\/talogy.com\/fi\/tietoa-talogysta\/valitse-talogy\/","name":"Miksi valita Talogy? | Talogy","isPartOf":{"@id":"https:\/\/talogy.com\/fi\/#website"},"primaryImageOfPage":{"@id":"https:\/\/talogy.com\/fi\/tietoa-talogysta\/valitse-talogy\/#primaryimage"},"image":{"@id":"https:\/\/talogy.com\/fi\/tietoa-talogysta\/valitse-talogy\/#primaryimage"},"thumbnailUrl":"https:\/\/talogy.com\/wp-content\/uploads\/2025\/04\/iStock-1862958352_770x578_yellow.jpg","datePublished":"2023-02-02T11:00:08+00:00","dateModified":"2025-12-01T20:54:36+00:00","description":"Tutustu siihen, mik\u00e4 tekee Talogysta luotettavan talent management kumppanin. Katso, miten asiantuntijaratkaisumme sek\u00e4 innovatiivinen l\u00e4hestymistapamme edesauttavat organisaation menestyst\u00e4.","breadcrumb":{"@id":"https:\/\/talogy.com\/fi\/tietoa-talogysta\/valitse-talogy\/#breadcrumb"},"inLanguage":"fi-fi","potentialAction":[{"@type":"ReadAction","target":["https:\/\/talogy.com\/fi\/tietoa-talogysta\/valitse-talogy\/"]}]},{"@type":"ImageObject","inLanguage":"fi-fi","@id":"https:\/\/talogy.com\/fi\/tietoa-talogysta\/valitse-talogy\/#primaryimage","url":"https:\/\/talogy.com\/wp-content\/uploads\/2025\/04\/iStock-1862958352_770x578_yellow.jpg","contentUrl":"https:\/\/talogy.com\/wp-content\/uploads\/2025\/04\/iStock-1862958352_770x578_yellow.jpg"},{"@type":"BreadcrumbList","@id":"https:\/\/talogy.com\/fi\/tietoa-talogysta\/valitse-talogy\/#breadcrumb","itemListElement":[{"@type":"ListItem","position":1,"name":"Kotisivu","item":"https:\/\/talogy.com\/fi\/"},{"@type":"ListItem","position":2,"name":"Tarinamme","item":"https:\/\/talogy.com\/fi\/tietoa-talogysta\/"},{"@type":"ListItem","position":3,"name":"Miksi Talogy"}]},{"@type":"WebSite","@id":"https:\/\/talogy.com\/fi\/#website","url":"https:\/\/talogy.com\/fi\/","name":"Talogy","description":"Talogy Website","publisher":{"@id":"https:\/\/talogy.com\/fi\/#organization"},"potentialAction":[{"@type":"SearchAction","target":{"@type":"EntryPoint","urlTemplate":"https:\/\/talogy.com\/fi\/?s={search_term_string}"},"query-input":{"@type":"PropertyValueSpecification","valueRequired":true,"valueName":"search_term_string"}}],"inLanguage":"fi-fi"},{"@type":"Organization","@id":"https:\/\/talogy.com\/fi\/#organization","name":"Talogy","url":"https:\/\/talogy.com\/fi\/","logo":{"@type":"ImageObject","inLanguage":"fi-fi","@id":"https:\/\/talogy.com\/fi\/#\/schema\/logo\/image\/","url":"https:\/\/talogy.com\/wp-content\/uploads\/2022\/02\/logo-welcome.png","contentUrl":"https:\/\/talogy.com\/wp-content\/uploads\/2022\/02\/logo-welcome.png","width":336,"height":103,"caption":"Talogy"},"image":{"@id":"https:\/\/talogy.com\/fi\/#\/schema\/logo\/image\/"},"sameAs":["https:\/\/www.linkedin.com\/company\/talogy\/"]}]}},"_links":{"self":[{"href":"https:\/\/talogy.com\/fi\/wp-json\/wp\/v2\/pages\/69853","targetHints":{"allow":["GET"]}}],"collection":[{"href":"https:\/\/talogy.com\/fi\/wp-json\/wp\/v2\/pages"}],"about":[{"href":"https:\/\/talogy.com\/fi\/wp-json\/wp\/v2\/types\/page"}],"author":[{"embeddable":true,"href":"https:\/\/talogy.com\/fi\/wp-json\/wp\/v2\/users\/9"}],"replies":[{"embeddable":true,"href":"https:\/\/talogy.com\/fi\/wp-json\/wp\/v2\/comments?post=69853"}],"version-history":[{"count":4,"href":"https:\/\/talogy.com\/fi\/wp-json\/wp\/v2\/pages\/69853\/revisions"}],"predecessor-version":[{"id":137257,"href":"https:\/\/talogy.com\/fi\/wp-json\/wp\/v2\/pages\/69853\/revisions\/137257"}],"up":[{"embeddable":true,"href":"https:\/\/talogy.com\/fi\/wp-json\/wp\/v2\/pages\/69850"}],"wp:attachment":[{"href":"https:\/\/talogy.com\/fi\/wp-json\/wp\/v2\/media?parent=69853"}],"curies":[{"name":"wp","href":"https:\/\/api.w.org\/{rel}","templated":true}]}}