{"id":69768,"date":"2023-03-22T08:55:40","date_gmt":"2023-03-22T08:55:40","guid":{"rendered":"https:\/\/www.talogy.com\/?page_id=69768"},"modified":"2025-10-29T19:18:16","modified_gmt":"2025-10-29T19:18:16","slug":"toimialat","status":"publish","type":"page","link":"https:\/\/talogy.com\/fi\/ratkaisut\/toimialat\/","title":{"rendered":"Toimialat"},"content":{"rendered":"\n<section class=\"wp-block-group alignfull hero-variation-four has-background has-global-padding is-layout-constrained wp-container-core-group-is-layout-b8cc06b1 wp-block-group-is-layout-constrained\" style=\"background:linear-gradient(135deg,rgb(255,255,255) 0%,rgb(245,235,255) 30%,rgb(232,195,255) 100%);padding-top:var(--wp--preset--spacing--50);padding-right:var(--wp--preset--spacing--20);padding-bottom:var(--wp--preset--spacing--50);padding-left:var(--wp--preset--spacing--20)\">\n<div class=\"wp-block-columns are-vertically-aligned-top is-layout-flex wp-container-core-columns-is-layout-28f84493 wp-block-columns-is-layout-flex\">\n<div class=\"wp-block-column is-vertically-aligned-top is-layout-flow wp-block-column-is-layout-flow\">\n<div class=\"wp-block-group has-global-padding is-layout-constrained wp-container-core-group-is-layout-6a165bb8 wp-block-group-is-layout-constrained\" style=\"margin-top:0;margin-bottom:0;padding-top:0;padding-right:0;padding-bottom:0;padding-left:0\"><div class=\"yoast-breadcrumbs\"><span><span><a href=\"https:\/\/talogy.com\/fi\/\">Kotisivu<\/a><\/span> \/ <span><a href=\"https:\/\/talogy.com\/fi\/ratkaisut\/\">Talent management ratkaisut<\/a><\/span> \/ <span class=\"breadcrumb_last\" aria-current=\"page\"><strong>Osaamisen kehitt\u00e4minen ja alan asiantuntemus<\/strong><\/span><\/span><\/div>\n\n\n<h1 class=\"wp-block-heading has-secondary-900-color has-text-color has-link-color has-xxxl-font-size wp-elements-7f6e9c88e5b269446d64bb1dcad1b06a\" style=\"font-style:normal;font-weight:800\">Osaamisen kehitt\u00e4minen ja alan asiantuntemus<\/h1>\n\n\n\n<p class=\"has-secondary-900-color has-text-color has-link-color has-s-font-size wp-elements-25a4b172a75ac5860e4ae243a1886f20\" style=\"line-height:1.5\">Osaamisen kehitt\u00e4minen kattava toimialakohtainen asiantuntemuksemme tarjoaa kaikki tarvittavat ratkaisut \u00e4lykk\u00e4\u00e4seen rekrytointiin, potentiaalin kehitt\u00e4miseen ja suorituskykyisen ty\u00f6voiman luomiseen.<\/p>\n\n\n\n<div class=\"wp-block-buttons is-layout-flex wp-block-buttons-is-layout-flex\">\n<div class=\"wp-block-button\"><a class=\"wp-block-button__link wp-element-button\" href=\"#form\">Ota asiantuntijaan yhteytt\u00e4<\/a><\/div>\n<\/div>\n<\/div>\n<\/div>\n\n\n\n<div class=\"wp-block-column is-vertically-aligned-top is-layout-flow wp-block-column-is-layout-flow\">\n<figure class=\"wp-block-image aligncenter size-full has-custom-border\"><img decoding=\"async\" width=\"770\" height=\"578\" src=\"https:\/\/talogy.com\/wp-content\/uploads\/2025\/04\/hero-v4-lime-background-man-orange-button-down.jpg\" alt=\"man wearing orange button down shirt\" class=\"wp-image-104409\" style=\"border-radius:10px;box-shadow:var(--wp--preset--shadow--elevation-300)\" srcset=\"https:\/\/talogy.com\/wp-content\/uploads\/2025\/04\/hero-v4-lime-background-man-orange-button-down.jpg 770w, https:\/\/talogy.com\/wp-content\/uploads\/2025\/04\/hero-v4-lime-background-man-orange-button-down-300x225.jpg 300w, https:\/\/talogy.com\/wp-content\/uploads\/2025\/04\/hero-v4-lime-background-man-orange-button-down-768x576.jpg 768w\" sizes=\"(max-width: 770px) 100vw, 770px\" \/><\/figure>\n<\/div>\n<\/div>\n<\/section>\n\n\n\n<div class=\"wp-block-group alignwide has-global-padding is-layout-constrained wp-block-group-is-layout-constrained\">\n<div class=\"wp-block-group alignwide has-global-padding is-layout-constrained wp-block-group-is-layout-constrained\" style=\"padding-top:var(--wp--preset--spacing--50);padding-bottom:var(--wp--preset--spacing--50)\">\n<h2 class=\"wp-block-heading has-text-align-center has-primary-500-color has-text-color has-link-color wp-elements-40215aea03ce47abb495e2f39e694a65\">Ymm\u00e4rr\u00e4mme alaasi<\/h2>\n\n\n\n<p class=\"has-text-align-center\">Maailman huippuyritykset luottavat haasteissaan Talogyn tarjoamiin monipuolisiin osaamisen karsinta-, valinta- ja kehitysratkaisuihin, jotka auttavat ratkaisemaan osaamiseen liittyvi\u00e4 nykyisi\u00e4 ongelmia ja valmistautumaan tulevaisuuteen.<\/p>\n\n\n\n<p class=\"has-text-align-center\">Ymm\u00e4rr\u00e4mme toimialaasi perusteellisesti, koska konsulttimme ovat tehneet yhteisty\u00f6t\u00e4 yrityksesi kaltaisten toimijoiden kanssa vuosikymmenten ajan.\u202fPuhumme samaa kielt\u00e4. Olemme my\u00f6s suunnitelleet ratkaisuja ja resursseja organisaatioille ymp\u00e4ri maailmaa.<\/p>\n\n\n\n<div class=\"wp-block-query is-layout-flow wp-block-query-is-layout-flow\"><ul class=\"columns-3 wp-block-post-template is-layout-grid wp-container-core-post-template-is-layout-6d3fbd8f wp-block-post-template-is-layout-grid\"><li class=\"wp-block-post post-69838 industry_verticals type-industry_verticals status-publish hentry tax_industry-autoteollisuus\">\n<h3 class=\"has-link-color wp-elements-4af0793c81d687e3f86da2bbc620c7bd wp-block-post-title has-text-color has-primary-500-color\">Ajoneuvoteollisuuden talent-ratkaisut<\/h3>\n\n<div class=\"has-link-color wp-elements-109b9d94c4ab390f9f790b0f8b49bdfc wp-block-post-excerpt has-text-color has-white-color\"><p class=\"wp-block-post-excerpt__excerpt\">Ajoneuvoteollisuuden talent-ratkaisut Osaajien valinta ja heid\u00e4n kehitt\u00e4misens\u00e4 vaatii muutakin kuin intuitiota. Talogyn avulla valinta- ja&hellip;<\/p><p class=\"wp-block-post-excerpt__more-text\"><a class=\"wp-block-post-excerpt__more-link\" href=\"https:\/\/talogy.com\/fi\/ratkaisut\/toimialat\/ajoneuvoteollisuuden-talent-ratkaisut\/\">Lue lis\u00e4\u00e4<\/a><\/p><\/div>\n<\/li><li class=\"wp-block-post post-69837 industry_verticals type-industry_verticals status-publish hentry tax_industry-asiantuntijapalvelut\">\n<h3 class=\"has-link-color wp-elements-4af0793c81d687e3f86da2bbc620c7bd wp-block-post-title has-text-color has-primary-500-color\">Asiantuntijapalveluiden talent-ratkaisut<\/h3>\n\n<div class=\"has-link-color wp-elements-109b9d94c4ab390f9f790b0f8b49bdfc wp-block-post-excerpt has-text-color has-white-color\"><p class=\"wp-block-post-excerpt__excerpt\">Asiantuntijapalveluiden talent-ratkaisut Kuinka voit l\u00f6yt\u00e4\u00e4, tunnistaa ja&nbsp;sitouttaa&nbsp;konsultteja, jotka edustavat br\u00e4ndi\u00e4si ja tarjoavat asiakkaillesi parasta?\u202fTalogyn talent&hellip;<\/p><p class=\"wp-block-post-excerpt__more-text\"><a class=\"wp-block-post-excerpt__more-link\" href=\"https:\/\/talogy.com\/fi\/ratkaisut\/toimialat\/asiantuntijapalveluiden-talent-ratkaisut\/\">Lue lis\u00e4\u00e4<\/a><\/p><\/div>\n<\/li><li class=\"wp-block-post post-69841 industry_verticals type-industry_verticals status-publish hentry tax_industry-energia-sahkoteollisuus\">\n<h3 class=\"has-link-color wp-elements-4af0793c81d687e3f86da2bbc620c7bd wp-block-post-title has-text-color has-primary-500-color\">Energia-alan ja yleishy\u00f6dyllisten palveluiden talent-ratkaisut<\/h3>\n\n<div class=\"has-link-color wp-elements-109b9d94c4ab390f9f790b0f8b49bdfc wp-block-post-excerpt has-text-color has-white-color\"><p class=\"wp-block-post-excerpt__excerpt\">Energia-alan ja yleishy\u00f6dyllisten palveluiden talent-ratkaisut L\u00f6yd\u00e4 ty\u00f6ntekij\u00f6it\u00e4, jotka ovat soveltuvia oppimaan eritt\u00e4in teknisi\u00e4 taitoja. Auta&hellip;<\/p><p class=\"wp-block-post-excerpt__more-text\"><a class=\"wp-block-post-excerpt__more-link\" href=\"https:\/\/talogy.com\/fi\/ratkaisut\/toimialat\/energia-alan-ja-yleishyodyllisten-palveluiden-talent-ratkaisut\/\">Lue lis\u00e4\u00e4<\/a><\/p><\/div>\n<\/li><li class=\"wp-block-post post-69836 industry_verticals type-industry_verticals status-publish has-post-thumbnail hentry tax_industry-julkinen-sektori\">\n<h3 class=\"has-link-color wp-elements-4af0793c81d687e3f86da2bbc620c7bd wp-block-post-title has-text-color has-primary-500-color\">Julkisen sektorin talent-ratkaisut<\/h3>\n\n<div class=\"has-link-color wp-elements-109b9d94c4ab390f9f790b0f8b49bdfc wp-block-post-excerpt has-text-color has-white-color\"><p class=\"wp-block-post-excerpt__excerpt\">Julkisen sektorintalent-ratkaisut Talent management&nbsp;-ohjelman toteuttaminen voi helpottaa rekrytointi- ja kehitt\u00e4misprosesseja. ISO&nbsp;27001&nbsp;-sertifioitu Talogy tarjoaa kattavia ratkaisuja,&hellip;<\/p><p class=\"wp-block-post-excerpt__more-text\"><a class=\"wp-block-post-excerpt__more-link\" href=\"https:\/\/talogy.com\/fi\/ratkaisut\/toimialat\/julkisen-sektorin-talent-ratkaisut\/\">Lue lis\u00e4\u00e4<\/a><\/p><\/div>\n<\/li><li class=\"wp-block-post post-69835 industry_verticals type-industry_verticals status-publish hentry tax_industry-rahoitus-vakuutusala\">\n<h3 class=\"has-link-color wp-elements-4af0793c81d687e3f86da2bbc620c7bd wp-block-post-title has-text-color has-primary-500-color\">Rahoitus- ja vakuutusalan talent-ratkaisut<\/h3>\n\n<div class=\"has-link-color wp-elements-109b9d94c4ab390f9f790b0f8b49bdfc wp-block-post-excerpt has-text-color has-white-color\"><p class=\"wp-block-post-excerpt__excerpt\">Rahoitus- ja vakuutusalantalent-ratkaisut Sopivien osaajien l\u00f6yt\u00e4minen ja pit\u00e4minen vaikuttaa suoraan liiketoimintasi ja yrityksesi tulokseen.\u202fSuunnittelemme tarpeisiisi&hellip;<\/p><p class=\"wp-block-post-excerpt__more-text\"><a class=\"wp-block-post-excerpt__more-link\" href=\"https:\/\/talogy.com\/fi\/ratkaisut\/toimialat\/rahoitus-ja-vakuutusalan-talent-ratkaisut\/\">Lue lis\u00e4\u00e4<\/a><\/p><\/div>\n<\/li><li class=\"wp-block-post post-69840 industry_verticals type-industry_verticals status-publish hentry tax_industry-valmistava-teollisuus\">\n<h3 class=\"has-link-color wp-elements-4af0793c81d687e3f86da2bbc620c7bd wp-block-post-title has-text-color has-primary-500-color\">Teollisuuden talent-ratkaisut<\/h3>\n\n<div class=\"has-link-color wp-elements-109b9d94c4ab390f9f790b0f8b49bdfc wp-block-post-excerpt has-text-color has-white-color\"><p class=\"wp-block-post-excerpt__excerpt\">Teollisuuden talent-ratkaisut Nykyp\u00e4iv\u00e4n valmistusteollisuuden vaatimuksiin voidaan vastata vain eritt\u00e4in ammattitaitoisella, motivoituneella ja tuottavalla ty\u00f6voimalla. Talogyn&hellip;<\/p><p class=\"wp-block-post-excerpt__more-text\"><a class=\"wp-block-post-excerpt__more-link\" href=\"https:\/\/talogy.com\/fi\/ratkaisut\/toimialat\/valmistusteollisuuden-talent-ratkaisut\/\">Lue lis\u00e4\u00e4<\/a><\/p><\/div>\n<\/li><li class=\"wp-block-post post-69839 industry_verticals type-industry_verticals status-publish hentry tax_industry-kaupan-ala\">\n<h3 class=\"has-link-color wp-elements-4af0793c81d687e3f86da2bbc620c7bd wp-block-post-title has-text-color has-primary-500-color\">V\u00e4hitt\u00e4iskaupan talent-ratkaisut<\/h3>\n\n<div class=\"has-link-color wp-elements-109b9d94c4ab390f9f790b0f8b49bdfc wp-block-post-excerpt has-text-color has-white-color\"><p class=\"wp-block-post-excerpt__excerpt\">V\u00e4hitt\u00e4iskaupan talent-ratkaisut Yrityksen br\u00e4ndi\u00e4&nbsp;asiakkaille edustavat ty\u00f6ntekij\u00e4t ovat ratkaisevan t\u00e4rkeit\u00e4 yrityksen menestyksen kannalta.&nbsp;Talogyn&nbsp;kattavat palvelukeskeiset&nbsp;talent-ratkaisut voivat auttaa&hellip;<\/p><p class=\"wp-block-post-excerpt__more-text\"><a class=\"wp-block-post-excerpt__more-link\" href=\"https:\/\/talogy.com\/fi\/ratkaisut\/toimialat\/vahittaiskaupan-talent-ratkaisut\/\">Lue lis\u00e4\u00e4<\/a><\/p><\/div>\n<\/li><\/ul>\n\n\n\n<\/div>\n<\/div>\n<\/div>\n\n\n\n<div class=\"wp-block-group alignwide has-black-background-color has-background has-global-padding is-layout-constrained wp-block-group-is-layout-constrained\" style=\"margin-top:var(--wp--preset--spacing--40);margin-bottom:var(--wp--preset--spacing--40);padding-top:0;padding-bottom:0\">\n<div class=\"wp-block-columns alignwide is-layout-flex wp-container-core-columns-is-layout-85518bf0 wp-block-columns-is-layout-flex\" style=\"margin-top:0;margin-bottom:0;padding-top:var(--wp--preset--spacing--60);padding-bottom:var(--wp--preset--spacing--60)\">\n<div class=\"wp-block-column is-layout-flow wp-block-column-is-layout-flow\">\n<h2 class=\"wp-block-heading has-primary-500-color has-text-color has-link-color has-xxl-font-size wp-elements-b57709d629d84a4cfce15366957fd42d\" id=\"form\">Ota yhteytt\u00e4, jotta voimme suunnitella r\u00e4\u00e4t\u00e4l\u00f6idyn ratkaisun toimialasi tarpeiden mukaisesti.<\/h2>\n<\/div>\n\n\n\n<div class=\"wp-block-column is-vertically-aligned-top has-border-color has-white-background-color has-background is-layout-flow wp-block-column-is-layout-flow\" style=\"border-color:#A335FF;border-width:2px;border-radius:15px;padding-top:var(--wp--preset--spacing--10);padding-right:var(--wp--preset--spacing--10);padding-bottom:var(--wp--preset--spacing--10);padding-left:var(--wp--preset--spacing--10)\">\n<div class=\"wp-block-group has-white-background-color has-background has-global-padding is-layout-constrained wp-container-core-group-is-layout-b807a22d wp-block-group-is-layout-constrained\" style=\"margin-top:0;margin-bottom:0;padding-top:var(--wp--preset--spacing--40);padding-right:var(--wp--preset--spacing--40);padding-bottom:var(--wp--preset--spacing--40);padding-left:var(--wp--preset--spacing--40)\">\n<script data-ot-ignore type=\"text\/javascript\" src=\"https:\/\/js-eu1.hsforms.net\/forms\/v2.js\"><\/script>\n\n<script data-ot-ignore>\n(function() {\n    function createHubSpotForm() {\n        if (window.hbspt && window.hbspt.forms) {\n            hbspt.forms.create({\n                region: \"eu1\",\n                portalId: \"24974645\",\n                formId: \"ed3bf3d0-26ba-4bc2-ad80-e5b4cf17c68c\"\n            });\n        } else {\n            setTimeout(createHubSpotForm, 100);\n        }\n    }\n    createHubSpotForm();\n})();\n<\/script>\n<\/div>\n<\/div>\n<\/div>\n<\/div>\n","protected":false},"excerpt":{"rendered":"<p>Osaamisen kehitt\u00e4minen ja alan asiantuntemus Osaamisen kehitt\u00e4minen kattava toimialakohtainen asiantuntemuksemme tarjoaa kaikki tarvittavat ratkaisut \u00e4lykk\u00e4\u00e4seen rekrytointiin, potentiaalin kehitt\u00e4miseen ja suorituskykyisen ty\u00f6voiman luomiseen. Ymm\u00e4rr\u00e4mme alaasi Maailman huippuyritykset luottavat haasteissaan Talogyn tarjoamiin monipuolisiin osaamisen karsinta-, valinta- ja kehitysratkaisuihin, jotka auttavat ratkaisemaan osaamiseen liittyvi\u00e4 nykyisi\u00e4 ongelmia ja valmistautumaan tulevaisuuteen. Ymm\u00e4rr\u00e4mme toimialaasi perusteellisesti, koska konsulttimme ovat tehneet yhteisty\u00f6t\u00e4 yrityksesi [&hellip;]<\/p>\n","protected":false},"author":9,"featured_media":0,"parent":72914,"menu_order":0,"comment_status":"closed","ping_status":"closed","template":"general-template","meta":{"footnotes":""},"class_list":["post-69768","page","type-page","status-publish","hentry"],"yoast_head":"<!-- This site is optimized with the Yoast SEO plugin v27.2 - https:\/\/yoast.com\/product\/yoast-seo-wordpress\/ -->\n<title>\u202fIndustry expertise in talent management<\/title>\n<meta name=\"description\" content=\"Osaamisen hallinnan kattava toimialakohtainen asiantuntemuksemme tarjoaa kaikki tarvittavat ratkaisut \u00e4lykk\u00e4\u00e4seen rekrytointiin, potentiaalin kehitt\u00e4miseen ja suorituskykyisen ty\u00f6voiman luomiseen.\" \/>\n<meta name=\"robots\" content=\"index, follow, max-snippet:-1, max-image-preview:large, max-video-preview:-1\" \/>\n<link rel=\"canonical\" href=\"https:\/\/talogy.com\/fi\/ratkaisut\/toimialat\/\" \/>\n<meta property=\"og:locale\" content=\"fi_FI\" \/>\n<meta property=\"og:type\" content=\"article\" \/>\n<meta property=\"og:title\" content=\"\u202fIndustry expertise in talent management\" \/>\n<meta property=\"og:description\" content=\"Osaamisen hallinnan kattava toimialakohtainen asiantuntemuksemme tarjoaa kaikki tarvittavat ratkaisut \u00e4lykk\u00e4\u00e4seen rekrytointiin, potentiaalin kehitt\u00e4miseen ja suorituskykyisen ty\u00f6voiman luomiseen.\" \/>\n<meta property=\"og:url\" content=\"https:\/\/talogy.com\/fi\/ratkaisut\/toimialat\/\" \/>\n<meta property=\"og:site_name\" content=\"Talogy\" \/>\n<meta property=\"article:modified_time\" content=\"2025-10-29T19:18:16+00:00\" \/>\n<meta property=\"og:image\" content=\"https:\/\/talogy.com\/wp-content\/uploads\/2025\/04\/hero-v4-lime-background-man-orange-button-down.jpg\" \/>\n<meta name=\"twitter:card\" content=\"summary_large_image\" \/>\n<!-- \/ Yoast SEO plugin. -->","yoast_head_json":{"title":"\u202fIndustry expertise in talent management","description":"Osaamisen hallinnan kattava toimialakohtainen asiantuntemuksemme tarjoaa kaikki tarvittavat ratkaisut \u00e4lykk\u00e4\u00e4seen rekrytointiin, potentiaalin kehitt\u00e4miseen ja suorituskykyisen ty\u00f6voiman luomiseen.","robots":{"index":"index","follow":"follow","max-snippet":"max-snippet:-1","max-image-preview":"max-image-preview:large","max-video-preview":"max-video-preview:-1"},"canonical":"https:\/\/talogy.com\/fi\/ratkaisut\/toimialat\/","og_locale":"fi_FI","og_type":"article","og_title":"\u202fIndustry expertise in talent management","og_description":"Osaamisen hallinnan kattava toimialakohtainen asiantuntemuksemme tarjoaa kaikki tarvittavat ratkaisut \u00e4lykk\u00e4\u00e4seen rekrytointiin, potentiaalin kehitt\u00e4miseen ja suorituskykyisen ty\u00f6voiman luomiseen.","og_url":"https:\/\/talogy.com\/fi\/ratkaisut\/toimialat\/","og_site_name":"Talogy","article_modified_time":"2025-10-29T19:18:16+00:00","og_image":[{"url":"https:\/\/talogy.com\/wp-content\/uploads\/2025\/04\/hero-v4-lime-background-man-orange-button-down.jpg","type":"","width":"","height":""}],"twitter_card":"summary_large_image","schema":{"@context":"https:\/\/schema.org","@graph":[{"@type":"WebPage","@id":"https:\/\/talogy.com\/fi\/ratkaisut\/toimialat\/","url":"https:\/\/talogy.com\/fi\/ratkaisut\/toimialat\/","name":"\u202fIndustry expertise in talent management","isPartOf":{"@id":"https:\/\/talogy.com\/fi\/#website"},"primaryImageOfPage":{"@id":"https:\/\/talogy.com\/fi\/ratkaisut\/toimialat\/#primaryimage"},"image":{"@id":"https:\/\/talogy.com\/fi\/ratkaisut\/toimialat\/#primaryimage"},"thumbnailUrl":"https:\/\/talogy.com\/wp-content\/uploads\/2025\/04\/hero-v4-lime-background-man-orange-button-down.jpg","datePublished":"2023-03-22T08:55:40+00:00","dateModified":"2025-10-29T19:18:16+00:00","description":"Osaamisen hallinnan kattava toimialakohtainen asiantuntemuksemme tarjoaa kaikki tarvittavat ratkaisut \u00e4lykk\u00e4\u00e4seen rekrytointiin, potentiaalin kehitt\u00e4miseen ja suorituskykyisen ty\u00f6voiman luomiseen.","breadcrumb":{"@id":"https:\/\/talogy.com\/fi\/ratkaisut\/toimialat\/#breadcrumb"},"inLanguage":"fi-fi","potentialAction":[{"@type":"ReadAction","target":["https:\/\/talogy.com\/fi\/ratkaisut\/toimialat\/"]}]},{"@type":"ImageObject","inLanguage":"fi-fi","@id":"https:\/\/talogy.com\/fi\/ratkaisut\/toimialat\/#primaryimage","url":"https:\/\/talogy.com\/wp-content\/uploads\/2025\/04\/hero-v4-lime-background-man-orange-button-down.jpg","contentUrl":"https:\/\/talogy.com\/wp-content\/uploads\/2025\/04\/hero-v4-lime-background-man-orange-button-down.jpg"},{"@type":"BreadcrumbList","@id":"https:\/\/talogy.com\/fi\/ratkaisut\/toimialat\/#breadcrumb","itemListElement":[{"@type":"ListItem","position":1,"name":"Kotisivu","item":"https:\/\/talogy.com\/fi\/"},{"@type":"ListItem","position":2,"name":"Talent management ratkaisut","item":"https:\/\/talogy.com\/fi\/ratkaisut\/"},{"@type":"ListItem","position":3,"name":"Osaamisen kehitt\u00e4minen ja alan asiantuntemus"}]},{"@type":"WebSite","@id":"https:\/\/talogy.com\/fi\/#website","url":"https:\/\/talogy.com\/fi\/","name":"Talogy","description":"Talogy Website","publisher":{"@id":"https:\/\/talogy.com\/fi\/#organization"},"potentialAction":[{"@type":"SearchAction","target":{"@type":"EntryPoint","urlTemplate":"https:\/\/talogy.com\/fi\/?s={search_term_string}"},"query-input":{"@type":"PropertyValueSpecification","valueRequired":true,"valueName":"search_term_string"}}],"inLanguage":"fi-fi"},{"@type":"Organization","@id":"https:\/\/talogy.com\/fi\/#organization","name":"Talogy","url":"https:\/\/talogy.com\/fi\/","logo":{"@type":"ImageObject","inLanguage":"fi-fi","@id":"https:\/\/talogy.com\/fi\/#\/schema\/logo\/image\/","url":"https:\/\/talogy.com\/wp-content\/uploads\/2022\/02\/logo-welcome.png","contentUrl":"https:\/\/talogy.com\/wp-content\/uploads\/2022\/02\/logo-welcome.png","width":336,"height":103,"caption":"Talogy"},"image":{"@id":"https:\/\/talogy.com\/fi\/#\/schema\/logo\/image\/"},"sameAs":["https:\/\/www.linkedin.com\/company\/talogy\/"]}]}},"_links":{"self":[{"href":"https:\/\/talogy.com\/fi\/wp-json\/wp\/v2\/pages\/69768","targetHints":{"allow":["GET"]}}],"collection":[{"href":"https:\/\/talogy.com\/fi\/wp-json\/wp\/v2\/pages"}],"about":[{"href":"https:\/\/talogy.com\/fi\/wp-json\/wp\/v2\/types\/page"}],"author":[{"embeddable":true,"href":"https:\/\/talogy.com\/fi\/wp-json\/wp\/v2\/users\/9"}],"replies":[{"embeddable":true,"href":"https:\/\/talogy.com\/fi\/wp-json\/wp\/v2\/comments?post=69768"}],"version-history":[{"count":4,"href":"https:\/\/talogy.com\/fi\/wp-json\/wp\/v2\/pages\/69768\/revisions"}],"predecessor-version":[{"id":132078,"href":"https:\/\/talogy.com\/fi\/wp-json\/wp\/v2\/pages\/69768\/revisions\/132078"}],"up":[{"embeddable":true,"href":"https:\/\/talogy.com\/fi\/wp-json\/wp\/v2\/pages\/72914"}],"wp:attachment":[{"href":"https:\/\/talogy.com\/fi\/wp-json\/wp\/v2\/media?parent=69768"}],"curies":[{"name":"wp","href":"https:\/\/api.w.org\/{rel}","templated":true}]}}