{"id":69755,"date":"2023-03-22T09:27:31","date_gmt":"2023-03-22T09:27:31","guid":{"rendered":"https:\/\/www.talogy.com\/?page_id=69755"},"modified":"2025-12-09T09:53:16","modified_gmt":"2025-12-09T09:53:16","slug":"tapaustutkimukset","status":"publish","type":"page","link":"https:\/\/talogy.com\/fi\/tapaustutkimukset\/","title":{"rendered":"Tapaustutkimukset"},"content":{"rendered":"\n<section class=\"wp-block-group alignfull hero-variation-four has-background has-global-padding is-layout-constrained wp-container-core-group-is-layout-b8cc06b1 wp-block-group-is-layout-constrained\" style=\"background:linear-gradient(135deg,rgb(255,255,255) 15%,rgb(255,242,178) 41%,rgb(232,206,255) 79%,rgb(181,93,255) 100%);padding-top:var(--wp--preset--spacing--50);padding-right:var(--wp--preset--spacing--20);padding-bottom:var(--wp--preset--spacing--50);padding-left:var(--wp--preset--spacing--20)\">\n<div class=\"wp-block-columns are-vertically-aligned-top is-layout-flex wp-container-core-columns-is-layout-28f84493 wp-block-columns-is-layout-flex\">\n<div class=\"wp-block-column is-vertically-aligned-top is-layout-flow wp-block-column-is-layout-flow\">\n<div class=\"wp-block-group has-global-padding is-layout-constrained wp-container-core-group-is-layout-6a165bb8 wp-block-group-is-layout-constrained\" style=\"margin-top:0;margin-bottom:0;padding-top:0;padding-right:0;padding-bottom:0;padding-left:0\"><div class=\"yoast-breadcrumbs\"><span><span><a href=\"https:\/\/talogy.com\/fi\/\">Kotisivu<\/a><\/span> \/ <span class=\"breadcrumb_last\" aria-current=\"page\"><strong>Talogyn asiakkaiden menestystarinat<\/strong><\/span><\/span><\/div>\n\n\n<h1 class=\"wp-block-heading has-secondary-900-color has-text-color has-link-color has-xxxl-font-size wp-elements-4fc259da30738710609add5a39463219\" style=\"font-style:normal;font-weight:800\">Talogyn asiakkaiden menestystarinat<\/h1>\n\n\n\n<div class=\"wp-block-buttons is-layout-flex wp-block-buttons-is-layout-flex\">\n<div class=\"wp-block-button\"><a class=\"wp-block-button__link wp-element-button\" href=\"#form\">Ota asiantuntijaan yhteytt\u00e4<\/a><\/div>\n<\/div>\n<\/div>\n<\/div>\n\n\n\n<div class=\"wp-block-column is-vertically-aligned-top is-layout-flow wp-block-column-is-layout-flow\">\n<figure class=\"wp-block-image aligncenter size-full has-custom-border\"><img decoding=\"async\" width=\"770\" height=\"578\" src=\"https:\/\/talogy.com\/wp-content\/uploads\/2025\/04\/hero-v4-light-grey-background-woman-arms-crossed.jpg\" alt=\"woman with arms crossed\" class=\"wp-image-104318\" style=\"border-radius:10px;box-shadow:var(--wp--preset--shadow--elevation-300)\" srcset=\"https:\/\/talogy.com\/wp-content\/uploads\/2025\/04\/hero-v4-light-grey-background-woman-arms-crossed.jpg 770w, https:\/\/talogy.com\/wp-content\/uploads\/2025\/04\/hero-v4-light-grey-background-woman-arms-crossed-300x225.jpg 300w, https:\/\/talogy.com\/wp-content\/uploads\/2025\/04\/hero-v4-light-grey-background-woman-arms-crossed-768x576.jpg 768w\" sizes=\"(max-width: 770px) 100vw, 770px\" \/><\/figure>\n<\/div>\n<\/div>\n<\/section>\n\n\n\n<div class=\"wp-block-group alignfull logo-train has-primary-500-background-color has-background has-global-padding is-layout-constrained wp-container-core-group-is-layout-b8cc06b1 wp-block-group-is-layout-constrained\" style=\"padding-top:var(--wp--preset--spacing--50);padding-right:var(--wp--preset--spacing--20);padding-bottom:var(--wp--preset--spacing--50);padding-left:var(--wp--preset--spacing--20)\">\n<h2 class=\"wp-block-heading has-text-align-center has-white-color has-text-color has-link-color has-xl-font-size wp-elements-ed625d8017849ee4ae0d78cf85a6390d\" style=\"margin-bottom:var(--wp--preset--spacing--40);padding-top:0;padding-right:0;padding-bottom:0;padding-left:0\">Maailman huipputy\u00f6nantajien valinta<\/h2>\n\n\n\n<div class=\"wp-block-columns is-layout-flex wp-container-core-columns-is-layout-28f84493 wp-block-columns-is-layout-flex\">\n<div class=\"wp-block-column is-layout-flow wp-block-column-is-layout-flow\">\n<figure class=\"wp-block-image size-full\"><img decoding=\"async\" src=\"https:\/\/talogy.com\/wp-content\/uploads\/2025\/09\/logo-EY.svg\" alt=\"ey logo\" class=\"wp-image-120873\"\/><\/figure>\n<\/div>\n\n\n\n<div class=\"wp-block-column is-layout-flow wp-block-column-is-layout-flow\">\n<figure class=\"wp-block-image size-full\"><img decoding=\"async\" src=\"https:\/\/talogy.com\/wp-content\/uploads\/2025\/09\/logo-Vattenfall.svg\" alt=\"vattenfall logo\" class=\"wp-image-118787\"\/><\/figure>\n<\/div>\n\n\n\n<div class=\"wp-block-column is-layout-flow wp-block-column-is-layout-flow\">\n<figure class=\"wp-block-image size-full\"><img decoding=\"async\" src=\"https:\/\/talogy.com\/wp-content\/uploads\/2025\/09\/logo-Bayer.svg\" alt=\"bayer logo\" class=\"wp-image-120912\"\/><\/figure>\n<\/div>\n<\/div>\n<\/div>\n\n\n\n<h2 class=\"wp-block-heading has-text-align-center has-primary-500-color has-text-color has-link-color wp-elements-2f12030101289fe9712f37610c131f03\">Asiakastarinat<\/h2>\n\n\n\n<p class=\"has-text-align-center\">Autamme organisaatioita rekrytoimaan, kehitt\u00e4m\u00e4\u00e4n ja pit\u00e4m\u00e4\u00e4n huolta parhaista osaajistaan.<\/p>\n\n\n\n<p class=\"has-text-align-center\">Talogy on auttanut yli 10&nbsp;000 asiakasta osaamisen kehitt\u00e4misen haasteissa ja kehitt\u00e4m\u00e4\u00e4n erinomaisia organisaatioita.<\/p>\n\n\n\n<div class=\"wp-block-group alignfull talogy-case-studies-river has-black-background-color has-background has-global-padding is-layout-constrained wp-container-core-group-is-layout-ae744a23 wp-block-group-is-layout-constrained\" style=\"padding-top:var(--wp--preset--spacing--70);padding-right:var(--wp--preset--spacing--70);padding-bottom:var(--wp--preset--spacing--70);padding-left:var(--wp--preset--spacing--70)\"><div class=\"wp-block-template-part\">\n<div class=\"wp-block-group facets-container has-global-padding is-layout-constrained wp-block-group-is-layout-constrained\">\n<div class=\"wp-block-buttons is-content-justification-right is-layout-flex wp-container-core-buttons-is-layout-d445cf74 wp-block-buttons-is-layout-flex\">\n<div class=\"wp-block-button\" style=\"font-style:normal;font-weight:700\"><a class=\"wp-block-button__link wp-element-button\">Filters<\/a><\/div>\n<\/div>\n\n\n\n<div class=\"wp-block-group facets-row has-five-facets is-content-justification-left is-layout-flex wp-container-core-group-is-layout-a167a473 wp-block-group-is-layout-flex\">\n<div class=\"wp-block-group has-global-padding is-layout-constrained wp-container-core-group-is-layout-19e250f3 wp-block-group-is-layout-constrained\">\n<p class=\"has-secondary-300-color has-text-color has-link-color has-xxs-font-size wp-elements-8cd328a325952d86ddd5e810209efc22\" style=\"margin-bottom:0.5rem\">Hakusana<\/p>\n\n\n<div class=\"facetwp-facet facetwp-facet-case_study_search facetwp-type-search\" data-name=\"case_study_search\" data-type=\"search\"><\/div>\n<\/div>\n\n\n<div class=\"facetwp-facet facetwp-facet-category facetwp-type-fselect\" data-name=\"category\" data-type=\"fselect\"><\/div>\n\n\n<div class=\"facetwp-facet facetwp-facet-talent_challenge facetwp-type-fselect\" data-name=\"talent_challenge\" data-type=\"fselect\"><\/div>\n\n\n<div class=\"facetwp-facet facetwp-facet-tax_industries facetwp-type-fselect\" data-name=\"tax_industries\" data-type=\"fselect\"><\/div>\n\n\n<div class=\"facetwp-facet facetwp-facet-assessment_type facetwp-type-fselect\" data-name=\"assessment_type\" data-type=\"fselect\"><\/div>\n<\/div>\n<\/div>\n\n\n<\/div>\n\n\n<div class=\"wp-block-query case-studies-cards is-layout-flow wp-block-query-is-layout-flow\"><ul class=\"columns-3 case-studies-wrapper facetwp-template wp-block-post-template is-layout-grid wp-container-core-post-template-is-layout-fdbc5ac1 wp-block-post-template-is-layout-grid\"><li class=\"wp-block-post post-87804 case_study type-case_study status-publish has-post-thumbnail hentry case_study_assessment_type-tunnealy tax_industry-julkinen-sektori case_study_talent-korkean-suoriutumisen-kehittaminen\">\n\n<div class=\"wp-block-group is-layout-flow wp-block-group-is-layout-flow\" style=\"min-height:56px;margin-bottom:var(--wp--preset--spacing--10)\"><figure style=\"height:56px;\" class=\"wp-block-post-featured-image\"><img decoding=\"async\" src=\"https:\/\/talogy.com\/wp-content\/uploads\/2025\/09\/logo-Sanoma.svg\" class=\"attachment-post-thumbnail size-post-thumbnail wp-post-image\" alt=\"sanoma logo\" style=\"height:56px;object-fit:contain;\" \/><\/figure><\/div>\n\n\n<p class=\"has-primary-500-color has-text-color has-link-color has-l-font-size wp-elements-735f7adfa86b2363fb7ac55b3b9ad2a6\" style=\"margin-top:0;margin-right:0;margin-bottom:var(--wp--preset--spacing--10);margin-left:0;font-style:normal;font-weight:500\">Sanoma Media Finland<\/p>\n\n<p class=\"has-white-color has-text-color has-link-color has-l-font-size wp-elements-98fcfc0fcc191fd98b5844dde7862718\" style=\"margin-top:0;margin-right:0;margin-bottom:0;margin-left:0;font-style:normal;font-weight:700\">Tunne\u00e4ly ja strategiset kompetenssit organisaation kehitt\u00e4misess\u00e4 muuttuvassa toimintaymp\u00e4rist\u00f6ss\u00e4<\/p>\n\n<a style=\"margin-top:var(--wp--preset--spacing--20);\" class=\"wp-block-read-more\" href=\"https:\/\/talogy.com\/fi\/tapaustutkimukset\/sanoma-media-finland-b2b\/\" target=\"_self\">Lue lis\u00e4\u00e4<span class=\"screen-reader-text\">: Sanoma Media Finland, B2B<\/span><\/a>\n<\/li><\/ul>\n\n<div class=\"facetwp-facet facetwp-facet-pagination facetwp-type-pager\" data-name=\"pagination\" data-type=\"pager\"><\/div>\n\n\n<\/div>\n<\/div>\n\n\n\n<div class=\"wp-block-group alignwide has-black-background-color has-background has-global-padding is-layout-constrained wp-block-group-is-layout-constrained\" style=\"margin-top:var(--wp--preset--spacing--40);margin-bottom:var(--wp--preset--spacing--40);padding-top:0;padding-bottom:0\">\n<div class=\"wp-block-columns alignwide is-layout-flex wp-container-core-columns-is-layout-85518bf0 wp-block-columns-is-layout-flex\" style=\"margin-top:0;margin-bottom:0;padding-top:var(--wp--preset--spacing--60);padding-bottom:var(--wp--preset--spacing--60)\">\n<div class=\"wp-block-column is-layout-flow wp-block-column-is-layout-flow\">\n<h2 class=\"wp-block-heading has-primary-500-color has-text-color has-link-color has-xxl-font-size wp-elements-d5abeca9e5b52fc5a1193cfa1e7979a7\" id=\"form\">Oletko kiinnostunut ratkaisemaan osaamisen kehitt\u00e4misen haasteesi?<\/h2>\n\n\n\n<p>Kuulemme mielell\u00e4mme lis\u00e4\u00e4, jotta voimme auttaa organisaatiotasi menestym\u00e4\u00e4n<\/p>\n<\/div>\n\n\n\n<div class=\"wp-block-column is-vertically-aligned-top has-border-color has-white-background-color has-background is-layout-flow wp-block-column-is-layout-flow\" style=\"border-color:#A335FF;border-width:2px;border-radius:15px;padding-top:var(--wp--preset--spacing--10);padding-right:var(--wp--preset--spacing--10);padding-bottom:var(--wp--preset--spacing--10);padding-left:var(--wp--preset--spacing--10)\">\n<div class=\"wp-block-group has-white-background-color has-background has-global-padding is-layout-constrained wp-container-core-group-is-layout-b807a22d wp-block-group-is-layout-constrained\" style=\"margin-top:0;margin-bottom:0;padding-top:var(--wp--preset--spacing--40);padding-right:var(--wp--preset--spacing--40);padding-bottom:var(--wp--preset--spacing--40);padding-left:var(--wp--preset--spacing--40)\">\n<script data-ot-ignore type=\"text\/javascript\" src=\"https:\/\/js-eu1.hsforms.net\/forms\/v2.js\"><\/script>\n\n<script data-ot-ignore>\n(function() {\n    function createHubSpotForm() {\n        if (window.hbspt && window.hbspt.forms) {\n            hbspt.forms.create({\n                region: \"eu1\",\n                portalId: \"24974645\",\n                formId: \"ed3bf3d0-26ba-4bc2-ad80-e5b4cf17c68c\"\n            });\n        } else {\n            setTimeout(createHubSpotForm, 100);\n        }\n    }\n    createHubSpotForm();\n})();\n<\/script>\n<\/div>\n<\/div>\n<\/div>\n<\/div>\n","protected":false},"excerpt":{"rendered":"<p>Talogyn asiakkaiden menestystarinat Maailman huipputy\u00f6nantajien valinta Asiakastarinat Autamme organisaatioita rekrytoimaan, kehitt\u00e4m\u00e4\u00e4n ja pit\u00e4m\u00e4\u00e4n huolta parhaista osaajistaan. Talogy on auttanut yli 10&nbsp;000 asiakasta osaamisen kehitt\u00e4misen haasteissa ja kehitt\u00e4m\u00e4\u00e4n erinomaisia organisaatioita. Oletko kiinnostunut ratkaisemaan osaamisen kehitt\u00e4misen haasteesi? Kuulemme mielell\u00e4mme lis\u00e4\u00e4, jotta voimme auttaa organisaatiotasi menestym\u00e4\u00e4n<\/p>\n","protected":false},"author":9,"featured_media":0,"parent":0,"menu_order":0,"comment_status":"closed","ping_status":"closed","template":"general-template","meta":{"footnotes":""},"class_list":["post-69755","page","type-page","status-publish","hentry"],"yoast_head":"<!-- This site is optimized with the Yoast SEO plugin v27.2 - https:\/\/yoast.com\/product\/yoast-seo-wordpress\/ -->\n<title>Talogy Client Success Stories\u202f\/ Talent\u202fManagement Case Studies<\/title>\n<meta name=\"description\" content=\"Autamme organisaatioita rekrytoimaan, kehitt\u00e4m\u00e4\u00e4n ja s\u00e4ilytt\u00e4m\u00e4\u00e4n entist\u00e4 parempaa osaamista. Lue lis\u00e4\u00e4 asiakkaidemme menestystarinoista tutustumalla osaamisen hallinnan tapaustutkimuksiin.\u202f\" \/>\n<meta name=\"robots\" content=\"index, follow, max-snippet:-1, max-image-preview:large, max-video-preview:-1\" \/>\n<link rel=\"canonical\" href=\"https:\/\/talogy.com\/fi\/tapaustutkimukset\/\" \/>\n<meta property=\"og:locale\" content=\"fi_FI\" \/>\n<meta property=\"og:type\" content=\"article\" \/>\n<meta property=\"og:title\" content=\"Talogy Client Success Stories\u202f\/ Talent\u202fManagement Case Studies\" \/>\n<meta property=\"og:description\" content=\"Autamme organisaatioita rekrytoimaan, kehitt\u00e4m\u00e4\u00e4n ja s\u00e4ilytt\u00e4m\u00e4\u00e4n entist\u00e4 parempaa osaamista. Lue lis\u00e4\u00e4 asiakkaidemme menestystarinoista tutustumalla osaamisen hallinnan tapaustutkimuksiin.\u202f\" \/>\n<meta property=\"og:url\" content=\"https:\/\/talogy.com\/fi\/tapaustutkimukset\/\" \/>\n<meta property=\"og:site_name\" content=\"Talogy\" \/>\n<meta property=\"article:modified_time\" content=\"2025-12-09T09:53:16+00:00\" \/>\n<meta property=\"og:image\" content=\"https:\/\/talogy.com\/wp-content\/uploads\/2025\/04\/hero-v4-light-grey-background-woman-arms-crossed.jpg\" \/>\n<meta name=\"twitter:card\" content=\"summary_large_image\" \/>\n<!-- \/ Yoast SEO plugin. -->","yoast_head_json":{"title":"Talogy Client Success Stories\u202f\/ Talent\u202fManagement Case Studies","description":"Autamme organisaatioita rekrytoimaan, kehitt\u00e4m\u00e4\u00e4n ja s\u00e4ilytt\u00e4m\u00e4\u00e4n entist\u00e4 parempaa osaamista. Lue lis\u00e4\u00e4 asiakkaidemme menestystarinoista tutustumalla osaamisen hallinnan tapaustutkimuksiin.\u202f","robots":{"index":"index","follow":"follow","max-snippet":"max-snippet:-1","max-image-preview":"max-image-preview:large","max-video-preview":"max-video-preview:-1"},"canonical":"https:\/\/talogy.com\/fi\/tapaustutkimukset\/","og_locale":"fi_FI","og_type":"article","og_title":"Talogy Client Success Stories\u202f\/ Talent\u202fManagement Case Studies","og_description":"Autamme organisaatioita rekrytoimaan, kehitt\u00e4m\u00e4\u00e4n ja s\u00e4ilytt\u00e4m\u00e4\u00e4n entist\u00e4 parempaa osaamista. Lue lis\u00e4\u00e4 asiakkaidemme menestystarinoista tutustumalla osaamisen hallinnan tapaustutkimuksiin.\u202f","og_url":"https:\/\/talogy.com\/fi\/tapaustutkimukset\/","og_site_name":"Talogy","article_modified_time":"2025-12-09T09:53:16+00:00","og_image":[{"url":"https:\/\/talogy.com\/wp-content\/uploads\/2025\/04\/hero-v4-light-grey-background-woman-arms-crossed.jpg","type":"","width":"","height":""}],"twitter_card":"summary_large_image","schema":{"@context":"https:\/\/schema.org","@graph":[{"@type":"WebPage","@id":"https:\/\/talogy.com\/fi\/tapaustutkimukset\/","url":"https:\/\/talogy.com\/fi\/tapaustutkimukset\/","name":"Talogy Client Success Stories\u202f\/ Talent\u202fManagement Case Studies","isPartOf":{"@id":"https:\/\/talogy.com\/fi\/#website"},"primaryImageOfPage":{"@id":"https:\/\/talogy.com\/fi\/tapaustutkimukset\/#primaryimage"},"image":{"@id":"https:\/\/talogy.com\/fi\/tapaustutkimukset\/#primaryimage"},"thumbnailUrl":"https:\/\/talogy.com\/wp-content\/uploads\/2025\/04\/hero-v4-light-grey-background-woman-arms-crossed.jpg","datePublished":"2023-03-22T09:27:31+00:00","dateModified":"2025-12-09T09:53:16+00:00","description":"Autamme organisaatioita rekrytoimaan, kehitt\u00e4m\u00e4\u00e4n ja s\u00e4ilytt\u00e4m\u00e4\u00e4n entist\u00e4 parempaa osaamista. Lue lis\u00e4\u00e4 asiakkaidemme menestystarinoista tutustumalla osaamisen hallinnan tapaustutkimuksiin.\u202f","breadcrumb":{"@id":"https:\/\/talogy.com\/fi\/tapaustutkimukset\/#breadcrumb"},"inLanguage":"fi-fi","potentialAction":[{"@type":"ReadAction","target":["https:\/\/talogy.com\/fi\/tapaustutkimukset\/"]}]},{"@type":"ImageObject","inLanguage":"fi-fi","@id":"https:\/\/talogy.com\/fi\/tapaustutkimukset\/#primaryimage","url":"https:\/\/talogy.com\/wp-content\/uploads\/2025\/04\/hero-v4-light-grey-background-woman-arms-crossed.jpg","contentUrl":"https:\/\/talogy.com\/wp-content\/uploads\/2025\/04\/hero-v4-light-grey-background-woman-arms-crossed.jpg"},{"@type":"BreadcrumbList","@id":"https:\/\/talogy.com\/fi\/tapaustutkimukset\/#breadcrumb","itemListElement":[{"@type":"ListItem","position":1,"name":"Kotisivu","item":"https:\/\/talogy.com\/fi\/"},{"@type":"ListItem","position":2,"name":"Talogyn asiakkaiden menestystarinat"}]},{"@type":"WebSite","@id":"https:\/\/talogy.com\/fi\/#website","url":"https:\/\/talogy.com\/fi\/","name":"Talogy","description":"Talogy Website","publisher":{"@id":"https:\/\/talogy.com\/fi\/#organization"},"potentialAction":[{"@type":"SearchAction","target":{"@type":"EntryPoint","urlTemplate":"https:\/\/talogy.com\/fi\/?s={search_term_string}"},"query-input":{"@type":"PropertyValueSpecification","valueRequired":true,"valueName":"search_term_string"}}],"inLanguage":"fi-fi"},{"@type":"Organization","@id":"https:\/\/talogy.com\/fi\/#organization","name":"Talogy","url":"https:\/\/talogy.com\/fi\/","logo":{"@type":"ImageObject","inLanguage":"fi-fi","@id":"https:\/\/talogy.com\/fi\/#\/schema\/logo\/image\/","url":"https:\/\/talogy.com\/wp-content\/uploads\/2022\/02\/logo-welcome.png","contentUrl":"https:\/\/talogy.com\/wp-content\/uploads\/2022\/02\/logo-welcome.png","width":336,"height":103,"caption":"Talogy"},"image":{"@id":"https:\/\/talogy.com\/fi\/#\/schema\/logo\/image\/"},"sameAs":["https:\/\/www.linkedin.com\/company\/talogy\/"]}]}},"_links":{"self":[{"href":"https:\/\/talogy.com\/fi\/wp-json\/wp\/v2\/pages\/69755","targetHints":{"allow":["GET"]}}],"collection":[{"href":"https:\/\/talogy.com\/fi\/wp-json\/wp\/v2\/pages"}],"about":[{"href":"https:\/\/talogy.com\/fi\/wp-json\/wp\/v2\/types\/page"}],"author":[{"embeddable":true,"href":"https:\/\/talogy.com\/fi\/wp-json\/wp\/v2\/users\/9"}],"replies":[{"embeddable":true,"href":"https:\/\/talogy.com\/fi\/wp-json\/wp\/v2\/comments?post=69755"}],"version-history":[{"count":8,"href":"https:\/\/talogy.com\/fi\/wp-json\/wp\/v2\/pages\/69755\/revisions"}],"predecessor-version":[{"id":138631,"href":"https:\/\/talogy.com\/fi\/wp-json\/wp\/v2\/pages\/69755\/revisions\/138631"}],"wp:attachment":[{"href":"https:\/\/talogy.com\/fi\/wp-json\/wp\/v2\/media?parent=69755"}],"curies":[{"name":"wp","href":"https:\/\/api.w.org\/{rel}","templated":true}]}}