{"id":18200,"date":"2022-02-23T11:50:54","date_gmt":"2022-02-23T11:50:54","guid":{"rendered":"https:\/\/www.talogy.com\/?page_id=18200"},"modified":"2025-12-01T21:07:03","modified_gmt":"2025-12-01T21:07:03","slug":"warum-talogy","status":"publish","type":"page","link":"https:\/\/talogy.com\/de\/uber-talogy\/warum-talogy\/","title":{"rendered":"Warum Talogy?"},"content":{"rendered":"\n<section class=\"wp-block-group alignfull hero-variation-four has-background has-global-padding is-layout-constrained wp-container-core-group-is-layout-b8cc06b1 wp-block-group-is-layout-constrained\" style=\"background:linear-gradient(135deg,rgb(255,255,255) 0%,rgb(255,242,178) 23%,rgb(232,195,255) 48%,rgb(186,249,244) 100%);padding-top:var(--wp--preset--spacing--50);padding-right:var(--wp--preset--spacing--20);padding-bottom:var(--wp--preset--spacing--50);padding-left:var(--wp--preset--spacing--20)\">\n<div class=\"wp-block-columns are-vertically-aligned-top is-layout-flex wp-container-core-columns-is-layout-28f84493 wp-block-columns-is-layout-flex\">\n<div class=\"wp-block-column is-vertically-aligned-top is-layout-flow wp-block-column-is-layout-flow\">\n<div class=\"wp-block-group has-global-padding is-layout-constrained wp-container-core-group-is-layout-6a165bb8 wp-block-group-is-layout-constrained\" style=\"margin-top:0;margin-bottom:0;padding-top:0;padding-right:0;padding-bottom:0;padding-left:0\"><div class=\"yoast-breadcrumbs\"><span><span><a href=\"https:\/\/talogy.com\/de\/\">Startseite<\/a><\/span> \/ <span><a href=\"https:\/\/talogy.com\/de\/uber-talogy\/\">Unsere Geschichte<\/a><\/span> \/ <span class=\"breadcrumb_last\" aria-current=\"page\"><strong>Warum Talogy?<\/strong><\/span><\/span><\/div>\n\n\n<h1 class=\"wp-block-heading has-secondary-900-color has-text-color has-link-color has-xxxl-font-size wp-elements-5351b53c3b4c112d0d728cfed34ceeab\" style=\"font-style:normal;font-weight:800\">Warum Talogy?<\/h1>\n\n\n\n<p class=\"has-secondary-900-color has-text-color has-link-color has-s-font-size wp-elements-c5caf956ee649b0585a3a9f39334c3d3\" style=\"line-height:1.5\">Mit mehr als 75 Jahren Fachwissen und Erfahrung im Talentmanagement liefert Talogy flexible, menschenzentrierte L\u00f6sungen, die f\u00fcr Ihren Talentbedarf optimiert sind.<\/p>\n\n\n\n<div class=\"wp-block-buttons is-layout-flex wp-block-buttons-is-layout-flex\">\n<div class=\"wp-block-button\"><a class=\"wp-block-button__link wp-element-button\" href=\"#form\">Kontaktieren Sie einen Experten<\/a><\/div>\n<\/div>\n<\/div>\n<\/div>\n\n\n\n<div class=\"wp-block-column is-vertically-aligned-top is-layout-flow wp-block-column-is-layout-flow\">\n<figure class=\"wp-block-image aligncenter size-full has-custom-border\"><img decoding=\"async\" width=\"770\" height=\"578\" src=\"https:\/\/talogy.com\/wp-content\/uploads\/2025\/04\/iStock-1862958352_770x578_yellow.jpg\" alt=\"\" class=\"wp-image-108954\" style=\"border-radius:10px;box-shadow:var(--wp--preset--shadow--elevation-300)\" srcset=\"https:\/\/talogy.com\/wp-content\/uploads\/2025\/04\/iStock-1862958352_770x578_yellow.jpg 770w, https:\/\/talogy.com\/wp-content\/uploads\/2025\/04\/iStock-1862958352_770x578_yellow-300x225.jpg 300w, https:\/\/talogy.com\/wp-content\/uploads\/2025\/04\/iStock-1862958352_770x578_yellow-768x576.jpg 768w\" sizes=\"(max-width: 770px) 100vw, 770px\" \/><\/figure>\n<\/div>\n<\/div>\n<\/section>\n\n\n\n<div class=\"wp-block-columns alignwide two-keyline-columns is-layout-flex wp-container-core-columns-is-layout-eae17e81 wp-block-columns-is-layout-flex\" style=\"margin-top:var(--wp--preset--spacing--70);margin-bottom:var(--wp--preset--spacing--70)\">\n<div class=\"wp-block-column has-border-color has-primary-50-background-color has-background is-layout-flow wp-container-core-column-is-layout-ca22b8fc wp-block-column-is-layout-flow\" style=\"border-color:#822ACC;border-width:2px;border-radius:15px;padding-top:var(--wp--preset--spacing--30);padding-right:var(--wp--preset--spacing--20);padding-bottom:var(--wp--preset--spacing--30);padding-left:var(--wp--preset--spacing--20)\">\n<h2 class=\"wp-block-heading has-text-align-center has-primary-600-color has-text-color has-link-color wp-elements-6a2b5559246f4227326967abac34113b\" style=\"letter-spacing:-0.36px\">Konzentration auf das Wesentliche<\/h2>\n\n\n\n<p class=\"has-text-align-center has-black-color has-text-color has-link-color wp-elements-791269e867518b800afa8a7cc63f911a\">Wir setzen auf die Kunst der Einfachheit. Unser Fokus liegt auf den wesentlichen Faktoren, die den Unterschied zwischen Erfolg und Misserfolg ausmachen. Mit unserem praxisnahen Ansatz und unserer flexiblen, modularen Assessment-Technologie entwickeln wir L\u00f6sungen, die Ressourcen schonen, das Engagement der Mitarbeiter st\u00e4rken und konkrete, zielgerichtete Erkenntnisse liefern.<\/p>\n<\/div>\n\n\n\n<div class=\"wp-block-column has-border-color has-teal-50-background-color has-background is-layout-flow wp-container-core-column-is-layout-ca22b8fc wp-block-column-is-layout-flow\" style=\"border-color:#822ACC;border-width:2px;border-radius:15px;padding-top:var(--wp--preset--spacing--30);padding-right:var(--wp--preset--spacing--20);padding-bottom:var(--wp--preset--spacing--30);padding-left:var(--wp--preset--spacing--20)\">\n<h2 class=\"wp-block-heading has-text-align-center has-black-color has-text-color has-link-color wp-elements-93f81848047151a70e0c4021e4a5ef47\" style=\"letter-spacing:-0.36px\">Zukunftsf\u00e4hige L\u00f6sungen<\/h2>\n\n\n\n<p class=\"has-text-align-center has-black-color has-text-color has-link-color wp-elements-166e175c784a5efdeec536a8da5f39b5\">Die Welt ver\u00e4ndert sich schnell, und das gilt auch f\u00fcr die Arbeit. Wir bleiben an Ihrer Seite, um sicherzustellen, dass sich Ihre <a href=\"https:\/\/talogy.com\/de\/loesungen\/\"><strong>Talentl\u00f6sungen <\/strong><\/a>mit Ihnen weiterentwickeln und ver\u00e4ndern. Unsere Experten arbeiten mit Ihnen zusammen, um Ihre L\u00f6sungen regelm\u00e4\u00dfig zu \u00fcberpr\u00fcfen, zu optimieren und gleichbleibende Wirksamkeit zu gew\u00e4hrleisten.<\/p>\n<\/div>\n\n\n\n<div class=\"wp-block-column has-border-color has-primary-50-background-color has-background is-layout-flow wp-container-core-column-is-layout-ca22b8fc wp-block-column-is-layout-flow\" style=\"border-color:#822ACC;border-width:2px;border-radius:15px;padding-top:var(--wp--preset--spacing--30);padding-right:var(--wp--preset--spacing--20);padding-bottom:var(--wp--preset--spacing--30);padding-left:var(--wp--preset--spacing--20)\">\n<h2 class=\"wp-block-heading has-text-align-center has-primary-600-color has-text-color has-link-color wp-elements-9582105d487c815133f3e75373216856\" style=\"letter-spacing:-0.36px\">Auswirkungen auf die Unternehmens-ergebnisse<\/h2>\n\n\n\n<p class=\"has-text-align-center has-black-color has-text-color has-link-color wp-elements-0f40264cfee582ce4bffbbcad897daa0\">Die richtigen Daten k\u00f6nnen einen immensen Einfluss auf die Effizienz eines Unternehmens haben. Aber nur, wenn diese Daten effektiv in Erkenntnisse und Ma\u00dfnahmen umgesetzt werden. Wir sind stolz auf die praktischen, handlungsorientierten Erkenntnisse, die wir unseren Kunden durch unsere Berichte, Dashboards und unser Team erfahrener Experten liefern.<\/p>\n<\/div>\n<\/div>\n\n\n\n<div class=\"wp-block-columns alignwide are-vertically-aligned-center has-border-color is-layout-flex wp-container-core-columns-is-layout-bbf6143c wp-block-columns-is-layout-flex\" style=\"border-color:#A335FF;border-width:2px;border-radius:15px;padding-top:var(--wp--preset--spacing--30);padding-right:var(--wp--preset--spacing--30);padding-bottom:var(--wp--preset--spacing--30);padding-left:var(--wp--preset--spacing--30)\">\n<div class=\"wp-block-column is-vertically-aligned-center is-layout-flow wp-block-column-is-layout-flow\" style=\"flex-basis:40%\">\n<script data-ot-ignore src=\"https:\/\/fast.wistia.com\/player.js\" async><\/script><script src=\"https:\/\/fast.wistia.com\/embed\/j9m04u9xex.js\" async type=\"module\"><\/script><style>wistia-player[media-id='j9m04u9xex']:not(:defined) { background: center \/ contain no-repeat url('https:\/\/fast.wistia.com\/embed\/medias\/j9m04u9xex\/swatch'); display: block; filter: blur(5px); padding-top:56.25%; }<\/style> <wistia-player media-id=\"j9m04u9xex\" aspect=\"1.7777777777777777\"><\/wistia-player>\n<\/div>\n\n\n\n<div class=\"wp-block-column is-vertically-aligned-center is-layout-flow wp-block-column-is-layout-flow\">\n<h2 class=\"wp-block-heading\">Verwandeln Sie Daten in Erkenntnisse, und Erkenntnisse in Ma\u00dfnahmen<\/h2>\n\n\n\n<ul class=\"wp-block-list\">\n<li>Mehr als 150 interne Psychologen und Psychometriker, die Daten in Erkenntnisse \u00fcbersetzen<\/li>\n\n\n\n<li>Berichte, Dashboards und pers\u00f6nliche Feedback-Optionen, um Erkenntnisse in Ma\u00dfnahmen umzusetzen<\/li>\n\n\n\n<li>Ergebnisse, die an die Zielgruppe angepasst sind, um die Akzeptanz zu f\u00f6rdern<\/li>\n\n\n\n<li>Eine breite Palette von <a href=\"https:\/\/talogy.com\/de\/loesungen\/talogy-consulting-loesungen\/\">Beratungs-Services<\/a> zur Nachbereitung und Auswertung der Ergebnisse aus Ihren Talentassessments<\/li>\n<\/ul>\n\n\n\n<div class=\"wp-block-buttons is-layout-flex wp-block-buttons-is-layout-flex\">\n<div class=\"wp-block-button\"><a class=\"wp-block-button__link wp-element-button\" href=\"#form\">Lassen Sie uns reden<\/a><\/div>\n<\/div>\n<\/div>\n<\/div>\n\n\n<section class=\"wp-block-talogytheme-carousel\">\n\t<div class=\"carousel-content\">\n\t\t\n<div class=\"wp-block-group has-global-padding is-layout-constrained wp-container-core-group-is-layout-90d09d9c wp-block-group-is-layout-constrained\">\n<h2 class=\"wp-block-heading\">Warum wir anders sind<\/h2>\n<\/div>\n\n\n\n\n\n\n\n\n\n\n\n\n\n\n\n\n\n\t<\/div>\n\t<div class=\"swiper carousel\">\n\t\t<div class=\"swiper-wrapper\">\n\t\t\t\t\t\t\t<div class=\"swiper-slide\">\n\t\t\t\t\t<div class=\"wp-block-talogytheme-carousel-card\">\n\t\n\n<figure class=\"wp-block-image size-full is-resized\"><img decoding=\"async\" src=\"https:\/\/talogy.com\/wp-content\/uploads\/2023\/07\/icon-emotional-intelligence-purple-background.svg\" alt=\"emotional intelligence icon\" class=\"wp-image-78964\" style=\"width:81px;height:auto\"><\/figure>\n\n\n\n<h3 class=\"wp-block-heading has-xl-font-size\">Partnerschaftliche Grundlage<\/h3>\n\n\n\n<p>Unser Ausgangspunkt ist immer, Ihr Unternehmen und Ihre Bed\u00fcrfnisse zu verstehen. Wir sch\u00e4tzen Ihr unternehmensspezifisches Wissen und glauben, dass wir durch die Kombination mit unserem Fachwissen im Talentmanagement L\u00f6sungen schaffen k\u00f6nnen, die f\u00fcr Ihre Mitarbeiter wirklich effektiv sind.<\/p>\n\n<\/div>\t\t\t\t\t<div class=\"swiper-button-next\"><\/div>\n\t\t\t\t\t<div class=\"swiper-button-prev\"><\/div>\n\t\t\t\t<\/div>\n\t\t\t\t\t\t\t<div class=\"swiper-slide\">\n\t\t\t\t\t<div class=\"wp-block-talogytheme-carousel-card\">\n\t\n\n<figure class=\"wp-block-image size-full is-resized\"><img decoding=\"async\" src=\"https:\/\/talogy.com\/wp-content\/uploads\/2023\/06\/icon-leading-change-purple-background.svg\" alt=\"icon leading change\" class=\"wp-image-77521\" style=\"width:82px;height:auto\"><\/figure>\n\n\n\n<h3 class=\"wp-block-heading has-xl-font-size\">Flexibler Ansatz<\/h3>\n\n\n\n<p>Beim Talentmanagement geht es um Menschen, und obwohl die Wissenschaft eine solide Grundlage f\u00fcr unsere L\u00f6sungen bietet, sind wir uns bewusst, dass jede auf Menschen ausgerichtete L\u00f6sung nuanciert, flexibel und auf die jeweilige Zielgruppe und Situation zugeschnitten sein muss.<\/p>\n\n<\/div>\t\t\t\t\t<div class=\"swiper-button-next\"><\/div>\n\t\t\t\t\t<div class=\"swiper-button-prev\"><\/div>\n\t\t\t\t<\/div>\n\t\t\t\t\t\t\t<div class=\"swiper-slide\">\n\t\t\t\t\t<div class=\"wp-block-talogytheme-carousel-card\">\n\t\n\n<div class=\"wp-block-outermost-icon-block\"><div class=\"icon-container\" style=\"width:48px\"><\/div><\/div>\n\n\n\n<figure class=\"wp-block-image size-full is-resized\"><img decoding=\"async\" src=\"https:\/\/talogy.com\/wp-content\/uploads\/2022\/01\/icon-remote-manager-purple-background.svg\" alt=\"remote manager icon\" class=\"wp-image-12022\" style=\"width:79px;height:auto\"><\/figure>\n\n\n\n<h3 class=\"wp-block-heading has-xl-font-size\">Globale Reichweite<\/h3>\n\n\n\n<p>Die Experten von Talogy sind \u00fcber die ganze Welt verteilt, arbeiten aber eng miteinander und mit unseren Kunden zusammen. Diese N\u00e4he erm\u00f6glicht es uns, L\u00f6sungen f\u00fcr Kunden \u00fcberall auf der Welt effektiv zu entwickeln und einfach zu implementieren.<\/p>\n\n<\/div>\t\t\t\t\t<div class=\"swiper-button-next\"><\/div>\n\t\t\t\t\t<div class=\"swiper-button-prev\"><\/div>\n\t\t\t\t<\/div>\n\t\t\t\t\t\t\t<div class=\"swiper-slide\">\n\t\t\t\t\t<div class=\"wp-block-talogytheme-carousel-card\">\n\t\n\n<div class=\"wp-block-outermost-icon-block\"><div class=\"icon-container\" style=\"width:48px\"><\/div><\/div>\n\n\n\n<figure class=\"wp-block-image size-full is-resized\"><img decoding=\"async\" src=\"https:\/\/talogy.com\/wp-content\/uploads\/2023\/06\/icon-growth-purple-background.svg\" alt=\"growth icon\" class=\"wp-image-77658\" style=\"width:86px;height:auto\"><\/figure>\n\n\n\n<h3 class=\"wp-block-heading has-xl-font-size\">\u00dcber 75 Jahre Erfahrung und Fachwissen<\/h3>\n\n\n\n<p>Seit unseren Anf\u00e4ngen im Jahr 1946 haben wir eine F\u00fclle von Erfahrungen im Talentmanagement und in der Entwicklung gezielter L\u00f6sungen gesammelt. Durch die Kombination dieser Erfahrung mit unserem fundierten Fachwissen in einer Vielzahl von Themen und Disziplinen ist unser Team von Talentexperten ger\u00fcstet und bereit, Ihnen beim Aufbau der richtigen L\u00f6sungsgrundlage zu helfen, um die schwierigsten Talentprobleme Ihres Unternehmens zu bew\u00e4ltigen.<\/p>\n\n<\/div>\t\t\t\t\t<div class=\"swiper-button-next\"><\/div>\n\t\t\t\t\t<div class=\"swiper-button-prev\"><\/div>\n\t\t\t\t<\/div>\n\t\t\t\t\t\t\t<div class=\"swiper-slide\">\n\t\t\t\t\t<div class=\"wp-block-talogytheme-carousel-card\">\n\t\n\n<div class=\"wp-block-outermost-icon-block\"><div class=\"icon-container\" style=\"width:48px\"><\/div><\/div>\n\n\n\n<figure class=\"wp-block-image size-full is-resized\"><img decoding=\"async\" src=\"https:\/\/talogy.com\/wp-content\/uploads\/2023\/07\/icon-expert-purple-background.svg\" alt=\"expert icon\" class=\"wp-image-78978\" style=\"width:85px;height:auto\"><\/figure>\n\n\n\n<h3 class=\"wp-block-heading has-xl-font-size\">Verfeinerung und Optimierung von Personall\u00f6sungen<\/h3>\n\n\n\n<p>Die Zusammenarbeit mit uns ist keine einmalige Angelegenheit. Wir bleiben an Ihrer Seite, um sicherzustellen, dass die implementierte L\u00f6sung weiterhin Ihre kurz- und langfristigen Ziele erreicht. Bei Kunden, die Talogy seit mehr als 20 Jahren als ihr bevorzugtes Talentmanagement-Unternehmen einsetzen, zeigt sich dies.<\/p>\n\n<\/div>\t\t\t\t\t<div class=\"swiper-button-next\"><\/div>\n\t\t\t\t\t<div class=\"swiper-button-prev\"><\/div>\n\t\t\t\t<\/div>\n\t\t\t\t\t<\/div>\n\t\t<div class=\"swiper-pagination\"><\/div>\n\t<\/div>\n<\/section>\n\n\n\n<hr class=\"wp-block-separator has-text-color has-primary-500-color has-alpha-channel-opacity has-primary-500-background-color has-background is-style-wide\"\/>\n\n\n\n<h2 class=\"wp-block-heading has-text-align-center has-primary-500-color has-text-color has-link-color wp-elements-cd368c7666475f01cdd46793b37cc49f\">Ergebnisse f\u00fcr unsere Kunden<\/h2>\n\n\n\n<div class=\"wp-block-columns is-layout-flex wp-container-core-columns-is-layout-28f84493 wp-block-columns-is-layout-flex\">\n<div class=\"wp-block-column is-layout-flow wp-block-column-is-layout-flow\">\n<div class=\"wp-block-group numeric-stats has-black-background-color has-background has-global-padding is-layout-constrained wp-block-group-is-layout-constrained\">\n<p class=\"has-text-align-center o-count-delay-100ms has-primary-500-color has-text-color has-link-color wp-elements-77a4adac01dc85338b40c958e6293542\" style=\"font-size:clamp(42.068px, 2.629rem + ((1vw - 6px) * 6.322), 80px);font-style:normal;font-weight:700\">95%<\/p>\n\n\n\n<p class=\"has-white-color has-text-color has-link-color has-body-font-family has-l-font-size wp-elements-557ef90eab0ae26aa95ae4b58911e9cd\" style=\"font-style:normal;font-weight:bold\">aller Kunden geben an, dass wir ihnen ihre Arbeit erleichtert haben.<\/p>\n<\/div>\n<\/div>\n\n\n\n<div class=\"wp-block-column is-layout-flow wp-block-column-is-layout-flow\">\n<div class=\"wp-block-group numeric-stats has-black-background-color has-background has-global-padding is-layout-constrained wp-block-group-is-layout-constrained\">\n<p class=\"has-text-align-center o-count-delay-100ms has-primary-500-color has-text-color has-link-color wp-elements-7d27fc40e5560b385c8507a0e16533b7\" style=\"font-size:clamp(42.068px, 2.629rem + ((1vw - 6px) * 6.322), 80px);font-style:normal;font-weight:700\">97%<\/p>\n\n\n\n<p class=\"has-white-color has-text-color has-link-color has-body-font-family has-l-font-size wp-elements-2a4d6608cbc0243832ef4c0c51c45111\" style=\"font-style:normal;font-weight:bold\">aller Kunden haben die Qualit\u00e4t ihrer Einstellungsentscheidungen verbessert.<\/p>\n<\/div>\n<\/div>\n\n\n\n<div class=\"wp-block-column is-layout-flow wp-block-column-is-layout-flow\">\n<div class=\"wp-block-group numeric-stats has-black-background-color has-background has-global-padding is-layout-constrained wp-block-group-is-layout-constrained\">\n<p class=\"has-text-align-center o-count-delay-100ms has-primary-500-color has-text-color has-link-color wp-elements-7d27fc40e5560b385c8507a0e16533b7\" style=\"font-size:clamp(42.068px, 2.629rem + ((1vw - 6px) * 6.322), 80px);font-style:normal;font-weight:700\">97%<\/p>\n\n\n\n<p class=\"has-white-color has-text-color has-link-color has-body-font-family has-l-font-size wp-elements-dde9c6f2941ec518fa86f763b040f2f2\" style=\"font-style:normal;font-weight:bold\">aller Kunden sagen, dass unsere Dienstleistungen ihnen geholfen haben, bessere F\u00fchrungskr\u00e4fte zu entwickeln.<\/p>\n<\/div>\n<\/div>\n<\/div>\n\n\n\n<hr class=\"wp-block-separator has-text-color has-primary-500-color has-alpha-channel-opacity has-primary-500-background-color has-background is-style-wide\" style=\"margin-top:var(--wp--preset--spacing--70);margin-bottom:var(--wp--preset--spacing--40)\"\/>\n\n\n\n<div class=\"wp-block-group alignwide has-black-background-color has-background has-global-padding is-layout-constrained wp-block-group-is-layout-constrained\" style=\"margin-top:var(--wp--preset--spacing--40);margin-bottom:var(--wp--preset--spacing--40);padding-top:0;padding-bottom:0\">\n<div class=\"wp-block-columns alignwide is-layout-flex wp-container-core-columns-is-layout-85518bf0 wp-block-columns-is-layout-flex\" style=\"margin-top:0;margin-bottom:0;padding-top:var(--wp--preset--spacing--60);padding-bottom:var(--wp--preset--spacing--60)\">\n<div class=\"wp-block-column is-layout-flow wp-block-column-is-layout-flow\">\n<h2 class=\"wp-block-heading has-primary-500-color has-text-color has-link-color has-xxl-font-size wp-elements-9d12087223b8c73bc01fe95dc5c5bf21\" id=\"form\">Sind Sie bereit, Ihre Herausforderungen im Talentmanagement zu besprechen?<\/h2>\n\n\n\n<p>Wir haben ein offenes Ohr f\u00fcr Sie und entwickeln Assessment-L\u00f6sungen, die Ihren Anforderungen entsprechen.<\/p>\n<\/div>\n\n\n\n<div class=\"wp-block-column is-vertically-aligned-top has-border-color has-white-background-color has-background is-layout-flow wp-block-column-is-layout-flow\" style=\"border-color:#A335FF;border-width:2px;border-radius:15px;padding-top:var(--wp--preset--spacing--10);padding-right:var(--wp--preset--spacing--10);padding-bottom:var(--wp--preset--spacing--10);padding-left:var(--wp--preset--spacing--10)\">\n<div class=\"wp-block-group has-white-background-color has-background has-global-padding is-layout-constrained wp-container-core-group-is-layout-b807a22d wp-block-group-is-layout-constrained\" style=\"margin-top:0;margin-bottom:0;padding-top:var(--wp--preset--spacing--40);padding-right:var(--wp--preset--spacing--40);padding-bottom:var(--wp--preset--spacing--40);padding-left:var(--wp--preset--spacing--40)\">\n<script data-ot-ignore type=\"text\/javascript\" src=\"https:\/\/js-eu1.hsforms.net\/forms\/v2.js\"><\/script>\n\n<script>\n(function() {\n    function createHubSpotForm() {\n        if (window.hbspt && window.hbspt.forms) {\n            hbspt.forms.create({\n                region: \"eu1\",\n                portalId: \"24974645\",\n                formId: \"5052dff2-3682-49ac-97d1-854520ffe71a\"\n            });\n        } else {\n            setTimeout(createHubSpotForm, 100);\n        }\n    }\n    createHubSpotForm();\n})();\n<\/script>\n<\/div>\n<\/div>\n<\/div>\n<\/div>\n","protected":false},"excerpt":{"rendered":"<p>Warum Talogy? Mit mehr als 75 Jahren Fachwissen und Erfahrung im Talentmanagement liefert Talogy flexible, menschenzentrierte L\u00f6sungen, die f\u00fcr Ihren Talentbedarf optimiert sind. Konzentration auf das Wesentliche Wir setzen auf die Kunst der Einfachheit. Unser Fokus liegt auf den wesentlichen Faktoren, die den Unterschied zwischen Erfolg und Misserfolg ausmachen. Mit unserem praxisnahen Ansatz und unserer [&hellip;]<\/p>\n","protected":false},"author":9,"featured_media":0,"parent":22947,"menu_order":0,"comment_status":"closed","ping_status":"closed","template":"general-template","meta":{"footnotes":""},"class_list":["post-18200","page","type-page","status-publish","hentry"],"yoast_head":"<!-- This site is optimized with the Yoast SEO plugin v27.2 - https:\/\/yoast.com\/product\/yoast-seo-wordpress\/ -->\n<title>Warum Talogy? | Talogy<\/title>\n<meta name=\"description\" content=\"Entdecken Sie, was Talogy zum idealen Partner im Talentmanagement macht. Sehen Sie, wie unser innovativer Ansatz und unsere Expertenl\u00f6sungen den Unternehmenserfolg f\u00f6rdern.\" \/>\n<meta name=\"robots\" content=\"index, follow, max-snippet:-1, max-image-preview:large, max-video-preview:-1\" \/>\n<link rel=\"canonical\" href=\"https:\/\/talogy.com\/de\/uber-talogy\/warum-talogy\/\" \/>\n<meta property=\"og:locale\" content=\"de_DE\" \/>\n<meta property=\"og:type\" content=\"article\" \/>\n<meta property=\"og:title\" content=\"Warum Talogy? | Talogy\" \/>\n<meta property=\"og:description\" content=\"Entdecken Sie, was Talogy zum idealen Partner im Talentmanagement macht. Sehen Sie, wie unser innovativer Ansatz und unsere Expertenl\u00f6sungen den Unternehmenserfolg f\u00f6rdern.\" \/>\n<meta property=\"og:url\" content=\"https:\/\/talogy.com\/de\/uber-talogy\/warum-talogy\/\" \/>\n<meta property=\"og:site_name\" content=\"Talogy\" \/>\n<meta property=\"article:modified_time\" content=\"2025-12-01T21:07:03+00:00\" \/>\n<meta property=\"og:image\" content=\"https:\/\/talogy.com\/wp-content\/uploads\/2025\/04\/iStock-1862958352_770x578_yellow.jpg\" \/>\n<meta name=\"twitter:card\" content=\"summary_large_image\" \/>\n<!-- \/ Yoast SEO plugin. -->","yoast_head_json":{"title":"Warum Talogy? | Talogy","description":"Entdecken Sie, was Talogy zum idealen Partner im Talentmanagement macht. Sehen Sie, wie unser innovativer Ansatz und unsere Expertenl\u00f6sungen den Unternehmenserfolg f\u00f6rdern.","robots":{"index":"index","follow":"follow","max-snippet":"max-snippet:-1","max-image-preview":"max-image-preview:large","max-video-preview":"max-video-preview:-1"},"canonical":"https:\/\/talogy.com\/de\/uber-talogy\/warum-talogy\/","og_locale":"de_DE","og_type":"article","og_title":"Warum Talogy? | Talogy","og_description":"Entdecken Sie, was Talogy zum idealen Partner im Talentmanagement macht. Sehen Sie, wie unser innovativer Ansatz und unsere Expertenl\u00f6sungen den Unternehmenserfolg f\u00f6rdern.","og_url":"https:\/\/talogy.com\/de\/uber-talogy\/warum-talogy\/","og_site_name":"Talogy","article_modified_time":"2025-12-01T21:07:03+00:00","og_image":[{"url":"https:\/\/talogy.com\/wp-content\/uploads\/2025\/04\/iStock-1862958352_770x578_yellow.jpg","type":"","width":"","height":""}],"twitter_card":"summary_large_image","schema":{"@context":"https:\/\/schema.org","@graph":[{"@type":"WebPage","@id":"https:\/\/talogy.com\/de\/uber-talogy\/warum-talogy\/","url":"https:\/\/talogy.com\/de\/uber-talogy\/warum-talogy\/","name":"Warum Talogy? | Talogy","isPartOf":{"@id":"https:\/\/talogy.com\/de\/#website"},"primaryImageOfPage":{"@id":"https:\/\/talogy.com\/de\/uber-talogy\/warum-talogy\/#primaryimage"},"image":{"@id":"https:\/\/talogy.com\/de\/uber-talogy\/warum-talogy\/#primaryimage"},"thumbnailUrl":"https:\/\/talogy.com\/wp-content\/uploads\/2025\/04\/iStock-1862958352_770x578_yellow.jpg","datePublished":"2022-02-23T11:50:54+00:00","dateModified":"2025-12-01T21:07:03+00:00","description":"Entdecken Sie, was Talogy zum idealen Partner im Talentmanagement macht. Sehen Sie, wie unser innovativer Ansatz und unsere Expertenl\u00f6sungen den Unternehmenserfolg f\u00f6rdern.","breadcrumb":{"@id":"https:\/\/talogy.com\/de\/uber-talogy\/warum-talogy\/#breadcrumb"},"inLanguage":"de-DE","potentialAction":[{"@type":"ReadAction","target":["https:\/\/talogy.com\/de\/uber-talogy\/warum-talogy\/"]}]},{"@type":"ImageObject","inLanguage":"de-DE","@id":"https:\/\/talogy.com\/de\/uber-talogy\/warum-talogy\/#primaryimage","url":"https:\/\/talogy.com\/wp-content\/uploads\/2025\/04\/iStock-1862958352_770x578_yellow.jpg","contentUrl":"https:\/\/talogy.com\/wp-content\/uploads\/2025\/04\/iStock-1862958352_770x578_yellow.jpg"},{"@type":"BreadcrumbList","@id":"https:\/\/talogy.com\/de\/uber-talogy\/warum-talogy\/#breadcrumb","itemListElement":[{"@type":"ListItem","position":1,"name":"Startseite","item":"https:\/\/talogy.com\/de\/"},{"@type":"ListItem","position":2,"name":"Unsere Geschichte","item":"https:\/\/talogy.com\/de\/uber-talogy\/"},{"@type":"ListItem","position":3,"name":"Warum Talogy?"}]},{"@type":"WebSite","@id":"https:\/\/talogy.com\/de\/#website","url":"https:\/\/talogy.com\/de\/","name":"Talogy","description":"Talogy Website","publisher":{"@id":"https:\/\/talogy.com\/de\/#organization"},"potentialAction":[{"@type":"SearchAction","target":{"@type":"EntryPoint","urlTemplate":"https:\/\/talogy.com\/de\/?s={search_term_string}"},"query-input":{"@type":"PropertyValueSpecification","valueRequired":true,"valueName":"search_term_string"}}],"inLanguage":"de-DE"},{"@type":"Organization","@id":"https:\/\/talogy.com\/de\/#organization","name":"Talogy","url":"https:\/\/talogy.com\/de\/","logo":{"@type":"ImageObject","inLanguage":"de-DE","@id":"https:\/\/talogy.com\/de\/#\/schema\/logo\/image\/","url":"https:\/\/talogy.com\/wp-content\/uploads\/2022\/02\/logo-welcome.png","contentUrl":"https:\/\/talogy.com\/wp-content\/uploads\/2022\/02\/logo-welcome.png","width":336,"height":103,"caption":"Talogy"},"image":{"@id":"https:\/\/talogy.com\/de\/#\/schema\/logo\/image\/"},"sameAs":["https:\/\/www.linkedin.com\/company\/talogy\/"]}]}},"_links":{"self":[{"href":"https:\/\/talogy.com\/de\/wp-json\/wp\/v2\/pages\/18200","targetHints":{"allow":["GET"]}}],"collection":[{"href":"https:\/\/talogy.com\/de\/wp-json\/wp\/v2\/pages"}],"about":[{"href":"https:\/\/talogy.com\/de\/wp-json\/wp\/v2\/types\/page"}],"author":[{"embeddable":true,"href":"https:\/\/talogy.com\/de\/wp-json\/wp\/v2\/users\/9"}],"replies":[{"embeddable":true,"href":"https:\/\/talogy.com\/de\/wp-json\/wp\/v2\/comments?post=18200"}],"version-history":[{"count":4,"href":"https:\/\/talogy.com\/de\/wp-json\/wp\/v2\/pages\/18200\/revisions"}],"predecessor-version":[{"id":137263,"href":"https:\/\/talogy.com\/de\/wp-json\/wp\/v2\/pages\/18200\/revisions\/137263"}],"up":[{"embeddable":true,"href":"https:\/\/talogy.com\/de\/wp-json\/wp\/v2\/pages\/22947"}],"wp:attachment":[{"href":"https:\/\/talogy.com\/de\/wp-json\/wp\/v2\/media?parent=18200"}],"curies":[{"name":"wp","href":"https:\/\/api.w.org\/{rel}","templated":true}]}}