{"id":18197,"date":"2022-02-24T18:25:58","date_gmt":"2022-02-24T18:25:58","guid":{"rendered":"https:\/\/www.talogy.com\/?page_id=18197"},"modified":"2025-11-12T14:09:18","modified_gmt":"2025-11-12T14:09:18","slug":"kontaktieren-sie-uns","status":"publish","type":"page","link":"https:\/\/talogy.com\/de\/kontaktieren-sie-uns\/","title":{"rendered":"Kontaktieren Sie uns"},"content":{"rendered":"\n<section class=\"wp-block-group alignfull hero-variation-four has-background has-global-padding is-layout-constrained wp-container-core-group-is-layout-b8cc06b1 wp-block-group-is-layout-constrained\" style=\"background:linear-gradient(135deg,rgb(255,255,255) 0%,rgb(153,246,235) 22%,rgb(232,195,255) 73%);padding-top:var(--wp--preset--spacing--50);padding-right:var(--wp--preset--spacing--20);padding-bottom:var(--wp--preset--spacing--50);padding-left:var(--wp--preset--spacing--20)\">\n<div class=\"wp-block-columns are-vertically-aligned-top is-layout-flex wp-container-core-columns-is-layout-28f84493 wp-block-columns-is-layout-flex\">\n<div class=\"wp-block-column is-vertically-aligned-top is-layout-flow wp-block-column-is-layout-flow\">\n<div class=\"wp-block-group has-global-padding is-layout-constrained wp-container-core-group-is-layout-6a165bb8 wp-block-group-is-layout-constrained\" style=\"margin-top:0;margin-bottom:0;padding-top:0;padding-right:0;padding-bottom:0;padding-left:0\"><div class=\"yoast-breadcrumbs\"><span><span><a href=\"https:\/\/talogy.com\/de\/\">Startseite<\/a><\/span> \/ <span class=\"breadcrumb_last\" aria-current=\"page\"><strong>Kontaktieren Sie uns<\/strong><\/span><\/span><\/div>\n\n\n<h1 class=\"wp-block-heading has-secondary-900-color has-text-color has-link-color has-xxxl-font-size wp-elements-1ad8ebd06ccb08855f87ebe728f41cfa\" style=\"font-style:normal;font-weight:800\">Kontaktieren Sie uns<\/h1>\n\n\n\n<div class=\"wp-block-buttons is-layout-flex wp-block-buttons-is-layout-flex\">\n<div class=\"wp-block-button\"><a class=\"wp-block-button__link wp-element-button\" href=\"https:\/\/talogy.com\/de\/uber-talogy\/unsere-globalen-standorte\/\">Unsere Standorte weltweit<\/a><\/div>\n<\/div>\n<\/div>\n<\/div>\n<\/div>\n<\/section>\n\n\n\n<div class=\"wp-block-group alignwide has-global-padding is-layout-constrained wp-block-group-is-layout-constrained\" style=\"padding-top:var(--wp--preset--spacing--40);padding-bottom:var(--wp--preset--spacing--40)\">\n<h2 class=\"wp-block-heading has-text-align-center has-primary-500-color has-text-color has-link-color wp-elements-551372c14808eaf3c154c1373e08c009\">Wie k\u00f6nnen wir Ihnen helfen?<\/h2>\n\n\n\n<div class=\"wp-block-columns alignwide is-layout-flex wp-container-core-columns-is-layout-ec2e7a44 wp-block-columns-is-layout-flex\" style=\"padding-top:0;padding-bottom:0\">\n<div class=\"wp-block-column has-border-color has-white-background-color has-background is-layout-flow wp-block-column-is-layout-flow\" style=\"border-color:#A335FF;border-width:2px;border-radius:15px;padding-top:var(--wp--preset--spacing--40);padding-right:var(--wp--preset--spacing--40);padding-bottom:var(--wp--preset--spacing--40);padding-left:var(--wp--preset--spacing--40)\">\n<h3 class=\"wp-block-heading has-text-align-center has-primary-500-color has-text-color has-link-color wp-elements-0f963e323e8044b4166648a98d442d37\">Interessentenanfragen und Demos<\/h3>\n\n\n\n<script data-ot-ignore type=\"text\/javascript\" src=\"https:\/\/js-eu1.hsforms.net\/forms\/v2.js\"><\/script>\n\n<script data-ot-ignore>\n(function() {\n    function createHubSpotForm() {\n        if (window.hbspt && window.hbspt.forms) {\n            hbspt.forms.create({\n                region: \"eu1\",\n                portalId: \"24974645\",\n                formId: \"5052dff2-3682-49ac-97d1-854520ffe71a\"\n            });\n        } else {\n            setTimeout(createHubSpotForm, 100);\n        }\n    }\n    createHubSpotForm();\n})();\n<\/script>\n<\/div>\n\n\n\n<div class=\"wp-block-column has-border-color has-white-background-color has-background is-layout-flow wp-block-column-is-layout-flow\" style=\"border-color:#A335FF;border-width:2px;border-radius:15px;padding-top:var(--wp--preset--spacing--40);padding-right:var(--wp--preset--spacing--40);padding-bottom:var(--wp--preset--spacing--40);padding-left:var(--wp--preset--spacing--40)\">\n<h3 class=\"wp-block-heading has-text-align-center has-primary-500-color has-text-color has-link-color wp-elements-5d332e213a7adf718f78ff12187afc73\">Kundendienst<\/h3>\n\n\n\n<script data-ot-ignore type=\"text\/javascript\" src=\"https:\/\/js-eu1.hsforms.net\/forms\/v2.js\"><\/script>\n\n<script data-ot-ignore>\n(function() {\n    function createHubSpotForm() {\n        if (window.hbspt && window.hbspt.forms) {\n            hbspt.forms.create({\n                region: \"eu1\",\n                portalId: \"24974645\",\n                formId: \"17f47dae-f74a-4418-a581-7afc7eeedbba\"\n            });\n        } else {\n            setTimeout(createHubSpotForm, 100);\n        }\n    }\n    createHubSpotForm();\n})();\n<\/script>\n<\/div>\n<\/div>\n<\/div>\n\n\n\n<div class=\"wp-block-group alignwide has-border-color has-global-padding is-layout-constrained wp-container-core-group-is-layout-68ac6e64 wp-block-group-is-layout-constrained\" style=\"border-color:#A335FF;border-width:2px;border-radius:15px;margin-top:var(--wp--preset--spacing--40);margin-bottom:var(--wp--preset--spacing--40);padding-top:var(--wp--preset--spacing--20);padding-bottom:var(--wp--preset--spacing--20)\">\n<div class=\"wp-block-columns is-layout-flex wp-container-core-columns-is-layout-a4c9e5e1 wp-block-columns-is-layout-flex\" style=\"border-radius:0px;margin-top:0;margin-bottom:0;padding-top:0;padding-bottom:0\">\n<div class=\"wp-block-column is-layout-flow wp-block-column-is-layout-flow\" style=\"padding-right:var(--wp--preset--spacing--50);padding-left:var(--wp--preset--spacing--50)\">\n<p class=\"has-text-align-center\"><a href=\"https:\/\/talogy.com\/en\/legal\/terms-conditions\/\">Terms and Conditions<\/a><\/p>\n<\/div>\n\n\n\n<div class=\"wp-block-column is-layout-flow wp-block-column-is-layout-flow\">\n<p class=\"has-text-align-center\"><a href=\"https:\/\/talogy.com\/en\/legal\/terms-of-use\/\">End user terms of use<\/a><\/p>\n<\/div>\n\n\n\n<div class=\"wp-block-column is-layout-flow wp-block-column-is-layout-flow\">\n<p class=\"has-text-align-center\"><a href=\"https:\/\/talogy.com\/en\/legal\/cookies-policy\/\">Cookies policy<\/a><\/p>\n<\/div>\n\n\n\n<div class=\"wp-block-column is-layout-flow wp-container-core-column-is-layout-e5ebdcd0 wp-block-column-is-layout-flow\" style=\"border-style:none;border-width:0px;padding-top:0;padding-right:var(--wp--preset--spacing--10);padding-bottom:0;padding-left:var(--wp--preset--spacing--10)\">\n<p class=\"has-text-align-center\"><a href=\"https:\/\/talogy.com\/en\/legal\/privacy-policy\/\">Privacy notice<\/a><\/p>\n<\/div>\n<\/div>\n<\/div>\n","protected":false},"excerpt":{"rendered":"<p>Kontaktieren Sie uns Wie k\u00f6nnen wir Ihnen helfen? Interessentenanfragen und Demos Kundendienst Terms and Conditions End user terms of use Cookies policy Privacy notice<\/p>\n","protected":false},"author":9,"featured_media":0,"parent":0,"menu_order":0,"comment_status":"closed","ping_status":"closed","template":"general-template","meta":{"footnotes":""},"class_list":["post-18197","page","type-page","status-publish","hentry"],"yoast_head":"<!-- This site is optimized with the Yoast SEO plugin v27.2 - https:\/\/yoast.com\/product\/yoast-seo-wordpress\/ -->\n<title>Kontaktieren Sie Talogy f\u00fcr Produkt-, Support- und sonstige Anfragen<\/title>\n<meta name=\"description\" content=\"Kontaktieren Sie Talogy f\u00fcr Produkt-, Support- und sonstige Anfragen. Sprechen Sie mit Talogys Experten weltweit \u00fcber L\u00f6sungen f\u00fcr Talentakquise, -auswahl und -management.\" \/>\n<meta name=\"robots\" content=\"index, follow, max-snippet:-1, max-image-preview:large, max-video-preview:-1\" \/>\n<link rel=\"canonical\" href=\"https:\/\/talogy.com\/de\/kontaktieren-sie-uns\/\" \/>\n<meta property=\"og:locale\" content=\"de_DE\" \/>\n<meta property=\"og:type\" content=\"article\" \/>\n<meta property=\"og:title\" content=\"Kontaktieren Sie Talogy f\u00fcr Produkt-, Support- und sonstige Anfragen\" \/>\n<meta property=\"og:description\" content=\"Kontaktieren Sie Talogy f\u00fcr Produkt-, Support- und sonstige Anfragen. Sprechen Sie mit Talogys Experten weltweit \u00fcber L\u00f6sungen f\u00fcr Talentakquise, -auswahl und -management.\" \/>\n<meta property=\"og:url\" content=\"https:\/\/talogy.com\/de\/kontaktieren-sie-uns\/\" \/>\n<meta property=\"og:site_name\" content=\"Talogy\" \/>\n<meta property=\"article:modified_time\" content=\"2025-11-12T14:09:18+00:00\" \/>\n<meta name=\"twitter:card\" content=\"summary_large_image\" \/>\n<!-- \/ Yoast SEO plugin. -->","yoast_head_json":{"title":"Kontaktieren Sie Talogy f\u00fcr Produkt-, Support- und sonstige Anfragen","description":"Kontaktieren Sie Talogy f\u00fcr Produkt-, Support- und sonstige Anfragen. Sprechen Sie mit Talogys Experten weltweit \u00fcber L\u00f6sungen f\u00fcr Talentakquise, -auswahl und -management.","robots":{"index":"index","follow":"follow","max-snippet":"max-snippet:-1","max-image-preview":"max-image-preview:large","max-video-preview":"max-video-preview:-1"},"canonical":"https:\/\/talogy.com\/de\/kontaktieren-sie-uns\/","og_locale":"de_DE","og_type":"article","og_title":"Kontaktieren Sie Talogy f\u00fcr Produkt-, Support- und sonstige Anfragen","og_description":"Kontaktieren Sie Talogy f\u00fcr Produkt-, Support- und sonstige Anfragen. Sprechen Sie mit Talogys Experten weltweit \u00fcber L\u00f6sungen f\u00fcr Talentakquise, -auswahl und -management.","og_url":"https:\/\/talogy.com\/de\/kontaktieren-sie-uns\/","og_site_name":"Talogy","article_modified_time":"2025-11-12T14:09:18+00:00","twitter_card":"summary_large_image","schema":{"@context":"https:\/\/schema.org","@graph":[{"@type":"WebPage","@id":"https:\/\/talogy.com\/de\/kontaktieren-sie-uns\/","url":"https:\/\/talogy.com\/de\/kontaktieren-sie-uns\/","name":"Kontaktieren Sie Talogy f\u00fcr Produkt-, Support- und sonstige Anfragen","isPartOf":{"@id":"https:\/\/talogy.com\/de\/#website"},"datePublished":"2022-02-24T18:25:58+00:00","dateModified":"2025-11-12T14:09:18+00:00","description":"Kontaktieren Sie Talogy f\u00fcr Produkt-, Support- und sonstige Anfragen. Sprechen Sie mit Talogys Experten weltweit \u00fcber L\u00f6sungen f\u00fcr Talentakquise, -auswahl und -management.","breadcrumb":{"@id":"https:\/\/talogy.com\/de\/kontaktieren-sie-uns\/#breadcrumb"},"inLanguage":"de-DE","potentialAction":[{"@type":"ReadAction","target":["https:\/\/talogy.com\/de\/kontaktieren-sie-uns\/"]}]},{"@type":"BreadcrumbList","@id":"https:\/\/talogy.com\/de\/kontaktieren-sie-uns\/#breadcrumb","itemListElement":[{"@type":"ListItem","position":1,"name":"Startseite","item":"https:\/\/talogy.com\/de\/"},{"@type":"ListItem","position":2,"name":"Kontaktieren Sie uns"}]},{"@type":"WebSite","@id":"https:\/\/talogy.com\/de\/#website","url":"https:\/\/talogy.com\/de\/","name":"Talogy","description":"Talogy Website","publisher":{"@id":"https:\/\/talogy.com\/de\/#organization"},"potentialAction":[{"@type":"SearchAction","target":{"@type":"EntryPoint","urlTemplate":"https:\/\/talogy.com\/de\/?s={search_term_string}"},"query-input":{"@type":"PropertyValueSpecification","valueRequired":true,"valueName":"search_term_string"}}],"inLanguage":"de-DE"},{"@type":"Organization","@id":"https:\/\/talogy.com\/de\/#organization","name":"Talogy","url":"https:\/\/talogy.com\/de\/","logo":{"@type":"ImageObject","inLanguage":"de-DE","@id":"https:\/\/talogy.com\/de\/#\/schema\/logo\/image\/","url":"https:\/\/talogy.com\/wp-content\/uploads\/2022\/02\/logo-welcome.png","contentUrl":"https:\/\/talogy.com\/wp-content\/uploads\/2022\/02\/logo-welcome.png","width":336,"height":103,"caption":"Talogy"},"image":{"@id":"https:\/\/talogy.com\/de\/#\/schema\/logo\/image\/"},"sameAs":["https:\/\/www.linkedin.com\/company\/talogy\/"]}]}},"_links":{"self":[{"href":"https:\/\/talogy.com\/de\/wp-json\/wp\/v2\/pages\/18197","targetHints":{"allow":["GET"]}}],"collection":[{"href":"https:\/\/talogy.com\/de\/wp-json\/wp\/v2\/pages"}],"about":[{"href":"https:\/\/talogy.com\/de\/wp-json\/wp\/v2\/types\/page"}],"author":[{"embeddable":true,"href":"https:\/\/talogy.com\/de\/wp-json\/wp\/v2\/users\/9"}],"replies":[{"embeddable":true,"href":"https:\/\/talogy.com\/de\/wp-json\/wp\/v2\/comments?post=18197"}],"version-history":[{"count":7,"href":"https:\/\/talogy.com\/de\/wp-json\/wp\/v2\/pages\/18197\/revisions"}],"predecessor-version":[{"id":134637,"href":"https:\/\/talogy.com\/de\/wp-json\/wp\/v2\/pages\/18197\/revisions\/134637"}],"wp:attachment":[{"href":"https:\/\/talogy.com\/de\/wp-json\/wp\/v2\/media?parent=18197"}],"curies":[{"name":"wp","href":"https:\/\/api.w.org\/{rel}","templated":true}]}}