{"id":14186,"date":"2022-02-15T13:06:10","date_gmt":"2022-02-15T13:06:10","guid":{"rendered":"https:\/\/www.talogy.com\/?page_id=14186"},"modified":"2025-10-29T19:21:19","modified_gmt":"2025-10-29T19:21:19","slug":"branchen","status":"publish","type":"page","link":"https:\/\/talogy.com\/de\/loesungen\/branchen\/","title":{"rendered":"Branchen"},"content":{"rendered":"\n<section class=\"wp-block-group alignfull hero-variation-four has-background has-global-padding is-layout-constrained wp-container-core-group-is-layout-b8cc06b1 wp-block-group-is-layout-constrained\" style=\"background:linear-gradient(135deg,rgb(255,255,255) 0%,rgb(245,235,255) 30%,rgb(232,195,255) 100%);padding-top:var(--wp--preset--spacing--50);padding-right:var(--wp--preset--spacing--20);padding-bottom:var(--wp--preset--spacing--50);padding-left:var(--wp--preset--spacing--20)\">\n<div class=\"wp-block-columns are-vertically-aligned-top is-layout-flex wp-container-core-columns-is-layout-28f84493 wp-block-columns-is-layout-flex\">\n<div class=\"wp-block-column is-vertically-aligned-top is-layout-flow wp-block-column-is-layout-flow\">\n<div class=\"wp-block-group has-global-padding is-layout-constrained wp-container-core-group-is-layout-6a165bb8 wp-block-group-is-layout-constrained\" style=\"margin-top:0;margin-bottom:0;padding-top:0;padding-right:0;padding-bottom:0;padding-left:0\"><div class=\"yoast-breadcrumbs\"><span><span><a href=\"https:\/\/talogy.com\/de\/\">Startseite<\/a><\/span> \/ <span><a href=\"https:\/\/talogy.com\/de\/loesungen\/\">Talentmanagement-L\u00f6sungen<\/a><\/span> \/ <span class=\"breadcrumb_last\" aria-current=\"page\"><strong>Branchenkompetenz im Talentmanagement<\/strong><\/span><\/span><\/div>\n\n\n<h1 class=\"wp-block-heading has-secondary-900-color has-text-color has-link-color has-xxxl-font-size wp-elements-aa62a68ea37a04a626f49e60a2c7632e\" style=\"font-style:normal;font-weight:800\">Branchenkompetenz im Talentmanagement<\/h1>\n\n\n\n<p class=\"has-secondary-900-color has-text-color has-link-color has-s-font-size wp-elements-a2767224ebec5f906f3300acee458fc0\" style=\"line-height:1.5\">Dank unserer umfassenden Branchenkenntnisse im Talentmanagement verf\u00fcgen wir \u00fcber s\u00e4mtliche L\u00f6sungen, die Sie f\u00fcr intelligente Einstellungsentscheidungen, die Entwicklung von Potenzial und den Aufbau einer leistungsstarken Belegschaft ben\u00f6tigen.<\/p>\n\n\n\n<div class=\"wp-block-buttons is-layout-flex wp-block-buttons-is-layout-flex\">\n<div class=\"wp-block-button\"><a class=\"wp-block-button__link wp-element-button\" href=\"#form\">Kontaktieren Sie einen Experten<\/a><\/div>\n<\/div>\n<\/div>\n<\/div>\n\n\n\n<div class=\"wp-block-column is-vertically-aligned-top is-layout-flow wp-block-column-is-layout-flow\">\n<figure class=\"wp-block-image aligncenter size-full has-custom-border\"><img decoding=\"async\" width=\"770\" height=\"578\" src=\"https:\/\/talogy.com\/wp-content\/uploads\/2025\/04\/hero-v4-lime-background-man-orange-button-down.jpg\" alt=\"man wearing orange button down shirt\" class=\"wp-image-104409\" style=\"border-radius:10px;box-shadow:var(--wp--preset--shadow--elevation-300)\" srcset=\"https:\/\/talogy.com\/wp-content\/uploads\/2025\/04\/hero-v4-lime-background-man-orange-button-down.jpg 770w, https:\/\/talogy.com\/wp-content\/uploads\/2025\/04\/hero-v4-lime-background-man-orange-button-down-300x225.jpg 300w, https:\/\/talogy.com\/wp-content\/uploads\/2025\/04\/hero-v4-lime-background-man-orange-button-down-768x576.jpg 768w\" sizes=\"(max-width: 770px) 100vw, 770px\" \/><\/figure>\n<\/div>\n<\/div>\n<\/section>\n\n\n\n<div class=\"wp-block-group alignwide has-global-padding is-layout-constrained wp-block-group-is-layout-constrained\">\n<div class=\"wp-block-group alignwide has-global-padding is-layout-constrained wp-block-group-is-layout-constrained\" style=\"padding-top:var(--wp--preset--spacing--50);padding-bottom:var(--wp--preset--spacing--50)\">\n<h2 class=\"wp-block-heading has-text-align-center has-primary-500-color has-text-color has-link-color wp-elements-5aabcc2342ad9ca993eea6a58c192727\">Wir verstehen Ihre Branche<\/h2>\n\n\n\n<p class=\"has-text-align-center\">Vor welcher Herausforderung Sie auch stehen, die weltweit f\u00fchrenden Unternehmen vertrauen auf Talogys durchg\u00e4ngige L\u00f6sungen f\u00fcr Talentscreening, -auswahl und -entwicklung, die Ihnen helfen, Talentprobleme jetzt zu l\u00f6sen und sich auf die Zukunft vorzubereiten.<\/p>\n\n\n\n<p class=\"has-text-align-center\">Wir kennen und verstehen Ihre Branche, denn unsere Berater arbeiten seit Jahrzehnten mit Unternehmen wie Ihrem zusammen.\u202fWir sprechen Ihre Sprache und haben unsere L\u00f6sungen und Ressourcen f\u00fcr Unternehmen auf der ganzen Welt entwickelt.<\/p>\n\n\n\n<div class=\"wp-block-query is-layout-flow wp-block-query-is-layout-flow\"><ul class=\"columns-3 wp-block-post-template is-layout-grid wp-container-core-post-template-is-layout-6d3fbd8f wp-block-post-template-is-layout-grid\"><li class=\"wp-block-post post-26810 industry_verticals type-industry_verticals status-publish hentry tax_industry-handel\">\n<h3 class=\"has-link-color wp-elements-4af0793c81d687e3f86da2bbc620c7bd wp-block-post-title has-text-color has-primary-500-color\">Talentl\u00f6sungen f\u00fcr den Einzelhandel<\/h3>\n\n<div class=\"has-link-color wp-elements-93caa28029cfc89a8a59dd5fba2d8414 wp-block-post-excerpt has-text-color has-white-color\"><p class=\"wp-block-post-excerpt__excerpt\">Talentl\u00f6sungen f\u00fcr den Einzelhandel Diejenigen, die Ihre Marke gegen\u00fcber Ihren Kundinnen und Kunden vertreten, tragen&hellip;<\/p><p class=\"wp-block-post-excerpt__more-text\"><a class=\"wp-block-post-excerpt__more-link\" href=\"https:\/\/talogy.com\/de\/loesungen\/branchen\/talentlosungen-fur-den-einzelhandel\/\">Mehr lesen<\/a><\/p><\/div>\n<\/li><li class=\"wp-block-post post-26812 industry_verticals type-industry_verticals status-publish hentry tax_industry-offentlicher-dienst\">\n<h3 class=\"has-link-color wp-elements-4af0793c81d687e3f86da2bbc620c7bd wp-block-post-title has-text-color has-primary-500-color\">Talentl\u00f6sungen f\u00fcr den \u00f6ffentlichen Sektor<\/h3>\n\n<div class=\"has-link-color wp-elements-93caa28029cfc89a8a59dd5fba2d8414 wp-block-post-excerpt has-text-color has-white-color\"><p class=\"wp-block-post-excerpt__excerpt\">Talentl\u00f6sungen f\u00fcr den \u00f6ffentlichen Sektor Die Einf\u00fchrung eines Talentmanagementprogramms kann Ihre Personalgewinnungs- und Entwicklungsprozesse vereinfachen.&hellip;<\/p><p class=\"wp-block-post-excerpt__more-text\"><a class=\"wp-block-post-excerpt__more-link\" href=\"https:\/\/talogy.com\/de\/loesungen\/branchen\/talentlosungen-fur-den-offentlichen-sektor\/\">Mehr lesen<\/a><\/p><\/div>\n<\/li><li class=\"wp-block-post post-26817 industry_verticals type-industry_verticals status-publish hentry tax_industry-automobilindustrie\">\n<h3 class=\"has-link-color wp-elements-4af0793c81d687e3f86da2bbc620c7bd wp-block-post-title has-text-color has-primary-500-color\">Talentl\u00f6sungen f\u00fcr die Automobilindustrie<\/h3>\n\n<div class=\"has-link-color wp-elements-93caa28029cfc89a8a59dd5fba2d8414 wp-block-post-excerpt has-text-color has-white-color\"><p class=\"wp-block-post-excerpt__excerpt\">Talentl\u00f6sungen f\u00fcr die Automobilindustrie Die Auswahl und F\u00f6rderung von Talenten erfordert mehr als nur Intuition.&hellip;<\/p><p class=\"wp-block-post-excerpt__more-text\"><a class=\"wp-block-post-excerpt__more-link\" href=\"https:\/\/talogy.com\/de\/loesungen\/branchen\/talentlosungen-fur-die-automobilindustrie\/\">Mehr lesen<\/a><\/p><\/div>\n<\/li><li class=\"wp-block-post post-26814 industry_verticals type-industry_verticals status-publish hentry tax_industry-produktion-de\">\n<h3 class=\"has-link-color wp-elements-4af0793c81d687e3f86da2bbc620c7bd wp-block-post-title has-text-color has-primary-500-color\">Talentl\u00f6sungen f\u00fcr die Fertigungsbranche<\/h3>\n\n<div class=\"has-link-color wp-elements-93caa28029cfc89a8a59dd5fba2d8414 wp-block-post-excerpt has-text-color has-white-color\"><p class=\"wp-block-post-excerpt__excerpt\">Talentl\u00f6sungen f\u00fcr die Fertigungsbranche Um den hohen Anforderungen in der Fertigung heutzutage gerecht zu werden,&hellip;<\/p><p class=\"wp-block-post-excerpt__more-text\"><a class=\"wp-block-post-excerpt__more-link\" href=\"https:\/\/talogy.com\/de\/loesungen\/branchen\/talentlosungen-fur-die-fertigungsbranche\/\">Mehr lesen<\/a><\/p><\/div>\n<\/li><li class=\"wp-block-post post-26819 industry_verticals type-industry_verticals status-publish hentry tax_industry-energie-versorgung\">\n<h3 class=\"has-link-color wp-elements-4af0793c81d687e3f86da2bbc620c7bd wp-block-post-title has-text-color has-primary-500-color\">Talentl\u00f6sungen f\u00fcr Energie- und Versorgungsunternehmen<\/h3>\n\n<div class=\"has-link-color wp-elements-93caa28029cfc89a8a59dd5fba2d8414 wp-block-post-excerpt has-text-color has-white-color\"><p class=\"wp-block-post-excerpt__excerpt\">Talentl\u00f6sungen f\u00fcr Energie- und Versorgungsunternehmen Finden Sie Mitarbeiter:innen f\u00fcr technisch anspruchsvolle Aufgaben. Unterst\u00fctzen Sie Ihre&hellip;<\/p><p class=\"wp-block-post-excerpt__more-text\"><a class=\"wp-block-post-excerpt__more-link\" href=\"https:\/\/talogy.com\/de\/loesungen\/branchen\/talentlosungen-fur-energie-und-versorgungsunternehmen\/\">Mehr lesen<\/a><\/p><\/div>\n<\/li><li class=\"wp-block-post post-26811 industry_verticals type-industry_verticals status-publish hentry tax_industry-fachliche-dienstleistungen\">\n<h3 class=\"has-link-color wp-elements-4af0793c81d687e3f86da2bbc620c7bd wp-block-post-title has-text-color has-primary-500-color\">Talentl\u00f6sungen f\u00fcr fachbezogene Dienstleistungen<\/h3>\n\n<div class=\"has-link-color wp-elements-93caa28029cfc89a8a59dd5fba2d8414 wp-block-post-excerpt has-text-color has-white-color\"><p class=\"wp-block-post-excerpt__excerpt\">Talentl\u00f6sungen f\u00fcr fachbezogene Dienstleistungen Wie k\u00f6nnen Sie Berater:innen finden, erkennen und halten, die Ihr Unternehmen&hellip;<\/p><p class=\"wp-block-post-excerpt__more-text\"><a class=\"wp-block-post-excerpt__more-link\" href=\"https:\/\/talogy.com\/de\/loesungen\/branchen\/talentlosungen-fur-fachbezogene-dienstleistungen\/\">Mehr lesen<\/a><\/p><\/div>\n<\/li><li class=\"wp-block-post post-26816 industry_verticals type-industry_verticals status-publish hentry tax_industry-finanz-versicherungsbranche\">\n<h3 class=\"has-link-color wp-elements-4af0793c81d687e3f86da2bbc620c7bd wp-block-post-title has-text-color has-primary-500-color\">Talentl\u00f6sungen f\u00fcr Finanzwesen und Versicherungen<\/h3>\n\n<div class=\"has-link-color wp-elements-93caa28029cfc89a8a59dd5fba2d8414 wp-block-post-excerpt has-text-color has-white-color\"><p class=\"wp-block-post-excerpt__excerpt\">Finanzwesen und VersicherungenTalentl\u00f6sungen Die richtigen Talente zu finden und zu halten, wirkt sich unmittelbar auf&hellip;<\/p><p class=\"wp-block-post-excerpt__more-text\"><a class=\"wp-block-post-excerpt__more-link\" href=\"https:\/\/talogy.com\/de\/loesungen\/branchen\/talentlosungen-fur-finanzwesen-und-versicherungen\/\">Mehr lesen<\/a><\/p><\/div>\n<\/li><\/ul>\n\n\n\n<\/div>\n<\/div>\n<\/div>\n\n\n\n<div class=\"wp-block-group alignwide has-black-background-color has-background has-global-padding is-layout-constrained wp-block-group-is-layout-constrained\" style=\"margin-top:var(--wp--preset--spacing--40);margin-bottom:var(--wp--preset--spacing--40);padding-top:0;padding-bottom:0\">\n<div class=\"wp-block-columns alignwide is-layout-flex wp-container-core-columns-is-layout-85518bf0 wp-block-columns-is-layout-flex\" style=\"margin-top:0;margin-bottom:0;padding-top:var(--wp--preset--spacing--60);padding-bottom:var(--wp--preset--spacing--60)\">\n<div class=\"wp-block-column is-layout-flow wp-block-column-is-layout-flow\">\n<h2 class=\"wp-block-heading has-primary-500-color has-text-color has-link-color has-xxl-font-size wp-elements-0fb7ec3e84782de7c3685aaade5b6b84\" id=\"form\">Setzen Sie sich mit uns in Verbindung. Wir entwickeln eine ma\u00dfgeschneiderte L\u00f6sung f\u00fcr Ihre branchenspezifischen Anforderungen.<\/h2>\n<\/div>\n\n\n\n<div class=\"wp-block-column is-vertically-aligned-top has-border-color has-white-background-color has-background is-layout-flow wp-block-column-is-layout-flow\" style=\"border-color:#A335FF;border-width:2px;border-radius:15px;padding-top:var(--wp--preset--spacing--10);padding-right:var(--wp--preset--spacing--10);padding-bottom:var(--wp--preset--spacing--10);padding-left:var(--wp--preset--spacing--10)\">\n<div class=\"wp-block-group has-white-background-color has-background has-global-padding is-layout-constrained wp-container-core-group-is-layout-b807a22d wp-block-group-is-layout-constrained\" style=\"margin-top:0;margin-bottom:0;padding-top:var(--wp--preset--spacing--40);padding-right:var(--wp--preset--spacing--40);padding-bottom:var(--wp--preset--spacing--40);padding-left:var(--wp--preset--spacing--40)\">\n<script data-ot-ignore type=\"text\/javascript\" src=\"https:\/\/js-eu1.hsforms.net\/forms\/v2.js\"><\/script>\n\n<script data-ot-ignore>\n(function() {\n    function createHubSpotForm() {\n        if (window.hbspt && window.hbspt.forms) {\n            hbspt.forms.create({\n                region: \"eu1\",\n                portalId: \"24974645\",\n                formId: \"5052dff2-3682-49ac-97d1-854520ffe71a\"\n            });\n        } else {\n            setTimeout(createHubSpotForm, 100);\n        }\n    }\n    createHubSpotForm();\n})();\n<\/script>\n<\/div>\n<\/div>\n<\/div>\n<\/div>\n","protected":false},"excerpt":{"rendered":"<p>Branchenkompetenz im Talentmanagement Dank unserer umfassenden Branchenkenntnisse im Talentmanagement verf\u00fcgen wir \u00fcber s\u00e4mtliche L\u00f6sungen, die Sie f\u00fcr intelligente Einstellungsentscheidungen, die Entwicklung von Potenzial und den Aufbau einer leistungsstarken Belegschaft ben\u00f6tigen. Wir verstehen Ihre Branche Vor welcher Herausforderung Sie auch stehen, die weltweit f\u00fchrenden Unternehmen vertrauen auf Talogys durchg\u00e4ngige L\u00f6sungen f\u00fcr Talentscreening, -auswahl und -entwicklung, die [&hellip;]<\/p>\n","protected":false},"author":9,"featured_media":0,"parent":18194,"menu_order":0,"comment_status":"closed","ping_status":"closed","template":"general-template","meta":{"footnotes":""},"class_list":["post-14186","page","type-page","status-publish","hentry"],"yoast_head":"<!-- This site is optimized with the Yoast SEO plugin v26.9 - https:\/\/yoast.com\/product\/yoast-seo-wordpress\/ -->\n<title>\u202fBranchenkompetenz im Talentmanagement<\/title>\n<meta name=\"description\" content=\"Dank unserer umfassenden Branchenkenntnisse im Talentmanagement verf\u00fcgen wir \u00fcber s\u00e4mtliche L\u00f6sungen, die Sie f\u00fcr intelligente Einstellungsentscheidungen, die Entwicklung von Potenzial und den Aufbau einer leistungsstarken Belegschaft ben\u00f6tigen.\" \/>\n<meta name=\"robots\" content=\"index, follow, max-snippet:-1, max-image-preview:large, max-video-preview:-1\" \/>\n<link rel=\"canonical\" href=\"https:\/\/talogy.com\/de\/loesungen\/branchen\/\" \/>\n<meta property=\"og:locale\" content=\"de_DE\" \/>\n<meta property=\"og:type\" content=\"article\" \/>\n<meta property=\"og:title\" content=\"\u202fBranchenkompetenz im Talentmanagement\" \/>\n<meta property=\"og:description\" content=\"Dank unserer umfassenden Branchenkenntnisse im Talentmanagement verf\u00fcgen wir \u00fcber s\u00e4mtliche L\u00f6sungen, die Sie f\u00fcr intelligente Einstellungsentscheidungen, die Entwicklung von Potenzial und den Aufbau einer leistungsstarken Belegschaft ben\u00f6tigen.\" \/>\n<meta property=\"og:url\" content=\"https:\/\/talogy.com\/de\/loesungen\/branchen\/\" \/>\n<meta property=\"og:site_name\" content=\"Talogy\" \/>\n<meta property=\"article:modified_time\" content=\"2025-10-29T19:21:19+00:00\" \/>\n<meta property=\"og:image\" content=\"https:\/\/talogy.com\/wp-content\/uploads\/2025\/04\/hero-v4-lime-background-man-orange-button-down.jpg\" \/>\n<meta name=\"twitter:card\" content=\"summary_large_image\" \/>\n<!-- \/ Yoast SEO plugin. -->","yoast_head_json":{"title":"\u202fBranchenkompetenz im Talentmanagement","description":"Dank unserer umfassenden Branchenkenntnisse im Talentmanagement verf\u00fcgen wir \u00fcber s\u00e4mtliche L\u00f6sungen, die Sie f\u00fcr intelligente Einstellungsentscheidungen, die Entwicklung von Potenzial und den Aufbau einer leistungsstarken Belegschaft ben\u00f6tigen.","robots":{"index":"index","follow":"follow","max-snippet":"max-snippet:-1","max-image-preview":"max-image-preview:large","max-video-preview":"max-video-preview:-1"},"canonical":"https:\/\/talogy.com\/de\/loesungen\/branchen\/","og_locale":"de_DE","og_type":"article","og_title":"\u202fBranchenkompetenz im Talentmanagement","og_description":"Dank unserer umfassenden Branchenkenntnisse im Talentmanagement verf\u00fcgen wir \u00fcber s\u00e4mtliche L\u00f6sungen, die Sie f\u00fcr intelligente Einstellungsentscheidungen, die Entwicklung von Potenzial und den Aufbau einer leistungsstarken Belegschaft ben\u00f6tigen.","og_url":"https:\/\/talogy.com\/de\/loesungen\/branchen\/","og_site_name":"Talogy","article_modified_time":"2025-10-29T19:21:19+00:00","og_image":[{"url":"https:\/\/talogy.com\/wp-content\/uploads\/2025\/04\/hero-v4-lime-background-man-orange-button-down.jpg","type":"","width":"","height":""}],"twitter_card":"summary_large_image","schema":{"@context":"https:\/\/schema.org","@graph":[{"@type":"WebPage","@id":"https:\/\/talogy.com\/de\/loesungen\/branchen\/","url":"https:\/\/talogy.com\/de\/loesungen\/branchen\/","name":"\u202fBranchenkompetenz im Talentmanagement","isPartOf":{"@id":"https:\/\/talogy.com\/de\/#website"},"primaryImageOfPage":{"@id":"https:\/\/talogy.com\/de\/loesungen\/branchen\/#primaryimage"},"image":{"@id":"https:\/\/talogy.com\/de\/loesungen\/branchen\/#primaryimage"},"thumbnailUrl":"https:\/\/talogy.com\/wp-content\/uploads\/2025\/04\/hero-v4-lime-background-man-orange-button-down.jpg","datePublished":"2022-02-15T13:06:10+00:00","dateModified":"2025-10-29T19:21:19+00:00","description":"Dank unserer umfassenden Branchenkenntnisse im Talentmanagement verf\u00fcgen wir \u00fcber s\u00e4mtliche L\u00f6sungen, die Sie f\u00fcr intelligente Einstellungsentscheidungen, die Entwicklung von Potenzial und den Aufbau einer leistungsstarken Belegschaft ben\u00f6tigen.","breadcrumb":{"@id":"https:\/\/talogy.com\/de\/loesungen\/branchen\/#breadcrumb"},"inLanguage":"de-DE","potentialAction":[{"@type":"ReadAction","target":["https:\/\/talogy.com\/de\/loesungen\/branchen\/"]}]},{"@type":"ImageObject","inLanguage":"de-DE","@id":"https:\/\/talogy.com\/de\/loesungen\/branchen\/#primaryimage","url":"https:\/\/talogy.com\/wp-content\/uploads\/2025\/04\/hero-v4-lime-background-man-orange-button-down.jpg","contentUrl":"https:\/\/talogy.com\/wp-content\/uploads\/2025\/04\/hero-v4-lime-background-man-orange-button-down.jpg"},{"@type":"BreadcrumbList","@id":"https:\/\/talogy.com\/de\/loesungen\/branchen\/#breadcrumb","itemListElement":[{"@type":"ListItem","position":1,"name":"Startseite","item":"https:\/\/talogy.com\/de\/"},{"@type":"ListItem","position":2,"name":"Talentmanagement-L\u00f6sungen","item":"https:\/\/talogy.com\/de\/loesungen\/"},{"@type":"ListItem","position":3,"name":"Branchenkompetenz im Talentmanagement"}]},{"@type":"WebSite","@id":"https:\/\/talogy.com\/de\/#website","url":"https:\/\/talogy.com\/de\/","name":"Talogy","description":"Talogy Website","publisher":{"@id":"https:\/\/talogy.com\/de\/#organization"},"potentialAction":[{"@type":"SearchAction","target":{"@type":"EntryPoint","urlTemplate":"https:\/\/talogy.com\/de\/?s={search_term_string}"},"query-input":{"@type":"PropertyValueSpecification","valueRequired":true,"valueName":"search_term_string"}}],"inLanguage":"de-DE"},{"@type":"Organization","@id":"https:\/\/talogy.com\/de\/#organization","name":"Talogy","url":"https:\/\/talogy.com\/de\/","logo":{"@type":"ImageObject","inLanguage":"de-DE","@id":"https:\/\/talogy.com\/de\/#\/schema\/logo\/image\/","url":"https:\/\/talogy.com\/wp-content\/uploads\/2022\/02\/logo-welcome.png","contentUrl":"https:\/\/talogy.com\/wp-content\/uploads\/2022\/02\/logo-welcome.png","width":336,"height":103,"caption":"Talogy"},"image":{"@id":"https:\/\/talogy.com\/de\/#\/schema\/logo\/image\/"},"sameAs":["https:\/\/www.linkedin.com\/company\/talogy\/"]}]}},"_links":{"self":[{"href":"https:\/\/talogy.com\/de\/wp-json\/wp\/v2\/pages\/14186","targetHints":{"allow":["GET"]}}],"collection":[{"href":"https:\/\/talogy.com\/de\/wp-json\/wp\/v2\/pages"}],"about":[{"href":"https:\/\/talogy.com\/de\/wp-json\/wp\/v2\/types\/page"}],"author":[{"embeddable":true,"href":"https:\/\/talogy.com\/de\/wp-json\/wp\/v2\/users\/9"}],"replies":[{"embeddable":true,"href":"https:\/\/talogy.com\/de\/wp-json\/wp\/v2\/comments?post=14186"}],"version-history":[{"count":4,"href":"https:\/\/talogy.com\/de\/wp-json\/wp\/v2\/pages\/14186\/revisions"}],"predecessor-version":[{"id":132080,"href":"https:\/\/talogy.com\/de\/wp-json\/wp\/v2\/pages\/14186\/revisions\/132080"}],"up":[{"embeddable":true,"href":"https:\/\/talogy.com\/de\/wp-json\/wp\/v2\/pages\/18194"}],"wp:attachment":[{"href":"https:\/\/talogy.com\/de\/wp-json\/wp\/v2\/media?parent=14186"}],"curies":[{"name":"wp","href":"https:\/\/api.w.org\/{rel}","templated":true}]}}