{"id":86929,"date":"2024-02-28T12:32:09","date_gmt":"2024-02-28T12:32:09","guid":{"rendered":"https:\/\/content-stg-talogy.pantheonsite.io\/?page_id=86929"},"modified":"2025-11-07T17:11:22","modified_gmt":"2025-11-07T17:11:22","slug":"talogys-konsulentloesninger","status":"publish","type":"page","link":"https:\/\/talogy.com\/da\/loesninger\/talogys-konsulentloesninger\/","title":{"rendered":"Konsulentydelser"},"content":{"rendered":"\n<section class=\"wp-block-group alignfull hero-variation-four has-background has-global-padding is-layout-constrained wp-container-core-group-is-layout-b8cc06b1 wp-block-group-is-layout-constrained\" style=\"background:linear-gradient(135deg,rgb(255,255,255) 0%,rgb(186,249,244) 13%,rgb(232,195,255) 59%);padding-top:var(--wp--preset--spacing--50);padding-right:var(--wp--preset--spacing--20);padding-bottom:var(--wp--preset--spacing--50);padding-left:var(--wp--preset--spacing--20)\">\n<div class=\"wp-block-columns are-vertically-aligned-top is-layout-flex wp-container-core-columns-is-layout-28f84493 wp-block-columns-is-layout-flex\">\n<div class=\"wp-block-column is-vertically-aligned-top is-layout-flow wp-block-column-is-layout-flow\">\n<div class=\"wp-block-group has-global-padding is-layout-constrained wp-container-core-group-is-layout-6a165bb8 wp-block-group-is-layout-constrained\" style=\"margin-top:0;margin-bottom:0;padding-top:0;padding-right:0;padding-bottom:0;padding-left:0\"><div class=\"yoast-breadcrumbs\"><span><span><a href=\"https:\/\/talogy.com\/da\/\">Forside<\/a><\/span> \/ <span><a href=\"https:\/\/talogy.com\/da\/loesninger\/\">Komplette vurderings- og udviklingsl\u00f8sninger<\/a><\/span> \/ <span class=\"breadcrumb_last\" aria-current=\"page\"><strong>Konsulentydelser<\/strong><\/span><\/span><\/div>\n\n\n<h1 class=\"wp-block-heading has-secondary-900-color has-text-color has-link-color has-xxxl-font-size wp-elements-d2821fdbfe8f591ec91d719f135142a0\" style=\"font-style:normal;font-weight:800\">Konsulentydelser<\/h1>\n\n\n\n<p class=\"has-secondary-900-color has-text-color has-link-color has-s-font-size wp-elements-7de9fc434eee98bd99fd43be4925dfd9\" style=\"line-height:1.5\">Med teknisk ekspertise, psykologisk indsigt og en kundefokuseret tilgang hj\u00e6lper vores konsulentydelser dig med at tr\u00e6ffe de bedst mulige beslutninger indenfor talent management.<\/p>\n\n\n\n<p class=\"has-black-color has-text-color has-link-color wp-elements-9380149836593e433ba481921dc6250c\">Her er fem m\u00e5der, vi kan hj\u00e6lpe p\u00e5. Brug dem til at udv\u00e6lge til kritiske roller, udvikle talent og inspirere til varig adf\u00e6rds\u00e6ndring i stor skala, hvor som helst i din organisation.<\/p>\n\n\n\n<div class=\"wp-block-buttons is-layout-flex wp-block-buttons-is-layout-flex\">\n<div class=\"wp-block-button\"><a class=\"wp-block-button__link wp-element-button\" href=\"#form\">F\u00e5 r\u00e5dgivning af en Talogy konsulent<\/a><\/div>\n<\/div>\n<\/div>\n<\/div>\n\n\n\n<div class=\"wp-block-column is-vertically-aligned-top is-layout-flow wp-block-column-is-layout-flow\">\n<figure class=\"wp-block-image aligncenter size-full has-custom-border\"><img decoding=\"async\" width=\"770\" height=\"578\" src=\"https:\/\/talogy.com\/wp-content\/uploads\/2025\/04\/hero-v4-purple-background-man-smiling.jpg\" alt=\"man with arms crossed smiling\" class=\"wp-image-104084\" style=\"border-radius:10px;box-shadow:var(--wp--preset--shadow--elevation-300)\" srcset=\"https:\/\/talogy.com\/wp-content\/uploads\/2025\/04\/hero-v4-purple-background-man-smiling.jpg 770w, https:\/\/talogy.com\/wp-content\/uploads\/2025\/04\/hero-v4-purple-background-man-smiling-300x225.jpg 300w, https:\/\/talogy.com\/wp-content\/uploads\/2025\/04\/hero-v4-purple-background-man-smiling-768x576.jpg 768w\" sizes=\"(max-width: 770px) 100vw, 770px\" \/><\/figure>\n<\/div>\n<\/div>\n<\/section>\n\n\n\n<section class=\"wp-block-group alignwide text-content-wrapper is-style-section-dark has-global-padding is-layout-constrained wp-block-group-is-layout-constrained is-style-section-dark--1\" style=\"padding-top:var(--wp--preset--spacing--70);padding-bottom:var(--wp--preset--spacing--70)\">\n<div class=\"wp-block-media-text alignwide is-stacked-on-mobile is-vertically-aligned-center is-image-fill-element has-primary-50-background-color has-background\" style=\"border-radius:15px;padding-top:var(--wp--preset--spacing--20);padding-right:var(--wp--preset--spacing--20);padding-bottom:var(--wp--preset--spacing--20);padding-left:var(--wp--preset--spacing--20);grid-template-columns:40% auto\"><figure class=\"wp-block-media-text__media\"><img decoding=\"async\" width=\"819\" height=\"1024\" src=\"https:\/\/talogy.com\/wp-content\/uploads\/2025\/04\/interior-vertical-orange-background-woman-gold-glasses-819x1024.jpg\" alt=\"woman wearing gold glasses\" class=\"wp-image-105514 size-full\" style=\"object-position:49% 34%\" srcset=\"https:\/\/talogy.com\/wp-content\/uploads\/2025\/04\/interior-vertical-orange-background-woman-gold-glasses-819x1024.jpg 819w, https:\/\/talogy.com\/wp-content\/uploads\/2025\/04\/interior-vertical-orange-background-woman-gold-glasses-240x300.jpg 240w, https:\/\/talogy.com\/wp-content\/uploads\/2025\/04\/interior-vertical-orange-background-woman-gold-glasses-768x960.jpg 768w, https:\/\/talogy.com\/wp-content\/uploads\/2025\/04\/interior-vertical-orange-background-woman-gold-glasses.jpg 1160w\" sizes=\"(max-width: 819px) 100vw, 819px\" \/><\/figure><div class=\"wp-block-media-text__content\">\n<h2 class=\"wp-block-heading has-primary-600-color has-text-color has-link-color wp-elements-20bbef98dd6229571a37f66d1f49fbe7\">Vurdering af lederskab og ledelse<\/h2>\n\n\n\n<p class=\"has-black-color has-text-color has-link-color wp-elements-5f59b8af0a809aec7e603734d70a1b4d\">N\u00e5r du skal tr\u00e6ffe vigtige beslutninger om dine ledertalenter, er det vigtigt at f\u00e5 en holistisk indsigt i deres motivation, styrker og udviklingsomr\u00e5der.<\/p>\n\n\n\n<p class=\"has-black-color has-text-color has-link-color wp-elements-f677c5ed74e305a0d641141fe800bc7f\">Vores leder- og chefvurderinger hj\u00e6lper dig med at g\u00f8re netop dette. Vi identificerer de kernef\u00e6rdigheder, kompetencer og egenskaber, der bedst forudsiger ledelsessucces for din organisation. Vi starter altid med at forst\u00e5 dine pr\u00e6cise m\u00e5l.<\/p>\n\n\n\n<p class=\"has-black-color has-text-color has-link-color wp-elements-b759b16dc7efc802282341fd1cdd55ca\">Med Talogys assessmentydelser f\u00e5r du:<\/p>\n\n\n\n<ul class=\"wp-block-list has-black-color has-text-color has-link-color wp-elements-6df9136abbcb5144b6ca2c5fe4d0c410\">\n<li>Erfarne assessorer med dokumenterede resultater inden for vurdering af ledere p\u00e5 alle niveauer<\/li>\n\n\n\n<li>Gennempr\u00f8vede programmer, der kombinerer onlinevurderinger med observationer, interviews og forretningskritiske rollespil for deltagere p\u00e5 seniorniveau.<\/li>\n\n\n\n<li>Dybdeg\u00e5ende data og indsigt, der hj\u00e6lper dig med at v\u00e6lge, udvikle og l\u00e6gge strategier for dine kritiske lederroller &#8211; fra First Level Manager til CEO<\/li>\n<\/ul>\n\n\n\n<div class=\"wp-block-buttons is-layout-flex wp-block-buttons-is-layout-flex\">\n<div class=\"wp-block-button\"><a class=\"wp-block-button__link wp-element-button\" href=\"#form\">Kontakt os om ledelsesevaluering<\/a><\/div>\n<\/div>\n<\/div><\/div>\n<\/section>\n\n\n\n<div class=\"wp-block-group has-border-color has-global-padding is-layout-constrained wp-container-core-group-is-layout-52009084 wp-block-group-is-layout-constrained\" style=\"border-color:#A335FF;border-width:2px;border-radius:15px;padding-top:var(--wp--preset--spacing--40);padding-right:var(--wp--preset--spacing--40);padding-bottom:var(--wp--preset--spacing--40);padding-left:var(--wp--preset--spacing--40)\">\n<h2 class=\"wp-block-heading\">Assessment centre<\/h2>\n\n\n\n<p>Assessment centre har \u00e9t m\u00e5l: at hj\u00e6lpe din organisation med at tr\u00e6ffe bedre beslutninger om talent management for dine mest kritiske roller. Det kan dreje sig om alt fra udv\u00e6lgelse og ans\u00e6ttelse til forfremmelse, intern mobilitet og organisatorisk omstrukturering.<\/p>\n\n\n\n<p>Et assessmentcenter gennemf\u00f8rt af Talogy &#8211; eller med vores st\u00f8tte &#8211; er en komplet assessmentoplevelse. Ekspertassessorer faciliterer et program med interviews, vurderinger, rollespil og meget mere for at udforske kandidaternes f\u00e6rdigheder, erfaring og personlighed. Derefter kan du finde de bedst egnede kandidater til dine specifikke talentbehov.<\/p>\n\n\n\n<p>Med Talogys assessment centre f\u00e5r du:<\/p>\n\n\n\n<ul class=\"wp-block-list\">\n<li>Dedikerede\u00a0vurderingseksperter\u00a0p\u00e5\u00a0alle\u00a0niveauer\u00a0af\u00a0rollevalg\u00a0<\/li>\n\n\n\n<li>En samarbejdsorienteret tilgang, hvor konsulenterne kommer ind til kernen af dine behov<\/li>\n\n\n\n<li>Designfleksibilitet for at sikre, at centret matcher disse behov bedst muligt<\/li>\n\n\n\n<li>Et omfattende online vurderingsbibliotek som supplement til ekspertindsigt<\/li>\n<\/ul>\n\n\n\n<div class=\"wp-block-buttons is-layout-flex wp-block-buttons-is-layout-flex\">\n<div class=\"wp-block-button\"><a class=\"wp-block-button__link wp-element-button\" href=\"#form\">Kontakt os om assessmentcentre<\/a><\/div>\n<\/div>\n<\/div>\n\n\n\n<section class=\"wp-block-group alignwide text-content-wrapper is-style-section-dark has-global-padding is-layout-constrained wp-block-group-is-layout-constrained is-style-section-dark--2\" style=\"padding-top:var(--wp--preset--spacing--70);padding-bottom:var(--wp--preset--spacing--70)\">\n<div class=\"wp-block-media-text alignwide has-media-on-the-right is-stacked-on-mobile is-vertically-aligned-center is-image-fill-element has-teal-50-background-color has-background\" style=\"border-radius:15px;padding-top:var(--wp--preset--spacing--20);padding-right:var(--wp--preset--spacing--20);padding-bottom:var(--wp--preset--spacing--20);padding-left:var(--wp--preset--spacing--20);grid-template-columns:auto 40%\"><div class=\"wp-block-media-text__content\">\n<h2 class=\"wp-block-heading has-black-color has-text-color has-link-color wp-elements-ceafc3917403b4a094856f0132499a36\">Udviklingscentre<\/h2>\n\n\n\n<p class=\"has-black-color has-text-color has-link-color wp-elements-133702a0851cb002761e899c89fcfa15\">For at f\u00e5 langsigtet succes i din organisation har folk brug for l\u00f8bende udvikling , s\u00e5 de bliver ved med at v\u00e6re effektive, n\u00e5r roller, strukturer og arbejdslandskaber \u00e6ndrer sig.<\/p>\n\n\n\n<p class=\"has-black-color has-text-color has-link-color wp-elements-b3c6ecb67eb06ee2b357f0e3ab33106d\">Vores udviklingscentre tilbyder dyb indsigt for at skabe planer, der driver langsigtet udvikling. De er skr\u00e6ddersyet til dine specifikke behov, kickstarter medarbejdernes l\u00e6ringsrejser og danner grundlag for udvikling. Brug dem til at identificere nuv\u00e6rende og fremtidige kompetencegab og til at \u00f8ge engagementet, fastholdelsen og trivslen.<\/p>\n\n\n\n<p class=\"has-black-color has-text-color has-link-color wp-elements-41963a8cab7310a93485d8189aa884ba\">Med Talogys udviklingscentre f\u00e5r du:<\/p>\n\n\n\n<ul class=\"wp-block-list has-black-color has-text-color has-link-color wp-elements-5313427fa0065973a7b83015184b199e\">\n<li>En dybere forst\u00e5else af talentet i din organisation<\/li>\n\n\n\n<li>Et holistisk billede af hver persons evner gennem vurderinger, rollespil og meget mere.<\/li>\n\n\n\n<li>Et st\u00e6rkt udgangspunkt for udvikling &#8211; hj\u00e6lper dig med at oms\u00e6tte indsigter til handlinger, der er i overensstemmelse med personlige og organisatoriske m\u00e5l<\/li>\n<\/ul>\n\n\n\n<div class=\"wp-block-buttons is-layout-flex wp-block-buttons-is-layout-flex\">\n<div class=\"wp-block-button\"><a class=\"wp-block-button__link wp-element-button\" href=\"#form\">Kontakt os om udviklingscentre<\/a><\/div>\n<\/div>\n<\/div><figure class=\"wp-block-media-text__media\"><img decoding=\"async\" width=\"819\" height=\"1024\" src=\"https:\/\/talogy.com\/wp-content\/uploads\/2025\/04\/interior-vertical-yellow-background-man-orange-button-down-819x1024.jpg\" alt=\"man wearing orange button down shirt\" class=\"wp-image-105622 size-full\" style=\"object-position:50% 50%\" srcset=\"https:\/\/talogy.com\/wp-content\/uploads\/2025\/04\/interior-vertical-yellow-background-man-orange-button-down-819x1024.jpg 819w, https:\/\/talogy.com\/wp-content\/uploads\/2025\/04\/interior-vertical-yellow-background-man-orange-button-down-240x300.jpg 240w, https:\/\/talogy.com\/wp-content\/uploads\/2025\/04\/interior-vertical-yellow-background-man-orange-button-down-768x960.jpg 768w, https:\/\/talogy.com\/wp-content\/uploads\/2025\/04\/interior-vertical-yellow-background-man-orange-button-down.jpg 1160w\" sizes=\"(max-width: 819px) 100vw, 819px\" \/><\/figure><\/div>\n<\/section>\n\n\n\n<div class=\"wp-block-group has-border-color has-global-padding is-layout-constrained wp-container-core-group-is-layout-52009084 wp-block-group-is-layout-constrained\" style=\"border-color:#A335FF;border-width:2px;border-radius:15px;padding-top:var(--wp--preset--spacing--40);padding-right:var(--wp--preset--spacing--40);padding-bottom:var(--wp--preset--spacing--40);padding-left:var(--wp--preset--spacing--40)\">\n<h2 class=\"wp-block-heading\">Udviklingsprogrammer<\/h2>\n\n\n\n<p>I takt med at arbejdslivet bliver ved med at \u00e6ndre sig, \u00e6ndrer organisationernes udviklingsbehov sig ogs\u00e5.<\/p>\n\n\n\n<p>Vores programmer er i fuld overensstemmelse med de aktuelle forandringer &#8211; og forudser de n\u00e6ste. Med vores store erfaring og egen forskning i tendenserne inden for HR og ledelse opbygger Talogy programmer, der hj\u00e6lper dig med effektivt at udvikle, opkvalificere og engagere dine medarbejdere.<\/p>\n\n\n\n<p>Med Talogys udviklingsprogrammer f\u00e5r du:<\/p>\n\n\n\n<ul class=\"wp-block-list\">\n<li>Skr\u00e6ddersyede programmer til dine teams og ledere<\/li>\n\n\n\n<li>Workshops, selvstyret l\u00e6ring, mentoring og coaching<\/li>\n\n\n\n<li>Uddybe selvbevidstheden og skabe fokus p\u00e5 udvikling med udgangspunkt i personlighedsprofil og personvurdering<\/li>\n<\/ul>\n\n\n\n<div class=\"wp-block-buttons is-layout-flex wp-block-buttons-is-layout-flex\">\n<div class=\"wp-block-button\"><a class=\"wp-block-button__link wp-element-button\" href=\"#form\">Kontakt os om udviklingsprogrammer<\/a><\/div>\n<\/div>\n<\/div>\n\n\n\n<section class=\"wp-block-group alignwide text-content-wrapper is-style-section-dark has-global-padding is-layout-constrained wp-block-group-is-layout-constrained is-style-section-dark--3\" style=\"padding-top:var(--wp--preset--spacing--70);padding-bottom:var(--wp--preset--spacing--70)\">\n<div class=\"wp-block-media-text alignwide is-stacked-on-mobile is-vertically-aligned-center is-image-fill-element has-primary-50-background-color has-background\" style=\"border-radius:15px;padding-top:var(--wp--preset--spacing--20);padding-right:var(--wp--preset--spacing--20);padding-bottom:var(--wp--preset--spacing--20);padding-left:var(--wp--preset--spacing--20);grid-template-columns:40% auto\"><figure class=\"wp-block-media-text__media\"><img decoding=\"async\" width=\"819\" height=\"1024\" src=\"https:\/\/talogy.com\/wp-content\/uploads\/2025\/04\/interior-vertical-lime-background-man-grey-quarter-button-819x1024.jpg\" alt=\"man wearing a grey quarter button down\" class=\"wp-image-105362 size-full\" style=\"object-position:50% 50%\" srcset=\"https:\/\/talogy.com\/wp-content\/uploads\/2025\/04\/interior-vertical-lime-background-man-grey-quarter-button-819x1024.jpg 819w, https:\/\/talogy.com\/wp-content\/uploads\/2025\/04\/interior-vertical-lime-background-man-grey-quarter-button-240x300.jpg 240w, https:\/\/talogy.com\/wp-content\/uploads\/2025\/04\/interior-vertical-lime-background-man-grey-quarter-button-768x960.jpg 768w, https:\/\/talogy.com\/wp-content\/uploads\/2025\/04\/interior-vertical-lime-background-man-grey-quarter-button.jpg 1160w\" sizes=\"(max-width: 819px) 100vw, 819px\" \/><\/figure><div class=\"wp-block-media-text__content\">\n<h2 class=\"wp-block-heading has-primary-600-color has-text-color has-link-color wp-elements-97e6042d9b9df1ae4007e48538bd0f18\">Coaching<\/h2>\n\n\n\n<p class=\"has-black-color has-text-color has-link-color wp-elements-510763da90c0aa9554ee71f546e64a83\">Talogys erfarne coaches kombinerer psykologi, neurovidenskab og filosofisk indsigt i en integreret coachingtilgang med fokus p\u00e5 at afd\u00e6kke potentiale. Denne tilgang har en positiv indvirkning p\u00e5 pr\u00e6stationer, form\u00e5l og samh\u00f8righed hos enkeltpersoner, teams, grupper &#8211; og organisationen.<\/p>\n\n\n\n<p class=\"has-black-color has-text-color has-link-color wp-elements-50ac4540da1f3fece687842b2f0088fe\">Med Talogys coaching f\u00e5r du:<\/p>\n\n\n\n<ul class=\"wp-block-list\">\n<li class=\"has-black-color has-text-color has-link-color wp-elements-f08ebc9584765a0acd9f31d94892bff9\">Guidet l\u00e6ring fra coaching-eksperter for at hj\u00e6lpe med selvudvikling og v\u00e6kst<\/li>\n\n\n\n<li class=\"has-black-color has-text-color has-link-color wp-elements-a5f1bd8c7a7b83b6b534660f7ff16495\">St\u00e6rkt fokus p\u00e5 selvbevidsthed og identitet &#8211; kernen i transformationscoaching<\/li>\n<\/ul>\n\n\n\n<div class=\"wp-block-buttons is-layout-flex wp-block-buttons-is-layout-flex\">\n<div class=\"wp-block-button\"><a class=\"wp-block-button__link wp-element-button\" href=\"#form\">Kontakt os om coaching<\/a><\/div>\n<\/div>\n\n\n\n<h3 class=\"wp-block-heading has-primary-600-color has-text-color has-link-color wp-elements-30265b6f6581854ba47246fa672fe7b1\">Forskningsbaserede l\u00f8sninger til ledelse<\/h3>\n\n\n\n<p class=\"has-black-color has-text-color has-link-color wp-elements-592b0440d6f3bbeda940e6b09274cba6\">Se Talogy InView\u2122 Leadership som bidrag til vurdering og udvikling af lederskab fra start til slut.<\/p>\n\n\n\n<p class=\"has-black-color has-text-color has-link-color wp-elements-8db956985dcdcbcfecc25ce71d2cc23b\">Baseret p\u00e5 den seneste ledelsesforskning fra Talogy tilbyder InView integrerede l\u00f8sninger, der hj\u00e6lper ledere med at trives og lykkes i det stadigt skiftende arbejdslandskab. Det sker gennem assessment, 360-feedback og udviklingsprogrammer, der er bygget op omkring den robuste, fremtidssikrede InView-ramme.<\/p>\n<\/div><\/div>\n<\/section>\n\n\n\n<div class=\"wp-block-group alignwide has-black-background-color has-background has-global-padding is-layout-constrained wp-block-group-is-layout-constrained\" style=\"margin-top:var(--wp--preset--spacing--40);margin-bottom:var(--wp--preset--spacing--40);padding-top:0;padding-bottom:0\">\n<div class=\"wp-block-columns alignwide is-layout-flex wp-container-core-columns-is-layout-85518bf0 wp-block-columns-is-layout-flex\" style=\"margin-top:0;margin-bottom:0;padding-top:var(--wp--preset--spacing--60);padding-bottom:var(--wp--preset--spacing--60)\">\n<div class=\"wp-block-column is-layout-flow wp-block-column-is-layout-flow\">\n<h2 class=\"wp-block-heading has-primary-500-color has-text-color has-link-color has-xxl-font-size wp-elements-739168bf3c41c6c47a7f779b503c994e\" id=\"form\">Vil du vide mere om vores konsulentydelser?<\/h2>\n\n\n\n<p>Tal med vores eksperter i dag<\/p>\n<\/div>\n\n\n\n<div class=\"wp-block-column is-vertically-aligned-top has-border-color has-white-background-color has-background is-layout-flow wp-block-column-is-layout-flow\" style=\"border-color:#A335FF;border-width:2px;border-radius:15px;padding-top:var(--wp--preset--spacing--10);padding-right:var(--wp--preset--spacing--10);padding-bottom:var(--wp--preset--spacing--10);padding-left:var(--wp--preset--spacing--10)\">\n<div class=\"wp-block-group has-white-background-color has-background has-global-padding is-layout-constrained wp-container-core-group-is-layout-b807a22d wp-block-group-is-layout-constrained\" style=\"margin-top:0;margin-bottom:0;padding-top:var(--wp--preset--spacing--40);padding-right:var(--wp--preset--spacing--40);padding-bottom:var(--wp--preset--spacing--40);padding-left:var(--wp--preset--spacing--40)\">\n<script data-ot-ignore type=\"text\/javascript\" src=\"https:\/\/js-eu1.hsforms.net\/forms\/v2.js\"><\/script>\n\n<script data-ot-ignore>\n(function() {\n    function createHubSpotForm() {\n        if (window.hbspt && window.hbspt.forms) {\n            hbspt.forms.create({\n                region: \"eu1\",\n                portalId: \"24974645\",\n                formId: \"3fc0693b-6771-44d2-9bf9-2f20ead95865\"\n            });\n        } else {\n            setTimeout(createHubSpotForm, 100);\n        }\n    }\n    createHubSpotForm();\n})();\n<\/script>\n<\/div>\n<\/div>\n<\/div>\n<\/div>\n","protected":false},"excerpt":{"rendered":"<p>Konsulentydelser Med teknisk ekspertise, psykologisk indsigt og en kundefokuseret tilgang hj\u00e6lper vores konsulentydelser dig med at tr\u00e6ffe de bedst mulige beslutninger indenfor talent management. Her er fem m\u00e5der, vi kan hj\u00e6lpe p\u00e5. Brug dem til at udv\u00e6lge til kritiske roller, udvikle talent og inspirere til varig adf\u00e6rds\u00e6ndring i stor skala, hvor som helst i din [&hellip;]<\/p>\n","protected":false},"author":18,"featured_media":0,"parent":14356,"menu_order":0,"comment_status":"closed","ping_status":"closed","template":"general-template","meta":{"footnotes":""},"class_list":["post-86929","page","type-page","status-publish","hentry"],"yoast_head":"<!-- This site is optimized with the Yoast SEO plugin v27.2 - https:\/\/yoast.com\/product\/yoast-seo-wordpress\/ -->\n<title>Konsulentydelser<\/title>\n<meta name=\"description\" content=\"Konsulentydelser Med teknisk ekspertise, psykologisk indsigt og en kundefokuseret tilgang hj\u00e6lper vores konsulentydelser dig med at tr\u00e6ffe de bedst mulige\" \/>\n<meta name=\"robots\" content=\"index, follow, max-snippet:-1, max-image-preview:large, max-video-preview:-1\" \/>\n<link rel=\"canonical\" href=\"https:\/\/talogy.com\/da\/loesninger\/talogys-konsulentloesninger\/\" \/>\n<meta property=\"og:locale\" content=\"da_DK\" \/>\n<meta property=\"og:type\" content=\"article\" \/>\n<meta property=\"og:title\" content=\"Konsulentydelser\" \/>\n<meta property=\"og:description\" content=\"Konsulentydelser Med teknisk ekspertise, psykologisk indsigt og en kundefokuseret tilgang hj\u00e6lper vores konsulentydelser dig med at tr\u00e6ffe de bedst mulige\" \/>\n<meta property=\"og:url\" content=\"https:\/\/talogy.com\/da\/loesninger\/talogys-konsulentloesninger\/\" \/>\n<meta property=\"og:site_name\" content=\"Talogy\" \/>\n<meta property=\"article:modified_time\" content=\"2025-11-07T17:11:22+00:00\" \/>\n<meta property=\"og:image\" content=\"https:\/\/talogy.com\/wp-content\/uploads\/2025\/04\/hero-v4-purple-background-man-smiling.jpg\" \/>\n<meta name=\"twitter:card\" content=\"summary_large_image\" \/>\n<!-- \/ Yoast SEO plugin. -->","yoast_head_json":{"title":"Konsulentydelser","description":"Konsulentydelser Med teknisk ekspertise, psykologisk indsigt og en kundefokuseret tilgang hj\u00e6lper vores konsulentydelser dig med at tr\u00e6ffe de bedst mulige","robots":{"index":"index","follow":"follow","max-snippet":"max-snippet:-1","max-image-preview":"max-image-preview:large","max-video-preview":"max-video-preview:-1"},"canonical":"https:\/\/talogy.com\/da\/loesninger\/talogys-konsulentloesninger\/","og_locale":"da_DK","og_type":"article","og_title":"Konsulentydelser","og_description":"Konsulentydelser Med teknisk ekspertise, psykologisk indsigt og en kundefokuseret tilgang hj\u00e6lper vores konsulentydelser dig med at tr\u00e6ffe de bedst mulige","og_url":"https:\/\/talogy.com\/da\/loesninger\/talogys-konsulentloesninger\/","og_site_name":"Talogy","article_modified_time":"2025-11-07T17:11:22+00:00","og_image":[{"url":"https:\/\/talogy.com\/wp-content\/uploads\/2025\/04\/hero-v4-purple-background-man-smiling.jpg","type":"","width":"","height":""}],"twitter_card":"summary_large_image","schema":{"@context":"https:\/\/schema.org","@graph":[{"@type":"WebPage","@id":"https:\/\/talogy.com\/da\/loesninger\/talogys-konsulentloesninger\/","url":"https:\/\/talogy.com\/da\/loesninger\/talogys-konsulentloesninger\/","name":"Konsulentydelser","isPartOf":{"@id":"https:\/\/talogy.com\/da\/#website"},"primaryImageOfPage":{"@id":"https:\/\/talogy.com\/da\/loesninger\/talogys-konsulentloesninger\/#primaryimage"},"image":{"@id":"https:\/\/talogy.com\/da\/loesninger\/talogys-konsulentloesninger\/#primaryimage"},"thumbnailUrl":"https:\/\/talogy.com\/wp-content\/uploads\/2025\/04\/hero-v4-purple-background-man-smiling.jpg","datePublished":"2024-02-28T12:32:09+00:00","dateModified":"2025-11-07T17:11:22+00:00","description":"Konsulentydelser Med teknisk ekspertise, psykologisk indsigt og en kundefokuseret tilgang hj\u00e6lper vores konsulentydelser dig med at tr\u00e6ffe de bedst mulige","breadcrumb":{"@id":"https:\/\/talogy.com\/da\/loesninger\/talogys-konsulentloesninger\/#breadcrumb"},"inLanguage":"da-DK","potentialAction":[{"@type":"ReadAction","target":["https:\/\/talogy.com\/da\/loesninger\/talogys-konsulentloesninger\/"]}]},{"@type":"ImageObject","inLanguage":"da-DK","@id":"https:\/\/talogy.com\/da\/loesninger\/talogys-konsulentloesninger\/#primaryimage","url":"https:\/\/talogy.com\/wp-content\/uploads\/2025\/04\/hero-v4-purple-background-man-smiling.jpg","contentUrl":"https:\/\/talogy.com\/wp-content\/uploads\/2025\/04\/hero-v4-purple-background-man-smiling.jpg"},{"@type":"BreadcrumbList","@id":"https:\/\/talogy.com\/da\/loesninger\/talogys-konsulentloesninger\/#breadcrumb","itemListElement":[{"@type":"ListItem","position":1,"name":"Forside","item":"https:\/\/talogy.com\/da\/"},{"@type":"ListItem","position":2,"name":"Komplette vurderings- og udviklingsl\u00f8sninger","item":"https:\/\/talogy.com\/da\/loesninger\/"},{"@type":"ListItem","position":3,"name":"Konsulentydelser"}]},{"@type":"WebSite","@id":"https:\/\/talogy.com\/da\/#website","url":"https:\/\/talogy.com\/da\/","name":"Talogy","description":"Talogy Website","publisher":{"@id":"https:\/\/talogy.com\/da\/#organization"},"potentialAction":[{"@type":"SearchAction","target":{"@type":"EntryPoint","urlTemplate":"https:\/\/talogy.com\/da\/?s={search_term_string}"},"query-input":{"@type":"PropertyValueSpecification","valueRequired":true,"valueName":"search_term_string"}}],"inLanguage":"da-DK"},{"@type":"Organization","@id":"https:\/\/talogy.com\/da\/#organization","name":"Talogy","url":"https:\/\/talogy.com\/da\/","logo":{"@type":"ImageObject","inLanguage":"da-DK","@id":"https:\/\/talogy.com\/da\/#\/schema\/logo\/image\/","url":"https:\/\/talogy.com\/wp-content\/uploads\/2022\/02\/logo-welcome.png","contentUrl":"https:\/\/talogy.com\/wp-content\/uploads\/2022\/02\/logo-welcome.png","width":336,"height":103,"caption":"Talogy"},"image":{"@id":"https:\/\/talogy.com\/da\/#\/schema\/logo\/image\/"},"sameAs":["https:\/\/www.linkedin.com\/company\/talogy\/"]}]}},"_links":{"self":[{"href":"https:\/\/talogy.com\/da\/wp-json\/wp\/v2\/pages\/86929","targetHints":{"allow":["GET"]}}],"collection":[{"href":"https:\/\/talogy.com\/da\/wp-json\/wp\/v2\/pages"}],"about":[{"href":"https:\/\/talogy.com\/da\/wp-json\/wp\/v2\/types\/page"}],"author":[{"embeddable":true,"href":"https:\/\/talogy.com\/da\/wp-json\/wp\/v2\/users\/18"}],"replies":[{"embeddable":true,"href":"https:\/\/talogy.com\/da\/wp-json\/wp\/v2\/comments?post=86929"}],"version-history":[{"count":6,"href":"https:\/\/talogy.com\/da\/wp-json\/wp\/v2\/pages\/86929\/revisions"}],"predecessor-version":[{"id":133690,"href":"https:\/\/talogy.com\/da\/wp-json\/wp\/v2\/pages\/86929\/revisions\/133690"}],"up":[{"embeddable":true,"href":"https:\/\/talogy.com\/da\/wp-json\/wp\/v2\/pages\/14356"}],"wp:attachment":[{"href":"https:\/\/talogy.com\/da\/wp-json\/wp\/v2\/media?parent=86929"}],"curies":[{"name":"wp","href":"https:\/\/api.w.org\/{rel}","templated":true}]}}